{"id":25940,"date":"2023-05-17T12:34:31","date_gmt":"2023-05-17T12:34:31","guid":{"rendered":"https:\/\/www.tornum.com\/product\/dust-container\/"},"modified":"2025-07-30T10:21:31","modified_gmt":"2025-07-30T10:21:31","slug":"polysiilo","status":"publish","type":"product","link":"https:\/\/www.tornum.com\/fi\/tuote\/polysiilo\/","title":{"rendered":"P\u00d6LYSIILO"},"content":{"rendered":"<div class=\"wpb-content-wrapper\"><p>[vc_row][vc_column width=&#8221;2\/3&#8243;][vc_column_text]TORNUM\u2019in p\u00f6lysiiloa k\u00e4ytet\u00e4\u00e4n lajitteluj\u00e4tteen, p\u00f6lyn ja akanoiden, roskien jne. ker\u00e4\u00e4miseen. S\u00e4ili\u00f6 on helppo siirt\u00e4\u00e4 traktorin etukuormaajalla. Edess\u00e4 oleva suuri luukku mahdollistaa helpon p\u00f6lyn tyhjennyksen ja siilon puhdistuksen.[\/vc_column_text][\/vc_column][vc_column width=&#8221;1\/3&#8243;][vc_column_text]<strong>Kuormaajan kiinnike:<\/strong><\/p>\n<ul>\n<li>Euro<\/li>\n<li>Iso BM<\/li>\n<li>Pikku BM<\/li>\n<li>Trima<\/li>\n<li>JCB Q-fit<\/li>\n<li>Zettelmeyer<\/li>\n<li>Muut kiinnikkeet tilattavissa<\/li>\n<\/ul>\n<p>[\/vc_column_text][\/vc_column][\/vc_row]<\/p>\n<\/div>","protected":false},"excerpt":{"rendered":"<p>Tornumin p\u00f6lysiilo on ymp\u00e4rist\u00f6yst\u00e4v\u00e4llinen ratkaisu lajittelijoiden p\u00f6lyn ja viljaj\u00e4tteen k\u00e4sittelyyn. P\u00f6lyp\u00e4\u00e4st\u00f6t on v\u00e4hennetty minimiin, nopeasti liitett\u00e4v\u00e4 kansi tyhjennyst\u00e4 varten sek\u00e4 lis\u00e4laitteet kuormaink\u00e4yt\u00f6n tarpeisiin.<\/p>\n","protected":false},"featured_media":25044,"comment_status":"open","ping_status":"closed","template":"","meta":{"_acf_changed":false},"product_brand":[],"product_cat":[636,650,651],"product_tag":[672,655,653,684],"class_list":{"0":"post-25940","1":"product","2":"type-product","3":"status-publish","4":"has-post-thumbnail","6":"product_cat-all-products-fi","7":"product_cat-material-handling-fi","8":"product_cat-dust-separation-fi","9":"product_tag-cleaning-fi","10":"product_tag-dust-fi","11":"product_tag-separation-fi","12":"product_tag-storage-fi","13":"description-off","15":"first","16":"instock","17":"shipping-taxable","18":"product-type-simple"},"acf":[],"_links":{"self":[{"href":"https:\/\/www.tornum.com\/fi\/wp-json\/wp\/v2\/product\/25940","targetHints":{"allow":["GET"]}}],"collection":[{"href":"https:\/\/www.tornum.com\/fi\/wp-json\/wp\/v2\/product"}],"about":[{"href":"https:\/\/www.tornum.com\/fi\/wp-json\/wp\/v2\/types\/product"}],"replies":[{"embeddable":true,"href":"https:\/\/www.tornum.com\/fi\/wp-json\/wp\/v2\/comments?post=25940"}],"version-history":[{"count":2,"href":"https:\/\/www.tornum.com\/fi\/wp-json\/wp\/v2\/product\/25940\/revisions"}],"predecessor-version":[{"id":25949,"href":"https:\/\/www.tornum.com\/fi\/wp-json\/wp\/v2\/product\/25940\/revisions\/25949"}],"wp:featuredmedia":[{"embeddable":true,"href":"https:\/\/www.tornum.com\/fi\/wp-json\/wp\/v2\/media\/25044"}],"wp:attachment":[{"href":"https:\/\/www.tornum.com\/fi\/wp-json\/wp\/v2\/media?parent=25940"}],"wp:term":[{"taxonomy":"product_brand","embeddable":true,"href":"https:\/\/www.tornum.com\/fi\/wp-json\/wp\/v2\/product_brand?post=25940"},{"taxonomy":"product_cat","embeddable":true,"href":"https:\/\/www.tornum.com\/fi\/wp-json\/wp\/v2\/product_cat?post=25940"},{"taxonomy":"product_tag","embeddable":true,"href":"https:\/\/www.tornum.com\/fi\/wp-json\/wp\/v2\/product_tag?post=25940"}],"curies":[{"name":"wp","href":"https:\/\/api.w.org\/{rel}","templated":true}]}}