{"id":25941,"date":"2023-05-04T12:43:42","date_gmt":"2023-05-04T12:43:42","guid":{"rendered":"https:\/\/www.tornum.com\/product\/feed-bin-ft\/"},"modified":"2025-07-30T10:34:03","modified_gmt":"2025-07-30T10:34:03","slug":"ft-rehusiilot","status":"publish","type":"product","link":"https:\/\/www.tornum.com\/fi\/tuote\/ft-rehusiilot\/","title":{"rendered":"FT REHUSIILOT"},"content":{"rendered":"<div class=\"wpb-content-wrapper\"><p>[vc_row gap=&#8221;35&#8243;][vc_column width=&#8221;2\/3&#8243;][vc_column_text]Rehusiilo viljan, tiivisteiden ja murskatun tai jauhetun rehun varastointiin.<br \/>\nTornumin FT-rehusiilon avulla voit sekoittaa ostorehua ja itse viljelty\u00e4 viljaa. Rehusiilo on rakennettu nelj\u00e4n profiiliputkijalan varaan. Elementtikerroksia voidaan lis\u00e4t\u00e4 halutun tilavuuden saavuttamiseksi jopa 6 elementtikerrokseen saakka.[\/vc_column_text][\/vc_column][vc_column width=&#8221;1\/3&#8243;][vc_column_text]<strong>OMINAISUUDET<\/strong><br \/>\n\u2022 Kartio ja elementit kuumasinkityst\u00e4 ter\u00e4ksest\u00e4<br \/>\n\u2022 Kaikki kartioon asennetut osat ovat korkeudeltaan 505 mm, Tornumin moduulij\u00e4rjestelm\u00e4n mukaan<br \/>\n\u2022 Kaikissa osissa on ruuviliitokset kokoamisen ja asennuksen helpottamiseksi<br \/>\n\u2022 Purkuaukko on 300 x 300 mm<br \/>\n\u2022 60\u00b0 tyhjennyskulma<br \/>\n\u2022 Voidaan rakentaa k\u00e4ytt\u00e4m\u00e4ll\u00e4 1-6 elementtikerrosta<br \/>\n\u2022 Saatavana 6 eri kokoa 1 x 1 metrist\u00e4 3 x 3 metriin<\/p>\n<p><strong>LIS\u00c4VARUSTEET<\/strong><br \/>\n\u2022 Tarkastusluukku turvaristikolla, lattiaan asennettu<br \/>\n\u2022 Sulkija<br \/>\n\u2022 T\u00e4ytt\u00f6putki<br \/>\n\u2022 Sykloni[\/vc_column_text][\/vc_column][\/vc_row]<\/p>\n<\/div>","protected":false},"excerpt":{"rendered":"<p>Tornumin FT-rehusiilo on suunniteltu viljan, tiivisteiden ja murskatun tai jauhetun rehun varastointiin. Siilo on moduulirakenteinen, joka mahdollistaa jopa 6 elementtikerrosta tilavuustarpeen mukaan.<\/p>\n","protected":false},"featured_media":25052,"comment_status":"open","ping_status":"closed","template":"","meta":{"_acf_changed":false},"product_brand":[],"product_cat":[636,654,643,681,697],"product_tag":[668,686,642,684],"class_list":{"0":"post-25941","1":"product","2":"type-product","3":"status-publish","4":"has-post-thumbnail","6":"product_cat-all-products-fi","7":"product_cat-feed-fi","8":"product_cat-food-2-fi","9":"product_cat-storage-fi","10":"product_cat-feed-bin-fi","11":"product_tag-bin-fi","12":"product_tag-building-fi","13":"product_tag-silo-fi","14":"product_tag-storage-fi","15":"description-off","17":"first","18":"instock","19":"shipping-taxable","20":"product-type-simple"},"acf":[],"_links":{"self":[{"href":"https:\/\/www.tornum.com\/fi\/wp-json\/wp\/v2\/product\/25941","targetHints":{"allow":["GET"]}}],"collection":[{"href":"https:\/\/www.tornum.com\/fi\/wp-json\/wp\/v2\/product"}],"about":[{"href":"https:\/\/www.tornum.com\/fi\/wp-json\/wp\/v2\/types\/product"}],"replies":[{"embeddable":true,"href":"https:\/\/www.tornum.com\/fi\/wp-json\/wp\/v2\/comments?post=25941"}],"version-history":[{"count":2,"href":"https:\/\/www.tornum.com\/fi\/wp-json\/wp\/v2\/product\/25941\/revisions"}],"predecessor-version":[{"id":25951,"href":"https:\/\/www.tornum.com\/fi\/wp-json\/wp\/v2\/product\/25941\/revisions\/25951"}],"wp:featuredmedia":[{"embeddable":true,"href":"https:\/\/www.tornum.com\/fi\/wp-json\/wp\/v2\/media\/25052"}],"wp:attachment":[{"href":"https:\/\/www.tornum.com\/fi\/wp-json\/wp\/v2\/media?parent=25941"}],"wp:term":[{"taxonomy":"product_brand","embeddable":true,"href":"https:\/\/www.tornum.com\/fi\/wp-json\/wp\/v2\/product_brand?post=25941"},{"taxonomy":"product_cat","embeddable":true,"href":"https:\/\/www.tornum.com\/fi\/wp-json\/wp\/v2\/product_cat?post=25941"},{"taxonomy":"product_tag","embeddable":true,"href":"https:\/\/www.tornum.com\/fi\/wp-json\/wp\/v2\/product_tag?post=25941"}],"curies":[{"name":"wp","href":"https:\/\/api.w.org\/{rel}","templated":true}]}}