{"id":25942,"date":"2023-03-23T18:48:14","date_gmt":"2023-03-23T18:48:14","guid":{"rendered":"https:\/\/www.tornum.com\/product\/grain-cooler\/"},"modified":"2026-04-22T09:36:58","modified_gmt":"2026-04-22T09:36:58","slug":"viljan-jaahdytin","status":"publish","type":"product","link":"https:\/\/www.tornum.com\/fi\/tuote\/viljan-jaahdytin\/","title":{"rendered":"GRAIN COOLER"},"content":{"rendered":"<div class=\"wpb-content-wrapper\"><p>[vc_row gap=&#8221;35&#8243;][vc_column width=&#8221;2\/3&#8243;][vc_column_text css=&#8221;&#8221;]<\/p>\n<p data-start=\"0\" data-end=\"209\">Joustavia ratkaisuja kaikkiin tarpeisiin<br data-start=\"36\" data-end=\"39\" \/>Tornum Viljanj\u00e4\u00e4hdyttimi\u00e4 on saatavilla useissa eri kokoluokissa \u2013 maatilak\u00e4ytt\u00f6\u00f6n tarkoitetuista j\u00e4rjestelmist\u00e4 aina suurempiin teollisiin kokonaisuuksiin. Laitteet on suunniteltu helppoa asennusta ja kuljetusta varten.<\/p>\n<p data-start=\"0\" data-end=\"142\">Luotettava rakenne<br data-start=\"19\" data-end=\"22\" \/>Luotettavaa ja pitk\u00e4aikaista k\u00e4ytt\u00f6\u00e4 varten j\u00e4rjestelm\u00e4 on suunniteltu kest\u00e4vyytt\u00e4, laatua ja pitk\u00e4ik\u00e4ist\u00e4 teknologiaa painottaen:<\/p>\n<ul data-start=\"144\" data-end=\"415\">\n<li data-section-id=\"f15xuo\" data-start=\"144\" data-end=\"215\">Automaattinen sulatus kuumakaasulla (kompressorik\u00e4yt\u00f6n aikana)<\/li>\n<li data-section-id=\"7ifkcr\" data-start=\"216\" data-end=\"261\">Kest\u00e4v\u00e4 ja luotettava kompressoritekniikka<\/li>\n<li data-section-id=\"1hc95yn\" data-start=\"262\" data-end=\"338\">Ymp\u00e4rist\u00f6yst\u00e4v\u00e4llinen kylm\u00e4aine (R1234ze), jolla on eritt\u00e4in alhainen GWP-arvo<\/li>\n<li data-section-id=\"zggqbr\" data-start=\"339\" data-end=\"415\">Korkealaatuiset komponentit maksimaalista k\u00e4ytt\u00f6ik\u00e4\u00e4 ja v\u00e4h\u00e4ist\u00e4 huoltotarvetta varten<\/li>\n<\/ul>\n<p data-start=\"417\" data-end=\"610\">Alhainen GWP-arvo tarkoittaa merkitt\u00e4v\u00e4sti pienemp\u00e4\u00e4 ilmastovaikutusta verrattuna perinteisiin kylm\u00e4aineisiin, mik\u00e4 tekee j\u00e4rjestelm\u00e4st\u00e4 tulevaisuuden vaatimukset t\u00e4ytt\u00e4v\u00e4n valinnan sek\u00e4 ymp\u00e4rist\u00f6n ett\u00e4 s\u00e4\u00e4ntelyn n\u00e4k\u00f6kulmasta.<\/p>\n<p data-start=\"612\" data-end=\"722\" data-is-last-node=\"\" data-is-only-node=\"\">Suunnittelu on kehitetty takaamaan tasainen suorituskyky pitk\u00e4ll\u00e4 aikav\u00e4lill\u00e4 sek\u00e4 varmistamaan turvallinen ja kest\u00e4v\u00e4 viljavarastointi.<\/p>\n<p data-start=\"0\" data-end=\"86\">Edistynyt ilman k\u00e4sittely<br data-start=\"26\" data-end=\"29\" \/>J\u00e4\u00e4hdytysprosessissa k\u00e4ytett\u00e4v\u00e4 ilma k\u00e4sitell\u00e4\u00e4n huolellisesti:<\/p>\n<ul data-start=\"88\" data-end=\"367\">\n<li data-section-id=\"14zq6un\" data-start=\"88\" data-end=\"148\">Tehokkaat radiaalipuhaltimet (keskipakopuhaltimet) tasaisen ilmavirran varmistamiseksi<\/li>\n<li data-section-id=\"1yyvp8x\" data-start=\"149\" data-end=\"200\">Mahdollisuus korkeapainepuhaltimiin tietyiss\u00e4 malleissa<\/li>\n<li data-section-id=\"kf40km\" data-start=\"201\" data-end=\"255\">L\u00e4mm\u00f6nvaihdin, jossa on kupariputket ja alumiinilamellit<\/li>\n<li data-section-id=\"1uqfpz7\" data-start=\"256\" data-end=\"308\">Integroitu kosteudenpoisto kondensaation avulla<\/li>\n<li data-section-id=\"zrqfkp\" data-start=\"309\" data-end=\"367\">Pest\u00e4v\u00e4t suodattimet, joita ei yleens\u00e4 tarvitse vaihtaa<\/li>\n<\/ul>\n<p data-start=\"369\" data-end=\"472\" data-is-last-node=\"\" data-is-only-node=\"\">J\u00e4\u00e4hdytetty ilma johdetaan viljamassan l\u00e4pi kanaviston kautta siilossa tai varastotilassa.<\/p>\n<p data-start=\"0\" data-end=\"88\">T\u00e4ysi hallinta ja seuranta<br data-start=\"31\" data-end=\"34\" \/>J\u00e4rjestelm\u00e4 on varustettu modernilla ohjaustekniikalla:<\/p>\n<ul data-start=\"90\" data-end=\"289\">\n<li data-section-id=\"8t8xn9\" data-start=\"90\" data-end=\"168\">PLC-ohjaus (Siemens CHARLY-malleissa, Allen-Bradley TURBOGRAIN-malleissa)<\/li>\n<li data-section-id=\"1s7ha7z\" data-start=\"169\" data-end=\"208\">K\u00e4ytt\u00e4j\u00e4yst\u00e4v\u00e4llinen kosketusn\u00e4ytt\u00f6liittym\u00e4<\/li>\n<li data-section-id=\"jj5apc\" data-start=\"209\" data-end=\"237\">Taajuusmuuttajaohjatut puhaltimet<\/li>\n<li data-section-id=\"1e1y7tp\" data-start=\"238\" data-end=\"289\">Et\u00e4ohjausmahdollisuus Ethernetin tai Wi-Fi:n kautta (lis\u00e4varuste)<\/li>\n<\/ul>\n<p data-start=\"291\" data-end=\"342\">K\u00e4ytt\u00f6tietoja tallennetaan jatkuvasti, mukaan lukien:<\/p>\n<ul data-start=\"344\" data-end=\"428\" data-is-last-node=\"\" data-is-only-node=\"\">\n<li data-section-id=\"1uwsinq\" data-start=\"344\" data-end=\"372\">L\u00e4mp\u00f6tila ja ilmankosteus<\/li>\n<li data-section-id=\"1s6o0vc\" data-start=\"373\" data-end=\"392\">J\u00e4rjestelm\u00e4n paine<\/li>\n<li data-section-id=\"e124ph\" data-start=\"393\" data-end=\"428\" data-is-last-node=\"\">K\u00e4ytt\u00f6aika ja sulatusjaksot<\/li>\n<\/ul>\n<p data-start=\"0\" data-end=\"407\">Perustuu kokemukseen ja todistettuun teknologiaan<br data-start=\"45\" data-end=\"48\" \/>Tornumilla on laaja kokemus viljan k\u00e4sittelyn ja varastoinnin ratkaisuista. Yhdist\u00e4m\u00e4ll\u00e4 teknisen asiantuntemuksen ja k\u00e4yt\u00e4nn\u00f6n ymm\u00e4rryksen maatalouden tarpeista toimitetaan luotettavia ja tehokkaita j\u00e4rjestelmi\u00e4.<br data-start=\"263\" data-end=\"266\" \/>Tuloksena on ratkaisu, joka on kehitetty toimimaan todellisissa varastointiymp\u00e4rist\u00f6iss\u00e4 \u2013 keskittyen luotettavuuteen, energiatehokkuuteen ja helppok\u00e4ytt\u00f6isyyteen.<\/p>\n<p data-start=\"409\" data-end=\"578\">\u00c4lyk\u00e4s ja automatisoitu toiminta<br data-start=\"448\" data-end=\"451\" \/>Tornum Viljanj\u00e4\u00e4hdytin valvoo ja ohjaa j\u00e4\u00e4hdytysprosessia edistyneen anturij\u00e4rjestelm\u00e4n avulla, joka mittaa jatkuvasti:<\/p>\n<ul data-start=\"579\" data-end=\"742\">\n<li data-section-id=\"4lk8t0\" data-start=\"579\" data-end=\"619\">Ulkoilman l\u00e4mp\u00f6tila ja ilmankosteus<\/li>\n<li data-section-id=\"12o2ph5\" data-start=\"620\" data-end=\"654\">K\u00e4sitellyn ilman l\u00e4mp\u00f6tila<\/li>\n<li data-section-id=\"ni2qda\" data-start=\"655\" data-end=\"705\">J\u00e4\u00e4hdytysj\u00e4rjestelm\u00e4n paine ja l\u00e4mp\u00f6tila<\/li>\n<li data-section-id=\"1uvdnnc\" data-start=\"706\" data-end=\"742\">Ilmavirtaus siiloon tai varastoon<\/li>\n<\/ul>\n<p data-start=\"744\" data-end=\"879\" data-is-last-node=\"\" data-is-only-node=\"\">J\u00e4rjestelm\u00e4 s\u00e4\u00e4t\u00e4\u00e4 toimintaansa automaattisesti ja j\u00e4\u00e4hdytt\u00e4\u00e4 viljan vaiheittain varmistaen tasaisen ja hell\u00e4varaisen l\u00e4mp\u00f6tilan laskun.<\/p>\n<p data-start=\"0\" data-end=\"88\">Energiatehokas teknologia<br data-start=\"31\" data-end=\"34\" \/>J\u00e4rjestelm\u00e4 on suunniteltu minimoimaan energiankulutus:<\/p>\n<p data-start=\"90\" data-end=\"185\">Free Cooling<br data-start=\"106\" data-end=\"109\" \/>Hy\u00f6dynt\u00e4\u00e4 viileit\u00e4 ulko-olosuhteita j\u00e4\u00e4hdytykseen ilman kompressorik\u00e4ytt\u00f6\u00e4.<\/p>\n<p data-start=\"187\" data-end=\"282\">Energias\u00e4\u00e4st\u00f6toiminto<br data-start=\"213\" data-end=\"216\" \/>Kompressori kytkeytyy automaattisesti pois p\u00e4\u00e4lt\u00e4, kun olosuhteet sen sallivat.<\/p>\n<p data-start=\"284\" data-end=\"387\" data-is-last-node=\"\" data-is-only-node=\"\">Ilmanvaihtotila<br data-start=\"304\" data-end=\"307\" \/>Toimii \u00e4lykk\u00e4\u00e4n\u00e4 ilmanvaihtoj\u00e4rjestelm\u00e4n\u00e4 l\u00e4mp\u00f6tilan ja ilmankosteuden perusteella.<\/p>\n<p data-start=\"0\" data-end=\"209\">Joustavia ratkaisuja kaikkiin tarpeisiin<br data-start=\"36\" data-end=\"39\" \/>Tornum Viljanj\u00e4\u00e4hdyttimi\u00e4 on saatavilla useissa eri kokoluokissa \u2013 maatilak\u00e4ytt\u00f6\u00f6n tarkoitetuista asennuksista aina suurempiin teollisiin j\u00e4rjestelmiin. Laitteet on suunniteltu helppoa asennusta ja kuljetusta varten.<\/p>\n<p>[\/vc_column_text][\/vc_column][vc_column width=&#8221;1\/3&#8243;][vc_column_text css=&#8221;&#8221;]<strong data-start=\"0\" data-end=\"52\" data-is-only-node=\"\">Adapted operation for varying climate conditions<\/strong><br data-start=\"52\" data-end=\"55\" \/>The system is designed to operate efficiently under changing climate conditions. At lower outdoor temperatures, it runs without the compressor, using ambient air for cooling in combination with fans (and optionally an electric heater).<\/p>\n<p data-start=\"211\" data-end=\"251\"><strong data-start=\"211\" data-end=\"249\">Why choose the Tornum Grain Cooler<\/strong><\/p>\n<ul data-start=\"252\" data-end=\"494\" data-is-last-node=\"\" data-is-only-node=\"\">\n<li data-section-id=\"1tlrtsm\" data-start=\"252\" data-end=\"300\">Reduces the need for chemical insect control<\/li>\n<li data-section-id=\"1u8yul0\" data-start=\"301\" data-end=\"353\">Preserves grain quality and extends storage life<\/li>\n<li data-section-id=\"7cyw8z\" data-start=\"354\" data-end=\"417\">Can help reduce moisture content under the right conditions<\/li>\n<li data-section-id=\"19lg5jv\" data-start=\"418\" data-end=\"444\">Low energy consumption<\/li>\n<li data-section-id=\"fjg96i\" data-start=\"445\" data-end=\"466\">Easy installation<\/li>\n<li data-section-id=\"1d7jbmy\" data-start=\"467\" data-end=\"494\" data-is-last-node=\"\">Fully automatic operation<\/li>\n<\/ul>\n<p>[\/vc_column_text][\/vc_column][\/vc_row]<\/p>\n<\/div>","protected":false},"excerpt":{"rendered":"<h3 data-start=\"0\" data-end=\"89\">Tornum Viljanj\u00e4\u00e4hdytin \u2013 kehittynyt viljan j\u00e4\u00e4hdytys turvalliseen varastointiin ja s\u00e4ilyneeseen laatuun<\/h3>\n<p data-start=\"91\" data-end=\"374\">Vilja on el\u00e4v\u00e4 materiaali, joka jatkaa hengitt\u00e4mist\u00e4 sadonkorjuun j\u00e4lkeen. Ilman optimaalisia varastointiolosuhteita sek\u00e4 paino ett\u00e4 laatu voivat heikenty\u00e4 ajan my\u00f6t\u00e4. L\u00e4mp\u00f6, kosteus, home ja hy\u00f6nteiset ovat suurimpia uhkia \u2013 mutta oikealla teknologialla n\u00e4m\u00e4 riskit voidaan minimoida.<\/p>\n<p data-start=\"376\" data-end=\"624\" data-is-last-node=\"\" data-is-only-node=\"\">Tornum Viljanj\u00e4\u00e4hdytin on moderni ja energiatehokas ratkaisu, joka antaa sinulle t\u00e4yden hallinnan varastointiymp\u00e4rist\u00f6\u00f6n. L\u00e4mp\u00f6tilaa ja ilmankosteutta s\u00e4\u00e4telem\u00e4ll\u00e4 luodaan vakaat olosuhteet turvallista varastointia varten \u2013 ilman kemiallisten torjunta-aineiden tarvetta.<\/p>\n<p>&nbsp;<\/p>\n","protected":false},"featured_media":25134,"comment_status":"open","ping_status":"closed","template":"","meta":{"_acf_changed":false},"product_brand":[],"product_cat":[636,644,637,698],"product_tag":[652,640,699,700],"class_list":{"0":"post-25942","1":"product","2":"type-product","3":"status-publish","4":"has-post-thumbnail","6":"product_cat-all-products-fi","7":"product_cat-grain-fi","8":"product_cat-conditioning-fi","9":"product_cat-grain-cooler-fi","10":"product_tag-conditioning-fi","11":"product_tag-conditioning-laterals-fi","12":"product_tag-cooling-fi","13":"product_tag-cooling-machine-fi","14":"pa_products-type-all-products-fi","15":"pa_products-type-grain-fi","17":"first","18":"instock","19":"shipping-taxable","20":"product-type-simple"},"acf":[],"_links":{"self":[{"href":"https:\/\/www.tornum.com\/fi\/wp-json\/wp\/v2\/product\/25942","targetHints":{"allow":["GET"]}}],"collection":[{"href":"https:\/\/www.tornum.com\/fi\/wp-json\/wp\/v2\/product"}],"about":[{"href":"https:\/\/www.tornum.com\/fi\/wp-json\/wp\/v2\/types\/product"}],"replies":[{"embeddable":true,"href":"https:\/\/www.tornum.com\/fi\/wp-json\/wp\/v2\/comments?post=25942"}],"version-history":[{"count":15,"href":"https:\/\/www.tornum.com\/fi\/wp-json\/wp\/v2\/product\/25942\/revisions"}],"predecessor-version":[{"id":54096,"href":"https:\/\/www.tornum.com\/fi\/wp-json\/wp\/v2\/product\/25942\/revisions\/54096"}],"wp:featuredmedia":[{"embeddable":true,"href":"https:\/\/www.tornum.com\/fi\/wp-json\/wp\/v2\/media\/25134"}],"wp:attachment":[{"href":"https:\/\/www.tornum.com\/fi\/wp-json\/wp\/v2\/media?parent=25942"}],"wp:term":[{"taxonomy":"product_brand","embeddable":true,"href":"https:\/\/www.tornum.com\/fi\/wp-json\/wp\/v2\/product_brand?post=25942"},{"taxonomy":"product_cat","embeddable":true,"href":"https:\/\/www.tornum.com\/fi\/wp-json\/wp\/v2\/product_cat?post=25942"},{"taxonomy":"product_tag","embeddable":true,"href":"https:\/\/www.tornum.com\/fi\/wp-json\/wp\/v2\/product_tag?post=25942"}],"curies":[{"name":"wp","href":"https:\/\/api.w.org\/{rel}","templated":true}]}}