{"id":25944,"date":"2023-05-04T11:13:10","date_gmt":"2023-05-04T11:13:10","guid":{"rendered":"https:\/\/www.tornum.com\/product\/grain-storage-silos\/"},"modified":"2025-07-30T10:43:12","modified_gmt":"2025-07-30T10:43:12","slug":"viljan-varastosiilot","status":"publish","type":"product","link":"https:\/\/www.tornum.com\/fi\/tuote\/viljan-varastosiilot\/","title":{"rendered":"VILJAN VARASTOSIILOT"},"content":{"rendered":"<div class=\"wpb-content-wrapper\"><p>[vc_row][vc_column width=&#8221;2\/3&#8243;][vc_column_text]Tornum varastosiilot on suunniteltu kaiken vapaasti valuvan viljan loppuvarastointiin. Kattolohkot on valmistettu korkealuokkaisesta ter\u00e4sprofiililevyst\u00e4 ja ne muodostavat eritt\u00e4in vahvan moduulirakenteen. Sinkittyjen sein\u00e4elementtien vahvuus on 0,8\u20133,5 mm, jopa 600 g\/m\u00b2. Varastosiilomme on suunniteltu t\u00e4ytt\u00e4m\u00e4\u00e4n Eurocode- tai ASAE\/ANSI-standardit, ja ne voidaan toimittaa erityisill\u00e4, seismisten, lumikuorman tai tuuliolosuhteiden vaatimusten mukaan p\u00e4ivitetyill\u00e4 varusteilla.<\/p>\n<p>Tarjolla on t\u00e4ydellinen valikoima lis\u00e4varusteita, mukaan lukien sivusein\u00e4ovet, k\u00e4yt\u00e4v\u00e4t ja tasot, tukitornit, tuuletus- ja l\u00e4mp\u00f6tila-anturij\u00e4rjestelm\u00e4t sek\u00e4 mekaaniset k\u00e4sittelylaitteet.[\/vc_column_text][\/vc_column][vc_column width=&#8221;1\/3&#8243;][\/vc_column][\/vc_row]<\/p>\n<\/div>","protected":false},"excerpt":{"rendered":"<p>Tornum varastosiilot on suunniteltu kaiken vapaasti valuvan viljan loppuvarastointiin. Kattolohkot on valmistettu korkealuokkaisesta ter\u00e4sprofiililevyst\u00e4 ja ne muodostavat eritt\u00e4in vahvan moduulirakenteen.<\/p>\n","protected":false},"featured_media":25313,"comment_status":"open","ping_status":"closed","template":"","meta":{"_acf_changed":false},"product_brand":[],"product_cat":[636,644,681,702],"product_tag":[668,659,642,684],"class_list":{"0":"post-25944","1":"product","2":"type-product","3":"status-publish","4":"has-post-thumbnail","6":"product_cat-all-products-fi","7":"product_cat-grain-fi","8":"product_cat-storage-fi","9":"product_cat-grain-storage-silos-fi","10":"product_tag-bin-fi","11":"product_tag-monitoring-fi","12":"product_tag-silo-fi","13":"product_tag-storage-fi","14":"description-off","16":"first","17":"instock","18":"shipping-taxable","19":"product-type-simple"},"acf":[],"_links":{"self":[{"href":"https:\/\/www.tornum.com\/fi\/wp-json\/wp\/v2\/product\/25944","targetHints":{"allow":["GET"]}}],"collection":[{"href":"https:\/\/www.tornum.com\/fi\/wp-json\/wp\/v2\/product"}],"about":[{"href":"https:\/\/www.tornum.com\/fi\/wp-json\/wp\/v2\/types\/product"}],"replies":[{"embeddable":true,"href":"https:\/\/www.tornum.com\/fi\/wp-json\/wp\/v2\/comments?post=25944"}],"version-history":[{"count":2,"href":"https:\/\/www.tornum.com\/fi\/wp-json\/wp\/v2\/product\/25944\/revisions"}],"predecessor-version":[{"id":25959,"href":"https:\/\/www.tornum.com\/fi\/wp-json\/wp\/v2\/product\/25944\/revisions\/25959"}],"wp:featuredmedia":[{"embeddable":true,"href":"https:\/\/www.tornum.com\/fi\/wp-json\/wp\/v2\/media\/25313"}],"wp:attachment":[{"href":"https:\/\/www.tornum.com\/fi\/wp-json\/wp\/v2\/media?parent=25944"}],"wp:term":[{"taxonomy":"product_brand","embeddable":true,"href":"https:\/\/www.tornum.com\/fi\/wp-json\/wp\/v2\/product_brand?post=25944"},{"taxonomy":"product_cat","embeddable":true,"href":"https:\/\/www.tornum.com\/fi\/wp-json\/wp\/v2\/product_cat?post=25944"},{"taxonomy":"product_tag","embeddable":true,"href":"https:\/\/www.tornum.com\/fi\/wp-json\/wp\/v2\/product_tag?post=25944"}],"curies":[{"name":"wp","href":"https:\/\/api.w.org\/{rel}","templated":true}]}}