{"id":25945,"date":"2023-05-14T19:58:48","date_gmt":"2023-05-14T19:58:48","guid":{"rendered":"https:\/\/www.tornum.com\/product\/h-line-elevators\/"},"modified":"2025-07-31T09:44:06","modified_gmt":"2025-07-31T09:44:06","slug":"h-line-elevaattorit","status":"publish","type":"product","link":"https:\/\/www.tornum.com\/fi\/tuote\/h-line-elevaattorit\/","title":{"rendered":"H-LINE ELEVAATTORIT"},"content":{"rendered":"<p>T\u00e4m\u00e4 tuotemallisto on tarkoitettu teollisiin ja kaupallisiin sovelluksiin, joissa tarvitaan p\u00e4ivitt\u00e4ist\u00e4 ja jatkuvaa k\u00e4ytt\u00f6\u00e4. Se on saatavana vehn\u00e4n 60-600 t\/h siirtoteholla. T\u00e4ysi laitevalikoima sis\u00e4lt\u00e4\u00e4 viljavirrassa pysty-, vaaka-, kaarevaan ja kaltevaan asentoon asennetut laitteet. Tarjolla on t\u00e4ysi valikoima lis\u00e4varusteita, mukaan lukien s\u00e4hk\u00f6iset ja pneumaattiset sulkimet, turva-anturit, nopeusvalvonta-anturit, erikoishihnat \u00f6ljykasveille ym. Siirtolaitteet voidaan r\u00e4\u00e4t\u00e4l\u00f6id\u00e4 vastaamaan asiakkaiden erilaisia \u200b\u200bketju- ja hihnanopeuksia koskevia vaatimuksia.<\/p>\n","protected":false},"excerpt":{"rendered":"<div class=\"elementor-element elementor-element-2952415 elementor-widget elementor-widget-woocommerce-product-short-description\" data-id=\"2952415\" data-element_type=\"widget\" data-widget_type=\"woocommerce-product-short-description.default\">\n<div class=\"elementor-widget-container\">\n<div class=\"woocommerce-product-details__short-description\">\n<p>H-Line is our product line for daily use, continual operations and year-round production. H-LINE is developed to fulfil the stringent requirements of the grain industry.<\/p>\n<p>Capacity: 60-600 tonnes<\/p>\n<\/div>\n<\/div>\n<\/div>\n","protected":false},"featured_media":25265,"comment_status":"open","ping_status":"closed","template":"","meta":{"_acf_changed":false},"product_brand":[],"product_cat":[636,654,643,644,650,703],"product_tag":[669,673,679,670],"class_list":{"0":"post-25945","1":"product","2":"type-product","3":"status-publish","4":"has-post-thumbnail","6":"product_cat-all-products-fi","7":"product_cat-feed-fi","8":"product_cat-food-2-fi","9":"product_cat-grain-fi","10":"product_cat-material-handling-fi","11":"product_cat-elevators-fi","12":"product_tag-conveyor-fi","13":"product_tag-dc-remover-fi","14":"product_tag-elevator-fi","15":"product_tag-transport-fi","16":"description-off","18":"first","19":"instock","20":"shipping-taxable","21":"product-type-simple"},"acf":[],"_links":{"self":[{"href":"https:\/\/www.tornum.com\/fi\/wp-json\/wp\/v2\/product\/25945","targetHints":{"allow":["GET"]}}],"collection":[{"href":"https:\/\/www.tornum.com\/fi\/wp-json\/wp\/v2\/product"}],"about":[{"href":"https:\/\/www.tornum.com\/fi\/wp-json\/wp\/v2\/types\/product"}],"replies":[{"embeddable":true,"href":"https:\/\/www.tornum.com\/fi\/wp-json\/wp\/v2\/comments?post=25945"}],"version-history":[{"count":2,"href":"https:\/\/www.tornum.com\/fi\/wp-json\/wp\/v2\/product\/25945\/revisions"}],"predecessor-version":[{"id":25963,"href":"https:\/\/www.tornum.com\/fi\/wp-json\/wp\/v2\/product\/25945\/revisions\/25963"}],"wp:featuredmedia":[{"embeddable":true,"href":"https:\/\/www.tornum.com\/fi\/wp-json\/wp\/v2\/media\/25265"}],"wp:attachment":[{"href":"https:\/\/www.tornum.com\/fi\/wp-json\/wp\/v2\/media?parent=25945"}],"wp:term":[{"taxonomy":"product_brand","embeddable":true,"href":"https:\/\/www.tornum.com\/fi\/wp-json\/wp\/v2\/product_brand?post=25945"},{"taxonomy":"product_cat","embeddable":true,"href":"https:\/\/www.tornum.com\/fi\/wp-json\/wp\/v2\/product_cat?post=25945"},{"taxonomy":"product_tag","embeddable":true,"href":"https:\/\/www.tornum.com\/fi\/wp-json\/wp\/v2\/product_tag?post=25945"}],"curies":[{"name":"wp","href":"https:\/\/api.w.org\/{rel}","templated":true}]}}