{"id":25955,"date":"2023-05-04T09:45:07","date_gmt":"2023-05-04T09:45:07","guid":{"rendered":"https:\/\/www.tornum.com\/product\/grain-dryer-te\/"},"modified":"2025-07-11T09:27:52","modified_gmt":"2025-07-11T09:27:52","slug":"te-viljankuivurit","status":"publish","type":"product","link":"https:\/\/www.tornum.com\/fi\/tuote\/te-viljankuivurit\/","title":{"rendered":"TE VILJANKUIVURIT"},"content":{"rendered":"<div class=\"wpb-content-wrapper\"><p>[vc_row][vc_column width=&#8221;2\/3&#8243;][vc_column_text]Tornumin TE er\u00e4kuivuri on edullinen, kompakti kuumailmakuivuri, joka voidaan mukauttaa erilaisten tarpeiden mukaan. Kuivurissa on itsepurkava pohjaosa, jota k\u00e4ytet\u00e4\u00e4n kuivauskennona ja se on varustettu taloudellisuutta parantavilla kuivausp\u00e4\u00e4dyill\u00e4 ja tyhjennysaukolla. Kaikki viljankuivurit on valmistettu kuumasinkityst\u00e4 ter\u00e4slevyst\u00e4.[\/vc_column_text][\/vc_column][vc_column width=&#8221;1\/3&#8243;][vc_column_text]<strong>TOIMITUKSEEN KUULUU<\/strong><br \/>\n\u2022 Kuumailman kanava<br \/>\n\u2022 Varastokenno<\/p>\n<p><strong>LIS\u00c4VARUSTEET<\/strong><br \/>\n\u2022 Tikkaat ja tasot<br \/>\n\u2022 Tarkistusikkuna \u2013 helpottaa tarkkailua ulkopuolelta<br \/>\n\u2022 Suurempi varastokenno<br \/>\n\u2022 Ohjaus \u2013 aika, paino tai l\u00e4mp\u00f6tila<br \/>\n\u2022 Kostean ilman kanava<br \/>\n\u2022 T\u00e4ytt\u00f6h\u00e4lytin<br \/>\n\u2022 Palovaroitusj\u00e4rjestelm\u00e4[\/vc_column_text][\/vc_column][\/vc_row]<\/p>\n<\/div>","protected":false},"excerpt":{"rendered":"<p>Tornumin TE er\u00e4kuivuri on monipuolinen, kustannustehokas kuumailmakuivuri, joka on suunniteltu erilaisia tarpeita varten. Siin\u00e4 on kuivauskennona toimiva itsepurkava pohjaosa, jossa on kuivausp\u00e4\u00e4dyt ja tyhjennysluukku tehokkaan kuivauksen varmistamiseksi. Kaikki viljankuivurit on valmistettu kuumasinkityst\u00e4 ter\u00e4slevyst\u00e4.<\/p>\n","protected":false},"featured_media":25119,"comment_status":"open","ping_status":"closed","template":"","meta":{"_acf_changed":false},"product_brand":[],"product_cat":[636,643,644,637,664],"product_tag":[646,647,696,670],"class_list":{"0":"post-25955","1":"product","2":"type-product","3":"status-publish","4":"has-post-thumbnail","6":"product_cat-all-products-fi","7":"product_cat-food-2-fi","8":"product_cat-grain-fi","9":"product_cat-conditioning-fi","10":"product_cat-grain-dryers-fi","11":"product_tag-burner-fi","12":"product_tag-dryer-fi","13":"product_tag-dryer-ts-fi","14":"product_tag-transport-fi","15":"description-off","17":"first","18":"instock","19":"shipping-taxable","20":"product-type-simple"},"acf":[],"_links":{"self":[{"href":"https:\/\/www.tornum.com\/fi\/wp-json\/wp\/v2\/product\/25955","targetHints":{"allow":["GET"]}}],"collection":[{"href":"https:\/\/www.tornum.com\/fi\/wp-json\/wp\/v2\/product"}],"about":[{"href":"https:\/\/www.tornum.com\/fi\/wp-json\/wp\/v2\/types\/product"}],"replies":[{"embeddable":true,"href":"https:\/\/www.tornum.com\/fi\/wp-json\/wp\/v2\/comments?post=25955"}],"version-history":[{"count":2,"href":"https:\/\/www.tornum.com\/fi\/wp-json\/wp\/v2\/product\/25955\/revisions"}],"predecessor-version":[{"id":25957,"href":"https:\/\/www.tornum.com\/fi\/wp-json\/wp\/v2\/product\/25955\/revisions\/25957"}],"wp:featuredmedia":[{"embeddable":true,"href":"https:\/\/www.tornum.com\/fi\/wp-json\/wp\/v2\/media\/25119"}],"wp:attachment":[{"href":"https:\/\/www.tornum.com\/fi\/wp-json\/wp\/v2\/media?parent=25955"}],"wp:term":[{"taxonomy":"product_brand","embeddable":true,"href":"https:\/\/www.tornum.com\/fi\/wp-json\/wp\/v2\/product_brand?post=25955"},{"taxonomy":"product_cat","embeddable":true,"href":"https:\/\/www.tornum.com\/fi\/wp-json\/wp\/v2\/product_cat?post=25955"},{"taxonomy":"product_tag","embeddable":true,"href":"https:\/\/www.tornum.com\/fi\/wp-json\/wp\/v2\/product_tag?post=25955"}],"curies":[{"name":"wp","href":"https:\/\/api.w.org\/{rel}","templated":true}]}}