{"id":25971,"date":"2023-05-04T10:21:36","date_gmt":"2023-05-04T10:21:36","guid":{"rendered":"https:\/\/www.tornum.com\/product\/heat-exchanger\/"},"modified":"2025-07-30T11:19:28","modified_gmt":"2025-07-30T11:19:28","slug":"lammonvaihtimet","status":"publish","type":"product","link":"https:\/\/www.tornum.com\/fi\/tuote\/lammonvaihtimet\/","title":{"rendered":"L\u00c4MM\u00d6NVAIHTIMET"},"content":{"rendered":"<div class=\"wpb-content-wrapper\"><p>[vc_row gap=&#8221;35&#8243;][vc_column width=&#8221;2\/3&#8243;][vc_column_text]L\u00e4mm\u00f6nvaihtimet ovat vaihtoehto kuivuriuuneille ja ne on sovitettu erityisesti Tornumin moduulirakenteiseen kuivausj\u00e4rjestelm\u00e4\u00e4n. Kuuman veden ja h\u00f6yryn l\u00e4mm\u00f6nvaihto on tarjolla ja sopivia energial\u00e4hteit\u00e4 ovat olki, hake, pelletti tai \u00f6ljy. Monipuolinen rakenne tarkoittaa, ett\u00e4 voimme r\u00e4\u00e4t\u00e4l\u00f6id\u00e4 l\u00e4mm\u00f6nvaihtimen mitat ja ilmam\u00e4\u00e4r\u00e4n tarpeittesi mukaan.<\/p>\n<p>&nbsp;<\/p>\n<h3><strong>L\u00c4MM\u00d6NVAIHTIMEN K\u00c4YTT\u00d6 ESIL\u00c4MMITTIMEN\u00c4<\/strong><\/h3>\n<p>Esil\u00e4mmitt\u00e4m\u00e4ll\u00e4 ilmaa ennen kuin se johdetaan uuniin v\u00e4hent\u00e4\u00e4 \u00f6ljyn kokonaiskulutusta. TORNUM\u2019in l\u00e4mm\u00f6nvaihtimet voidaan liitt\u00e4\u00e4 kuivuriuuniin.[\/vc_column_text][\/vc_column][vc_column width=&#8221;1\/3&#8243;][vc_column_text]<strong>OMINAISUUDET<\/strong><br \/>\n\u2022 Kennotyyppiset l\u00e4mm\u00f6nvaihtimet kupariputkilla ja l\u00e4mp\u00f6\u00e4 luovuttavilla alumiinilevyill\u00e4.<br \/>\n\u2022 L\u00e4mm\u00f6nvaihtimet toimivat vastavirtaperiaatteella, mik\u00e4 mahdollistaa eritt\u00e4in hyv\u00e4n hy\u00f6tysuhteen.<br \/>\n\u2022 Tornumin moduulij\u00e4rjestelm\u00e4\u00e4n suunniteltu vankka asennuskehys mahdollistaa helpon asennuksen ja suojatun sijoituksen.<br \/>\n\u2022 Vesiliitossarjat ja -liit\u00e4nn\u00e4t voidaan sijoittaa molemmille puolille<br \/>\n\u2022 Liitossarjoissa on tulpatut ulostulot ilmausta ja tyhjennyst\u00e4 varten. L\u00e4mm\u00f6nvaihtimen nestepuolen liitososissa on ulkokierteet.[\/vc_column_text][\/vc_column][\/vc_row]<\/p>\n<\/div>","protected":false},"excerpt":{"rendered":"<p>L\u00e4mm\u00f6nvaihtimet ovat vaihtoehto kuivuriuuneille ja ne on sovitettu erityisesti Tornumin moduulirakenteiseen kuivausj\u00e4rjestelm\u00e4\u00e4n. Kuuman veden ja h\u00f6yryn l\u00e4mm\u00f6nvaihto on tarjolla ja sopivia energial\u00e4hteit\u00e4 ovat olki, hake, pelletti tai \u00f6ljy.<\/p>\n","protected":false},"featured_media":24845,"comment_status":"open","ping_status":"closed","template":"","meta":{"_acf_changed":false},"product_brand":[],"product_cat":[636,644,637,645],"product_tag":[646,647,665,661],"class_list":{"0":"post-25971","1":"product","2":"type-product","3":"status-publish","4":"has-post-thumbnail","6":"product_cat-all-products-fi","7":"product_cat-grain-fi","8":"product_cat-conditioning-fi","9":"product_cat-heat-sources-fi","10":"product_tag-burner-fi","11":"product_tag-dryer-fi","12":"product_tag-dryer-tk-fi","13":"product_tag-plc-fi","14":"description-off","16":"first","17":"instock","18":"shipping-taxable","19":"product-type-simple"},"acf":[],"_links":{"self":[{"href":"https:\/\/www.tornum.com\/fi\/wp-json\/wp\/v2\/product\/25971","targetHints":{"allow":["GET"]}}],"collection":[{"href":"https:\/\/www.tornum.com\/fi\/wp-json\/wp\/v2\/product"}],"about":[{"href":"https:\/\/www.tornum.com\/fi\/wp-json\/wp\/v2\/types\/product"}],"replies":[{"embeddable":true,"href":"https:\/\/www.tornum.com\/fi\/wp-json\/wp\/v2\/comments?post=25971"}],"version-history":[{"count":2,"href":"https:\/\/www.tornum.com\/fi\/wp-json\/wp\/v2\/product\/25971\/revisions"}],"predecessor-version":[{"id":25979,"href":"https:\/\/www.tornum.com\/fi\/wp-json\/wp\/v2\/product\/25971\/revisions\/25979"}],"wp:featuredmedia":[{"embeddable":true,"href":"https:\/\/www.tornum.com\/fi\/wp-json\/wp\/v2\/media\/24845"}],"wp:attachment":[{"href":"https:\/\/www.tornum.com\/fi\/wp-json\/wp\/v2\/media?parent=25971"}],"wp:term":[{"taxonomy":"product_brand","embeddable":true,"href":"https:\/\/www.tornum.com\/fi\/wp-json\/wp\/v2\/product_brand?post=25971"},{"taxonomy":"product_cat","embeddable":true,"href":"https:\/\/www.tornum.com\/fi\/wp-json\/wp\/v2\/product_cat?post=25971"},{"taxonomy":"product_tag","embeddable":true,"href":"https:\/\/www.tornum.com\/fi\/wp-json\/wp\/v2\/product_tag?post=25971"}],"curies":[{"name":"wp","href":"https:\/\/api.w.org\/{rel}","templated":true}]}}