{"id":25972,"date":"2023-05-04T09:49:40","date_gmt":"2023-05-04T09:49:40","guid":{"rendered":"https:\/\/www.tornum.com\/product\/heat-recovery-dryer-hrc\/"},"modified":"2025-07-30T11:26:07","modified_gmt":"2025-07-30T11:26:07","slug":"hrc-kuivuri-lammon-talteenotolla","status":"publish","type":"product","link":"https:\/\/www.tornum.com\/fi\/tuote\/hrc-kuivuri-lammon-talteenotolla\/","title":{"rendered":"HRC KUIVURI L\u00c4MM\u00d6N TALTEENOTOLLA"},"content":{"rendered":"<div class=\"wpb-content-wrapper\"><p>[vc_row gap=&#8221;35&#8243;][vc_column width=&#8221;2\/3&#8243;][vc_column_text]HRC kuivurit l\u00e4mm\u00f6n talteenotolla s\u00e4\u00e4st\u00e4\u00e4 energiaa tehosta tinkim\u00e4tt\u00e4.<\/p>\n<p>HRC-kuivuri k\u00e4ytt\u00e4\u00e4 energiaa, joka perinteisess\u00e4 kuivurissa menisi hukkaan. Jopa 10 prosenttia l\u00e4mm\u00f6st\u00e4 otetaan talteen. Rakenne tarjoaa my\u00f6s hiljaisemman ja puhtaamman ty\u00f6ymp\u00e4rist\u00f6n. Kuten kaikki Tornum-kuivurit, HRC-malli on valmistettu kuumasinkityst\u00e4 ter\u00e4slevyst\u00e4.<\/p>\n<p>HRC:n j\u00e4\u00e4hdytyskennoista tulevaa ilmaa kierr\u00e4tet\u00e4\u00e4n. Talteen otettu, l\u00e4mmitetty j\u00e4\u00e4hdytysilma, sekoitetaan l\u00e4mmitettyyn, uunin kautta kulkeneeseen ulkoilmaan. Koska talteen otettu ilma on l\u00e4mpim\u00e4mp\u00e4\u00e4 kuin ulkoilma, on mahdollista v\u00e4hent\u00e4\u00e4 uunin energiankulutusta. Vaadittu kuivausl\u00e4mp\u00f6tila saavutetaan silti, verrattuna pelkk\u00e4\u00e4n l\u00e4mmitettyyn ulkoilmaan. Kuivurin rakenne v\u00e4hent\u00e4\u00e4 my\u00f6s poistopuhaltimien tehontarvetta.[\/vc_column_text][\/vc_column][vc_column width=&#8221;1\/3&#8243;][vc_column_text]<strong>VAKIOVARUSTEET<\/strong><br \/>\n\u2022 T\u00e4ytt\u00f6h\u00e4lytin<br \/>\n\u2022 Kostean ilman liit\u00e4nt\u00e4<br \/>\n\u2022 Tyhjennyskenno \u2013 pulssi<br \/>\n\u2022 Tasoanturi<br \/>\n\u2022 Puskurivy\u00f6hyke<br \/>\n\u2022 Palovaroitusj\u00e4rjestelm\u00e4<br \/>\n\u2022 Tikkaat ja tasot<br \/>\n\u2022 Talteenottoalue<br \/>\n\u2022 Kosteuspitoisuuden s\u00e4\u00e4t\u00f6<br \/>\n\u2022 Paineenmittaus k\u00e4ynnistyksen s\u00e4\u00e4t\u00f6\u00f6n<br \/>\n<strong>LIS\u00c4VARUSTEET<\/strong><br \/>\n\u2022 \u00c4\u00e4nenvaimennin[\/vc_column_text][\/vc_column][\/vc_row]<\/p>\n<\/div>","protected":false},"excerpt":{"rendered":"<p>HRC-kuivuri k\u00e4ytt\u00e4\u00e4 energiaa, joka perinteisess\u00e4 kuivurissa menisi hukkaan. Jopa 10 prosenttia l\u00e4mm\u00f6st\u00e4 otetaan talteen. Rakenne tarjoaa my\u00f6s hiljaisemman ja puhtaamman ty\u00f6ymp\u00e4rist\u00f6n.<\/p>\n","protected":false},"featured_media":24833,"comment_status":"open","ping_status":"closed","template":"","meta":{"_acf_changed":false},"product_brand":[],"product_cat":[636,644,637,664],"product_tag":[647,693,665,648],"class_list":{"0":"post-25972","1":"product","2":"type-product","3":"status-publish","4":"has-post-thumbnail","6":"product_cat-all-products-fi","7":"product_cat-grain-fi","8":"product_cat-conditioning-fi","9":"product_cat-grain-dryers-fi","10":"product_tag-dryer-fi","11":"product_tag-dryer-rex-fi","12":"product_tag-dryer-tk-fi","13":"product_tag-dryer-tkr-fi","14":"description-off","16":"first","17":"instock","18":"shipping-taxable","19":"product-type-simple"},"acf":[],"_links":{"self":[{"href":"https:\/\/www.tornum.com\/fi\/wp-json\/wp\/v2\/product\/25972","targetHints":{"allow":["GET"]}}],"collection":[{"href":"https:\/\/www.tornum.com\/fi\/wp-json\/wp\/v2\/product"}],"about":[{"href":"https:\/\/www.tornum.com\/fi\/wp-json\/wp\/v2\/types\/product"}],"replies":[{"embeddable":true,"href":"https:\/\/www.tornum.com\/fi\/wp-json\/wp\/v2\/comments?post=25972"}],"version-history":[{"count":2,"href":"https:\/\/www.tornum.com\/fi\/wp-json\/wp\/v2\/product\/25972\/revisions"}],"predecessor-version":[{"id":25981,"href":"https:\/\/www.tornum.com\/fi\/wp-json\/wp\/v2\/product\/25972\/revisions\/25981"}],"wp:featuredmedia":[{"embeddable":true,"href":"https:\/\/www.tornum.com\/fi\/wp-json\/wp\/v2\/media\/24833"}],"wp:attachment":[{"href":"https:\/\/www.tornum.com\/fi\/wp-json\/wp\/v2\/media?parent=25972"}],"wp:term":[{"taxonomy":"product_brand","embeddable":true,"href":"https:\/\/www.tornum.com\/fi\/wp-json\/wp\/v2\/product_brand?post=25972"},{"taxonomy":"product_cat","embeddable":true,"href":"https:\/\/www.tornum.com\/fi\/wp-json\/wp\/v2\/product_cat?post=25972"},{"taxonomy":"product_tag","embeddable":true,"href":"https:\/\/www.tornum.com\/fi\/wp-json\/wp\/v2\/product_tag?post=25972"}],"curies":[{"name":"wp","href":"https:\/\/api.w.org\/{rel}","templated":true}]}}