{"id":25973,"date":"2023-01-29T22:13:22","date_gmt":"2023-01-29T22:13:22","guid":{"rendered":"https:\/\/www.tornum.com\/product\/hopper-bottom-silos\/"},"modified":"2025-07-30T11:32:56","modified_gmt":"2025-07-30T11:32:56","slug":"kartiopohjasiilot","status":"publish","type":"product","link":"https:\/\/www.tornum.com\/fi\/tuote\/kartiopohjasiilot\/","title":{"rendered":"KARTIOPOHJASIILOT"},"content":{"rendered":"<div class=\"wpb-content-wrapper\"><p>[vc_row][vc_column width=&#8221;2\/3&#8243;][vc_column_text]Tornumilla on kaksi kartiopohjamallia, 45\u00b0 ja 60\u00b0, parhaan ratkaisun tarjoamiseksi my\u00f6s kosteille viljoille ja muille huonosti valuville materiaaleille.<\/p>\n<p>Kartiopohjalevyt sek\u00e4 puristusrenkaat ja tuet valmistetaan kuumasinkityst\u00e4 profiiliter\u00e4ksest\u00e4. Sinkittyjen sein\u00e4elementtien vahvuus on 0,8\u20133,5 mm, jopa 600 g\/m\u00b2. Joihinkin siilokokoihin voidaan pyynn\u00f6st\u00e4 toimittaa sile\u00e4t sein\u00e4t. Kartiopohjasiilot t\u00e4ytt\u00e4v\u00e4t Eurocode- tai ASAE\/ANSI-standardit, ja ne voidaan toimittaa erityisill\u00e4 seismisten, lumikuorman tai tuuliolosuhteiden vaatimusten mukaan p\u00e4ivitetyill\u00e4 varusteilla.<\/p>\n<p>Tarjolla on t\u00e4ydellinen valikoima lis\u00e4varusteita, mukaan lukien sivusein\u00e4ovet, catwalk-k\u00e4yt\u00e4v\u00e4t, tasot, tukitornit, tuuletus- ja l\u00e4mp\u00f6tila-anturij\u00e4rjestelm\u00e4t sek\u00e4 mekaaniset k\u00e4sittelylaitteet.[\/vc_column_text][\/vc_column][vc_column width=&#8221;1\/3&#8243;][\/vc_column][\/vc_row]<\/p>\n<\/div>","protected":false},"excerpt":{"rendered":"<p>Tornumilla on kaksi kartiopohjamallia, 45\u00b0 ja 60\u00b0, parhaan ratkaisun tarjoamiseksi my\u00f6s kosteille viljoille ja muille huonosti valuville materiaaleille.<\/p>\n","protected":false},"featured_media":24716,"comment_status":"open","ping_status":"closed","template":"","meta":{"_acf_changed":false},"product_brand":[],"product_cat":[636,643,644,681,707],"product_tag":[668,683,642,684],"class_list":{"0":"post-25973","1":"product","2":"type-product","3":"status-publish","4":"has-post-thumbnail","6":"product_cat-all-products-fi","7":"product_cat-food-2-fi","8":"product_cat-grain-fi","9":"product_cat-storage-fi","10":"product_cat-hopper-silo-fi","11":"product_tag-bin-fi","12":"product_tag-bins-fi","13":"product_tag-silo-fi","14":"product_tag-storage-fi","15":"pa_products-type-all-products-fi","16":"pa_products-type-grain-fi","17":"description-off","19":"first","20":"instock","21":"shipping-taxable","22":"product-type-simple"},"acf":[],"_links":{"self":[{"href":"https:\/\/www.tornum.com\/fi\/wp-json\/wp\/v2\/product\/25973","targetHints":{"allow":["GET"]}}],"collection":[{"href":"https:\/\/www.tornum.com\/fi\/wp-json\/wp\/v2\/product"}],"about":[{"href":"https:\/\/www.tornum.com\/fi\/wp-json\/wp\/v2\/types\/product"}],"replies":[{"embeddable":true,"href":"https:\/\/www.tornum.com\/fi\/wp-json\/wp\/v2\/comments?post=25973"}],"version-history":[{"count":2,"href":"https:\/\/www.tornum.com\/fi\/wp-json\/wp\/v2\/product\/25973\/revisions"}],"predecessor-version":[{"id":25983,"href":"https:\/\/www.tornum.com\/fi\/wp-json\/wp\/v2\/product\/25973\/revisions\/25983"}],"wp:featuredmedia":[{"embeddable":true,"href":"https:\/\/www.tornum.com\/fi\/wp-json\/wp\/v2\/media\/24716"}],"wp:attachment":[{"href":"https:\/\/www.tornum.com\/fi\/wp-json\/wp\/v2\/media?parent=25973"}],"wp:term":[{"taxonomy":"product_brand","embeddable":true,"href":"https:\/\/www.tornum.com\/fi\/wp-json\/wp\/v2\/product_brand?post=25973"},{"taxonomy":"product_cat","embeddable":true,"href":"https:\/\/www.tornum.com\/fi\/wp-json\/wp\/v2\/product_cat?post=25973"},{"taxonomy":"product_tag","embeddable":true,"href":"https:\/\/www.tornum.com\/fi\/wp-json\/wp\/v2\/product_tag?post=25973"}],"curies":[{"name":"wp","href":"https:\/\/api.w.org\/{rel}","templated":true}]}}