{"id":25974,"date":"2023-05-14T21:59:36","date_gmt":"2023-05-14T21:59:36","guid":{"rendered":"https:\/\/www.tornum.com\/product\/hopper-scale-dviu\/"},"modified":"2025-07-30T11:42:01","modified_gmt":"2025-07-30T11:42:01","slug":"kartiopohjavaaka-dviu","status":"publish","type":"product","link":"https:\/\/www.tornum.com\/fi\/tuote\/kartiopohjavaaka-dviu\/","title":{"rendered":"KARTIOPOHJAVAAKA DVIU"},"content":{"rendered":"<p>Tornumin kartiopohjavaa&#8217;at on suunniteltu vapaasti valuvien materiaalien, kuten viljan, maissin, rehun, jauheen ja rakeiden, nopeaan, tarkkaan ja turvalliseen sis\u00e4\u00e4n- ja ulospunnitukseen.<\/p>\n<p>Ne on suunniteltu eritt\u00e4in kest\u00e4v\u00e4ksi takaamaan pitk\u00e4n k\u00e4ytt\u00f6i\u00e4n, ja puhdistuksen helppouteen on kiinnitetty huomiota.<\/p>\n<p>Kartiopohjavaakaa DVIU on saatavana kahtena mallina \u2013 DVIU\/N 6 eri kokoa, joiden kapasiteetti on 5-200 tonnia\/h, ja DVIU\/F 8 eri kokoa, joiden kapasiteetti on 250-1 200 tonnia\/h, laskettuna viljan 600 kg:n kuutiopainon mukaan.<\/p>\n<p>Vaaoissa on painon\u00e4ytt\u00f6 ja tulostin sek\u00e4 k\u00e4ytt\u00f6liittym\u00e4 ja k\u00e4ytt\u00f6ohjeet usealla eri kielell\u00e4. J\u00e4rjestelm\u00e4integraatio ja tiedonsiirtomahdollisuudet ovat valinnaisia lis\u00e4varusteita.<\/p>\n","protected":false},"excerpt":{"rendered":"<p>Tornumin kartiopohjavaa&#8217;at on suunniteltu vapaasti valuvien materiaalien, kuten viljan, maissin, rehun, jauheen ja rakeiden, nopeaan, tarkkaan ja turvalliseen sis\u00e4\u00e4n- ja ulospunnitukseen.<\/p>\n","protected":false},"featured_media":25025,"comment_status":"open","ping_status":"closed","template":"","meta":{"_acf_changed":false},"product_brand":[],"product_cat":[636,654,643,644,650,704],"product_tag":[672,705,684,706],"class_list":{"0":"post-25974","1":"product","2":"type-product","3":"status-publish","4":"has-post-thumbnail","6":"product_cat-all-products-fi","7":"product_cat-feed-fi","8":"product_cat-food-2-fi","9":"product_cat-grain-fi","10":"product_cat-material-handling-fi","11":"product_cat-all-products-2-fi","12":"product_tag-cleaning-fi","13":"product_tag-scale-fi","14":"product_tag-storage-fi","15":"product_tag-weight-fi","16":"description-off","18":"first","19":"instock","20":"shipping-taxable","21":"product-type-simple"},"acf":[],"_links":{"self":[{"href":"https:\/\/www.tornum.com\/fi\/wp-json\/wp\/v2\/product\/25974","targetHints":{"allow":["GET"]}}],"collection":[{"href":"https:\/\/www.tornum.com\/fi\/wp-json\/wp\/v2\/product"}],"about":[{"href":"https:\/\/www.tornum.com\/fi\/wp-json\/wp\/v2\/types\/product"}],"replies":[{"embeddable":true,"href":"https:\/\/www.tornum.com\/fi\/wp-json\/wp\/v2\/comments?post=25974"}],"version-history":[{"count":3,"href":"https:\/\/www.tornum.com\/fi\/wp-json\/wp\/v2\/product\/25974\/revisions"}],"predecessor-version":[{"id":29908,"href":"https:\/\/www.tornum.com\/fi\/wp-json\/wp\/v2\/product\/25974\/revisions\/29908"}],"wp:featuredmedia":[{"embeddable":true,"href":"https:\/\/www.tornum.com\/fi\/wp-json\/wp\/v2\/media\/25025"}],"wp:attachment":[{"href":"https:\/\/www.tornum.com\/fi\/wp-json\/wp\/v2\/media?parent=25974"}],"wp:term":[{"taxonomy":"product_brand","embeddable":true,"href":"https:\/\/www.tornum.com\/fi\/wp-json\/wp\/v2\/product_brand?post=25974"},{"taxonomy":"product_cat","embeddable":true,"href":"https:\/\/www.tornum.com\/fi\/wp-json\/wp\/v2\/product_cat?post=25974"},{"taxonomy":"product_tag","embeddable":true,"href":"https:\/\/www.tornum.com\/fi\/wp-json\/wp\/v2\/product_tag?post=25974"}],"curies":[{"name":"wp","href":"https:\/\/api.w.org\/{rel}","templated":true}]}}