{"id":25975,"date":"2023-05-14T19:47:39","date_gmt":"2023-05-14T19:47:39","guid":{"rendered":"https:\/\/www.tornum.com\/product\/i-line-conveyors\/"},"modified":"2025-08-01T09:42:45","modified_gmt":"2025-08-01T09:42:45","slug":"i-line-kuljettimet","status":"publish","type":"product","link":"https:\/\/www.tornum.com\/fi\/tuote\/i-line-kuljettimet\/","title":{"rendered":"I-LINE KULJETTIMET"},"content":{"rendered":"<p>T\u00e4m\u00e4 laitevalikoima, joka on tarkoitettu teollisiin sovelluksiin, p\u00e4ivitt\u00e4iseen ja jatkuvaan k\u00e4ytt\u00f6\u00f6n, on saatavana vehn\u00e4n 40-150 t\/h siirtoteholla. T\u00e4ysi laitevalikoima sis\u00e4lt\u00e4\u00e4 pysty-, vaaka-, kaarevaan ja kaltevaan asentoon asennetut laitteet, jotka on suunniteltu asennettavaksi oikeaan asentoon viljavirrassa. I-Line-sarjaan kuuluu my\u00f6s hihnakuljettimet jopa 150 t\/h:n tehoille. Tarjolla on t\u00e4ysi valikoima lis\u00e4varusteita, jotka sis\u00e4lt\u00e4v\u00e4t k\u00e4sik\u00e4ytt\u00f6iset, s\u00e4hk\u00f6iset ja pneumaattiset sulkuluukut, turva-anturit, nopeusvalvonta-anturit, erikoisvastushihnat \u00f6ljykasvien siemenille ja monia muita. Siirtolaitteet voidaan r\u00e4\u00e4t\u00e4l\u00f6id\u00e4 vastaamaan asiakkaiden erilaisia \u200b\u200bketju- ja hihnanopeuksia koskevia vaatimuksia.<\/p>\n","protected":false},"excerpt":{"rendered":"<p>I-Line on ymp\u00e4rivuotiseen, voimaper\u00e4iseen k\u00e4ytt\u00f6\u00f6n kehitetty tuotesarja t\u00e4ytt\u00e4m\u00e4\u00e4n viljateollisuuden sek\u00e4 keskikokoisten ja suurten tilojen vaatimukset. Ne on luokiteltu kategorian II 2D\/OD kuljettimiksi ja soveltuvat k\u00e4sittelem\u00e4\u00e4n rakeisia ja jauhettuja materiaaleja vy\u00f6hykkeen 21 tai vy\u00f6hykkeen 22 mukaisesti ja joissa ulkoilma on luokittelematon. Ne on valmistettu galvanoidusta ter\u00e4ksest\u00e4 EU:n konedirektiivien mukaisesti.<\/p>\n","protected":false},"featured_media":25264,"comment_status":"open","ping_status":"closed","template":"","meta":{"_acf_changed":false},"product_brand":[],"product_cat":[636,654,643,644,650,701],"product_tag":[669,679,684,670],"class_list":{"0":"post-25975","1":"product","2":"type-product","3":"status-publish","4":"has-post-thumbnail","6":"product_cat-all-products-fi","7":"product_cat-feed-fi","8":"product_cat-food-2-fi","9":"product_cat-grain-fi","10":"product_cat-material-handling-fi","11":"product_cat-conveyors-fi","12":"product_tag-conveyor-fi","13":"product_tag-elevator-fi","14":"product_tag-storage-fi","15":"product_tag-transport-fi","16":"description-off","18":"first","19":"instock","20":"shipping-taxable","21":"product-type-simple"},"acf":[],"_links":{"self":[{"href":"https:\/\/www.tornum.com\/fi\/wp-json\/wp\/v2\/product\/25975","targetHints":{"allow":["GET"]}}],"collection":[{"href":"https:\/\/www.tornum.com\/fi\/wp-json\/wp\/v2\/product"}],"about":[{"href":"https:\/\/www.tornum.com\/fi\/wp-json\/wp\/v2\/types\/product"}],"replies":[{"embeddable":true,"href":"https:\/\/www.tornum.com\/fi\/wp-json\/wp\/v2\/comments?post=25975"}],"version-history":[{"count":1,"href":"https:\/\/www.tornum.com\/fi\/wp-json\/wp\/v2\/product\/25975\/revisions"}],"predecessor-version":[{"id":25987,"href":"https:\/\/www.tornum.com\/fi\/wp-json\/wp\/v2\/product\/25975\/revisions\/25987"}],"wp:featuredmedia":[{"embeddable":true,"href":"https:\/\/www.tornum.com\/fi\/wp-json\/wp\/v2\/media\/25264"}],"wp:attachment":[{"href":"https:\/\/www.tornum.com\/fi\/wp-json\/wp\/v2\/media?parent=25975"}],"wp:term":[{"taxonomy":"product_brand","embeddable":true,"href":"https:\/\/www.tornum.com\/fi\/wp-json\/wp\/v2\/product_brand?post=25975"},{"taxonomy":"product_cat","embeddable":true,"href":"https:\/\/www.tornum.com\/fi\/wp-json\/wp\/v2\/product_cat?post=25975"},{"taxonomy":"product_tag","embeddable":true,"href":"https:\/\/www.tornum.com\/fi\/wp-json\/wp\/v2\/product_tag?post=25975"}],"curies":[{"name":"wp","href":"https:\/\/api.w.org\/{rel}","templated":true}]}}