{"id":25977,"date":"2023-05-14T20:53:53","date_gmt":"2023-05-14T20:53:53","guid":{"rendered":"https:\/\/www.tornum.com\/product\/idc-intelligent-dryer-control\/"},"modified":"2025-07-30T11:51:51","modified_gmt":"2025-07-30T11:51:51","slug":"idc-kuivurin-alyvalvonta","status":"publish","type":"product","link":"https:\/\/www.tornum.com\/fi\/tuote\/idc-kuivurin-alyvalvonta\/","title":{"rendered":"IDC \u2013 KUIVURIN \u00c4LYVALVONTA"},"content":{"rendered":"<div class=\"wpb-content-wrapper\"><p>[vc_row][vc_column width=&#8221;2\/3&#8243;][vc_column_text]T\u00e4ydellinen valvonta &#8211; miss\u00e4 oletkin<\/p>\n<p>Tornum IDC on jatkuvatoimisissa kuivureissa poistettavaa kosteutta valvova ja ohjaava ohjelmistopohjainen ohjausj\u00e4rjestelm\u00e4, joka koostuu kosteusantureista ja ohjausyksik\u00f6st\u00e4. K\u00e4ytt\u00e4j\u00e4yst\u00e4v\u00e4llisen k\u00e4ytt\u00f6liittym\u00e4n kautta voit valvoa koko kuivausprosessia tietokoneellasi tai tabletillasi.<\/p>\n<p><strong>Tarkka kuivaus varmistaa oikean kosteuspitoisuuden<\/strong><br \/>\nYksi antureista on sijoitettu ylemp\u00e4\u00e4n kuivauskennoon ja mittaa sis\u00e4\u00e4n tulevan viljan kosteutta. Toinen anturi on sijoitettu j\u00e4\u00e4hdyskennoon, l\u00e4helle kuivurin tyhjennyskohtaa. Sis\u00e4\u00e4n- ja ulospuhallettavan ilman kosteustietojen perusteella, ohjausyksikk\u00f6 s\u00e4\u00e4t\u00e4\u00e4 kuivurin l\u00e4pivirtausaikaa niin, ett\u00e4 tyhjennett\u00e4v\u00e4n viljan kosteusprosentti pysyy vakiona, ulkoisista olosuhteista riippumatta.<\/p>\n<p><strong>Minimoi kuivauskustannukset<\/strong><br \/>\nViel\u00e4 t\u00e4rke\u00e4mp\u00e4\u00e4 on, ett\u00e4 Tornum IDC:n avulla kuivausprosessin arvailut ja vain varmuuden vuoksi tehty, liika kuivaus, voidaan j\u00e4tt\u00e4\u00e4 pois \u2013 kallis k\u00e4yt\u00e4nt\u00f6, jota ei en\u00e4\u00e4 tarvita. Kuivausprosessin valvontaan tarvitaan v\u00e4hemm\u00e4n ty\u00f6tunteja ja se v\u00e4hent\u00e4\u00e4 kustannuksia.<\/p>\n<p><strong>Optimoi viljan laadun<\/strong><br \/>\nViljan kuivaaminen Tornum IDC:ll\u00e4 tarkoittaa my\u00f6s, ett\u00e4 saavutat jatkuvasti halutun kosteustason, mik\u00e4 maksimoi tuotteen laadun, painon ja hinnan.[\/vc_column_text][\/vc_column][vc_column width=&#8221;1\/3&#8243;][vc_column_text]<strong>EDUT<\/strong><br \/>\n\u2022 Pienemm\u00e4t kuivauskustannukset<br \/>\n\u2022 Parempi kuivausteho<br \/>\n\u2022 Kuivausprosessin t\u00e4ydellinen hallinta<br \/>\n\u2022 Vaihda viljalajia ja kuivaustapaa napin painalluksella<br \/>\n\u2022 Optimoitu kuivausprosessi<br \/>\n\u2022 \u00c4lyk\u00e4s ohjelmisto mukautuu olosuhteisiin<br \/>\n\u2022 Helppo asentaa, helppo k\u00e4ytt\u00e4\u00e4<br \/>\n\u2022 V\u00e4litt\u00f6m\u00e4sti kannattava sijoitus[\/vc_column_text][\/vc_column][\/vc_row]<\/p>\n<\/div>","protected":false},"excerpt":{"rendered":"<p>Tornum IDC on jatkuvatoimisissa kuivureissa poistettavaa kosteutta valvova ja ohjaava ohjelmistopohjainen ohjausj\u00e4rjestelm\u00e4, joka koostuu kosteusantureista ja ohjausyksik\u00f6st\u00e4. K\u00e4ytt\u00e4j\u00e4yst\u00e4v\u00e4llisen k\u00e4ytt\u00f6liittym\u00e4n kautta voit valvoa koko kuivausprosessia tietokoneellasi tai tabletillasi.<\/p>\n","protected":false},"featured_media":53222,"comment_status":"open","ping_status":"closed","template":"","meta":{"_acf_changed":false},"product_brand":[],"product_cat":[636,656,708],"product_tag":[647,659,660,661],"class_list":{"0":"post-25977","1":"product","2":"type-product","3":"status-publish","4":"has-post-thumbnail","6":"product_cat-all-products-fi","7":"product_cat-grain-management-fi","8":"product_cat-idc-fi","9":"product_tag-dryer-fi","10":"product_tag-monitoring-fi","11":"product_tag-pc-fi","12":"product_tag-plc-fi","13":"description-off","15":"first","16":"instock","17":"shipping-taxable","18":"product-type-simple"},"acf":[],"_links":{"self":[{"href":"https:\/\/www.tornum.com\/fi\/wp-json\/wp\/v2\/product\/25977","targetHints":{"allow":["GET"]}}],"collection":[{"href":"https:\/\/www.tornum.com\/fi\/wp-json\/wp\/v2\/product"}],"about":[{"href":"https:\/\/www.tornum.com\/fi\/wp-json\/wp\/v2\/types\/product"}],"replies":[{"embeddable":true,"href":"https:\/\/www.tornum.com\/fi\/wp-json\/wp\/v2\/comments?post=25977"}],"version-history":[{"count":2,"href":"https:\/\/www.tornum.com\/fi\/wp-json\/wp\/v2\/product\/25977\/revisions"}],"predecessor-version":[{"id":25991,"href":"https:\/\/www.tornum.com\/fi\/wp-json\/wp\/v2\/product\/25977\/revisions\/25991"}],"wp:featuredmedia":[{"embeddable":true,"href":"https:\/\/www.tornum.com\/fi\/wp-json\/wp\/v2\/media\/53222"}],"wp:attachment":[{"href":"https:\/\/www.tornum.com\/fi\/wp-json\/wp\/v2\/media?parent=25977"}],"wp:term":[{"taxonomy":"product_brand","embeddable":true,"href":"https:\/\/www.tornum.com\/fi\/wp-json\/wp\/v2\/product_brand?post=25977"},{"taxonomy":"product_cat","embeddable":true,"href":"https:\/\/www.tornum.com\/fi\/wp-json\/wp\/v2\/product_cat?post=25977"},{"taxonomy":"product_tag","embeddable":true,"href":"https:\/\/www.tornum.com\/fi\/wp-json\/wp\/v2\/product_tag?post=25977"}],"curies":[{"name":"wp","href":"https:\/\/api.w.org\/{rel}","templated":true}]}}