{"id":25999,"date":"2023-05-14T21:57:30","date_gmt":"2023-05-14T21:57:30","guid":{"rendered":"https:\/\/www.tornum.com\/product\/intake-building\/"},"modified":"2025-07-30T12:00:35","modified_gmt":"2025-07-30T12:00:35","slug":"vastaanottorakennus","status":"publish","type":"product","link":"https:\/\/www.tornum.com\/fi\/tuote\/vastaanottorakennus\/","title":{"rendered":"VASTAANOTTORAKENNUS"},"content":{"rendered":"<p>Tornum tarjoaa varusteita ja rakennuksia tehokkaampaan viljan k\u00e4sittelyyn jos t\u00e4ydellisen viljank\u00e4sittelylaitteiston tarvetta ei ole, mutta parannuksia halutaan viljan vastaanottoon ja kuivurin tyhjent\u00e4miseen. Uusi rakennus voidaan rakentaa olemassa olevien rakennusten kanssa yhteen tai se voi olla erillinen.<\/p>\n<p>Kaikki rakennukset ja ter\u00e4srakenteet on CE-merkittyj\u00e4 EN 1090-1:n mukaisesti, mik\u00e4 on EU:n vaatimus vuodesta 2014 l\u00e4htien<\/p>\n","protected":false},"excerpt":{"rendered":"<p>Tornum tarjoaa varusteita ja rakennuksia tehokkaampaan viljan k\u00e4sittelyyn jos t\u00e4ydellisen viljank\u00e4sittelylaitteiston tarvetta ei ole, mutta parannuksia halutaan viljan vastaanottoon ja kuivurin tyhjent\u00e4miseen. Uusi rakennus voidaan rakentaa olemassa olevien rakennusten kanssa yhteen tai se voi olla erillinen.<\/p>\n<p>Kaikki rakennukset ja ter\u00e4srakenteet on CE-merkittyj\u00e4 EN 1090-1:n mukaisesti, mik\u00e4 on EU:n vaatimus vuodesta 2014 l\u00e4htien<\/p>\n","protected":false},"featured_media":25304,"comment_status":"open","ping_status":"closed","template":"","meta":{"_acf_changed":false},"product_brand":[],"product_cat":[636,681,682],"product_tag":[668,686,647,709],"class_list":{"0":"post-25999","1":"product","2":"type-product","3":"status-publish","4":"has-post-thumbnail","6":"product_cat-all-products-fi","7":"product_cat-storage-fi","8":"product_cat-building-storage-fi","9":"product_tag-bin-fi","10":"product_tag-building-fi","11":"product_tag-dryer-fi","12":"product_tag-intake-fi","13":"description-off","15":"first","16":"instock","17":"shipping-taxable","18":"product-type-simple"},"acf":[],"_links":{"self":[{"href":"https:\/\/www.tornum.com\/fi\/wp-json\/wp\/v2\/product\/25999","targetHints":{"allow":["GET"]}}],"collection":[{"href":"https:\/\/www.tornum.com\/fi\/wp-json\/wp\/v2\/product"}],"about":[{"href":"https:\/\/www.tornum.com\/fi\/wp-json\/wp\/v2\/types\/product"}],"replies":[{"embeddable":true,"href":"https:\/\/www.tornum.com\/fi\/wp-json\/wp\/v2\/comments?post=25999"}],"version-history":[{"count":3,"href":"https:\/\/www.tornum.com\/fi\/wp-json\/wp\/v2\/product\/25999\/revisions"}],"predecessor-version":[{"id":29889,"href":"https:\/\/www.tornum.com\/fi\/wp-json\/wp\/v2\/product\/25999\/revisions\/29889"}],"wp:featuredmedia":[{"embeddable":true,"href":"https:\/\/www.tornum.com\/fi\/wp-json\/wp\/v2\/media\/25304"}],"wp:attachment":[{"href":"https:\/\/www.tornum.com\/fi\/wp-json\/wp\/v2\/media?parent=25999"}],"wp:term":[{"taxonomy":"product_brand","embeddable":true,"href":"https:\/\/www.tornum.com\/fi\/wp-json\/wp\/v2\/product_brand?post=25999"},{"taxonomy":"product_cat","embeddable":true,"href":"https:\/\/www.tornum.com\/fi\/wp-json\/wp\/v2\/product_cat?post=25999"},{"taxonomy":"product_tag","embeddable":true,"href":"https:\/\/www.tornum.com\/fi\/wp-json\/wp\/v2\/product_tag?post=25999"}],"curies":[{"name":"wp","href":"https:\/\/api.w.org\/{rel}","templated":true}]}}