{"id":26000,"date":"2023-04-03T12:15:20","date_gmt":"2023-04-03T12:15:20","guid":{"rendered":"https:\/\/www.tornum.com\/product\/intake-pit-tgs\/"},"modified":"2025-07-30T12:09:59","modified_gmt":"2025-07-30T12:09:59","slug":"tayttokuilu-tgs","status":"publish","type":"product","link":"https:\/\/www.tornum.com\/fi\/tuote\/tayttokuilu-tgs\/","title":{"rendered":"T\u00c4YTT\u00d6KUILU TGS"},"content":{"rendered":"<div class=\"wpb-content-wrapper\"><p>[vc_row gap=&#8221;35&#8243; css=&#8221;.vc_custom_1683181467819{padding-left: 10px !important;}&#8221;][vc_column width=&#8221;2\/3&#8243;][vc_column_text]Tornumin t\u00e4ytt\u00f6kuilu TGS tarjoaa suuren tilavuuden matalasta rakenteestaan huolimatta. Kuilussa on sile\u00e4 sis\u00e4puoli hyv\u00e4n hygienian ja minimaalisen puhdistuksen takaamiseksi. TGS-t\u00e4ytt\u00f6kuilu soveltuu kanavaan asennettaville ketjukuljettimille 400 tonnin tuntitehoon saakka.[\/vc_column_text][\/vc_column][vc_column width=&#8221;1\/3&#8243;][vc_column_text]<strong>OMINAISUUDET<\/strong><br \/>\n\u2022 Valmistettu kuumasinkityst\u00e4, ulkopuolelta vahvistetusta ter\u00e4slevyst\u00e4<br \/>\n\u2022 Varustettu vahvoilla kantavilla palkeilla, jotka helpottavat asennusta ja tukevat kuormaa kantavia ritil\u00f6it\u00e4<br \/>\n\u2022 Sile\u00e4 sis\u00e4puoli takaa hyv\u00e4n hygienian ja minimaalisen puhdistuksen<br \/>\n\u2022 Koottu ruuviliitoksilla<\/p>\n<p><strong>LIS\u00c4VARUSTEET<\/strong><br \/>\n\u2022 Kuormaa kest\u00e4v\u00e4t ritil\u00e4t<br \/>\n\u2022 Kuilun sivusuojukset<br \/>\n\u2022 T\u00e4ytt\u00f6h\u00e4lytin[\/vc_column_text][\/vc_column][\/vc_row]<\/p>\n<\/div>","protected":false},"excerpt":{"rendered":"<p>Tornumin t\u00e4ytt\u00f6kuilu TGS tarjoaa suuren tilavuuden matalasta rakenteestaan huolimatta. Kuilussa on sile\u00e4 sis\u00e4puoli hyv\u00e4n hygienian ja minimaalisen puhdistuksen takaamiseksi. TGS-t\u00e4ytt\u00f6kuilu soveltuu kanavaan asennettaville ketjukuljettimille 400 tonnin tuntitehoon saakka.<\/p>\n","protected":false},"featured_media":24759,"comment_status":"open","ping_status":"closed","template":"","meta":{"_acf_changed":false},"product_brand":[],"product_cat":[636,654,643,644,650,675,676],"product_tag":[647,709,710,670],"class_list":{"0":"post-26000","1":"product","2":"type-product","3":"status-publish","4":"has-post-thumbnail","6":"product_cat-all-products-fi","7":"product_cat-feed-fi","8":"product_cat-food-2-fi","9":"product_cat-grain-fi","10":"product_cat-material-handling-fi","11":"product_cat-intake-pit-fi","12":"product_cat-intake-pit-storage-fi","13":"product_tag-dryer-fi","14":"product_tag-intake-fi","15":"product_tag-pits-fi","16":"product_tag-transport-fi","17":"pa_products-type-grain-fi","18":"description-off","20":"first","21":"instock","22":"shipping-taxable","23":"product-type-simple"},"acf":[],"_links":{"self":[{"href":"https:\/\/www.tornum.com\/fi\/wp-json\/wp\/v2\/product\/26000","targetHints":{"allow":["GET"]}}],"collection":[{"href":"https:\/\/www.tornum.com\/fi\/wp-json\/wp\/v2\/product"}],"about":[{"href":"https:\/\/www.tornum.com\/fi\/wp-json\/wp\/v2\/types\/product"}],"replies":[{"embeddable":true,"href":"https:\/\/www.tornum.com\/fi\/wp-json\/wp\/v2\/comments?post=26000"}],"version-history":[{"count":6,"href":"https:\/\/www.tornum.com\/fi\/wp-json\/wp\/v2\/product\/26000\/revisions"}],"predecessor-version":[{"id":46984,"href":"https:\/\/www.tornum.com\/fi\/wp-json\/wp\/v2\/product\/26000\/revisions\/46984"}],"wp:featuredmedia":[{"embeddable":true,"href":"https:\/\/www.tornum.com\/fi\/wp-json\/wp\/v2\/media\/24759"}],"wp:attachment":[{"href":"https:\/\/www.tornum.com\/fi\/wp-json\/wp\/v2\/media?parent=26000"}],"wp:term":[{"taxonomy":"product_brand","embeddable":true,"href":"https:\/\/www.tornum.com\/fi\/wp-json\/wp\/v2\/product_brand?post=26000"},{"taxonomy":"product_cat","embeddable":true,"href":"https:\/\/www.tornum.com\/fi\/wp-json\/wp\/v2\/product_cat?post=26000"},{"taxonomy":"product_tag","embeddable":true,"href":"https:\/\/www.tornum.com\/fi\/wp-json\/wp\/v2\/product_tag?post=26000"}],"curies":[{"name":"wp","href":"https:\/\/api.w.org\/{rel}","templated":true}]}}