{"id":26001,"date":"2023-05-14T19:45:08","date_gmt":"2023-05-14T19:45:08","guid":{"rendered":"https:\/\/www.tornum.com\/product\/l-line-conveyors\/"},"modified":"2025-08-01T10:03:04","modified_gmt":"2025-08-01T10:03:04","slug":"l-line-kuljettimet","status":"publish","type":"product","link":"https:\/\/www.tornum.com\/fi\/tuote\/l-line-kuljettimet\/","title":{"rendered":"L-LINE KULJETTIMET"},"content":{"rendered":"<p>T\u00e4m\u00e4 laitevalikoima, joka on tarkoitettu pienemmille tiloille, s\u00e4\u00e4nn\u00f6lliseen k\u00e4ytt\u00f6\u00f6n puintikauden aikana, on saatavana vehn\u00e4n 30-60 t\/h siirtoteholla. T\u00e4ysi laitevalikoima sis\u00e4lt\u00e4\u00e4 pysty-, vaaka-, kaarevaan ja kaltevaan asentoon asennetut laitteet, jotka on suunniteltu asennettavaksi oikeaan asentoon viljavirrassa. Tarjolla on t\u00e4ysi valikoima lis\u00e4varusteita, jotka sis\u00e4lt\u00e4v\u00e4t k\u00e4sik\u00e4ytt\u00f6iset, s\u00e4hk\u00f6iset ja pneumaattiset sulkuluukut, turva-anturit, nopeusvalvonta-anturit ym. Siirtovarusteet voidaan r\u00e4\u00e4t\u00e4l\u00f6id\u00e4 vastaamaan asiakkaiden erilaisia \u200b\u200bhihna- tai vaihdemoottorik\u00e4ytt\u00f6\u00e4 koskevia vaatimuksia.<\/p>\n","protected":false},"excerpt":{"rendered":"<p>L-Line on erityisesti tarkoitettu pienten tilojen tarpeisiin. Se sopii erityisesti pienille ja keskisuurille tiloille, joilla viljan siirron tarvetta on erityisesti puinnin aikana.<\/p>\n","protected":false},"featured_media":25266,"comment_status":"open","ping_status":"closed","template":"","meta":{"_acf_changed":false},"product_brand":[],"product_cat":[636,644,650,701],"product_tag":[669,673,679,670],"class_list":{"0":"post-26001","1":"product","2":"type-product","3":"status-publish","4":"has-post-thumbnail","6":"product_cat-all-products-fi","7":"product_cat-grain-fi","8":"product_cat-material-handling-fi","9":"product_cat-conveyors-fi","10":"product_tag-conveyor-fi","11":"product_tag-dc-remover-fi","12":"product_tag-elevator-fi","13":"product_tag-transport-fi","14":"description-off","16":"first","17":"instock","18":"shipping-taxable","19":"product-type-simple"},"acf":[],"_links":{"self":[{"href":"https:\/\/www.tornum.com\/fi\/wp-json\/wp\/v2\/product\/26001","targetHints":{"allow":["GET"]}}],"collection":[{"href":"https:\/\/www.tornum.com\/fi\/wp-json\/wp\/v2\/product"}],"about":[{"href":"https:\/\/www.tornum.com\/fi\/wp-json\/wp\/v2\/types\/product"}],"replies":[{"embeddable":true,"href":"https:\/\/www.tornum.com\/fi\/wp-json\/wp\/v2\/comments?post=26001"}],"version-history":[{"count":2,"href":"https:\/\/www.tornum.com\/fi\/wp-json\/wp\/v2\/product\/26001\/revisions"}],"predecessor-version":[{"id":26013,"href":"https:\/\/www.tornum.com\/fi\/wp-json\/wp\/v2\/product\/26001\/revisions\/26013"}],"wp:featuredmedia":[{"embeddable":true,"href":"https:\/\/www.tornum.com\/fi\/wp-json\/wp\/v2\/media\/25266"}],"wp:attachment":[{"href":"https:\/\/www.tornum.com\/fi\/wp-json\/wp\/v2\/media?parent=26001"}],"wp:term":[{"taxonomy":"product_brand","embeddable":true,"href":"https:\/\/www.tornum.com\/fi\/wp-json\/wp\/v2\/product_brand?post=26001"},{"taxonomy":"product_cat","embeddable":true,"href":"https:\/\/www.tornum.com\/fi\/wp-json\/wp\/v2\/product_cat?post=26001"},{"taxonomy":"product_tag","embeddable":true,"href":"https:\/\/www.tornum.com\/fi\/wp-json\/wp\/v2\/product_tag?post=26001"}],"curies":[{"name":"wp","href":"https:\/\/api.w.org\/{rel}","templated":true}]}}