{"id":26002,"date":"2023-03-23T22:10:29","date_gmt":"2023-03-23T22:10:29","guid":{"rendered":"https:\/\/www.tornum.com\/product\/kanalsystem\/"},"modified":"2025-07-30T12:19:20","modified_gmt":"2025-07-30T12:19:20","slug":"kanalsystem","status":"publish","type":"product","link":"https:\/\/www.tornum.com\/fi\/tuote\/kanalsystem\/","title":{"rendered":"KANALSYSTEM"},"content":{"rendered":"<div class=\"wpb-content-wrapper\"><p>[vc_row][vc_column width=&#8221;2\/3&#8243;][vc_column_text]Tornum\u2019in KANALSYSTEM\u2122 tarjoaa ainutlaatuisen kaksoistoiminnon \u2013 suuren tyhjennystehon yhdess\u00e4 erinomaisten viljan tuuletusominaisuuksien kanssa. Se koostuu lattiassa olevista kanavien rei&#8217;itetyist\u00e4 peitelevyist\u00e4 ja niiden v\u00e4liss\u00e4 olevista harjanteista. Kanavien v\u00e4liss\u00e4 olevien betoniharjanteiden ja kanaviin puhallettavan ilman avulla varmistetaan 100 prosenttinen tyhjennys.<\/p>\n<p>Turvallisuus on yksi KANALSYSTEM\u2122:n suurimmista eduista. J\u00e4rjestelm\u00e4 on itsepuhdistuva eik\u00e4 siilon sis\u00e4ll\u00e4 ole mekaanisia osia. Lakaisuruuvia ei tarvita, eik\u00e4 kenenk\u00e4\u00e4n tarvitse menn\u00e4 siiloon tyhjennyksen aikana. KANALSYSTEM\u2122:n tyhjennyskapasiteetti on jopa 1000 tonnia tunnissa.[\/vc_column_text][\/vc_column][vc_column width=&#8221;1\/3&#8243;][vc_column_text]<strong>OMINAISUUDET<\/strong><br \/>\n\u2022 Suuri purkauskapasiteetti<br \/>\n\u2022 Eritt\u00e4in hyv\u00e4t viljan tuuletusominaisuudet<br \/>\n\u2022 Ei sis\u00e4ist\u00e4 mekanismia<br \/>\n\u2022 Soveltuu kaikentyyppisiin betonilattiasiiloihin halkaisijasta riippumatta<\/p>\n<p><strong>LIS\u00c4VARUSTEET<\/strong><br \/>\n\u2022 Sulkupellit, k\u00e4si- tai moottorik\u00e4ytt\u00f6iset<br \/>\n\u2022 Ulkoinen kanavaj\u00e4rjestelm\u00e4[\/vc_column_text][\/vc_column][\/vc_row]<\/p>\n<\/div>","protected":false},"excerpt":{"rendered":"<p>Turvallisuus on yksi KANALSYSTEM\u2122:n suurimmista eduista. J\u00e4rjestelm\u00e4 on itsepuhdistuva eik\u00e4 siilon sis\u00e4ll\u00e4 ole mekaanisia osia. Lakaisuruuvia ei tarvita, eik\u00e4 kenenk\u00e4\u00e4n tarvitse menn\u00e4 siiloon tyhjennyksen aikana. KANALSYSTEM\u2122:n tyhjennyskapasiteetti on jopa 1000 tonnia tunnissa.<\/p>\n","protected":false},"featured_media":24748,"comment_status":"open","ping_status":"closed","template":"","meta":{"_acf_changed":false},"product_brand":[],"product_cat":[636,644,650,689,711,637,712],"product_tag":[652,640,688,684],"class_list":{"0":"post-26002","1":"product","2":"type-product","3":"status-publish","4":"has-post-thumbnail","6":"product_cat-all-products-fi","7":"product_cat-grain-fi","8":"product_cat-material-handling-fi","9":"product_cat-silo-discharge-fi","10":"product_cat-kanalsystem-fi","11":"product_cat-conditioning-fi","12":"product_cat-kanalsystem-conditioning-fi","13":"product_tag-conditioning-fi","14":"product_tag-conditioning-laterals-fi","15":"product_tag-radial-fan-fi","16":"product_tag-storage-fi","17":"pa_products-type-all-products-fi","18":"pa_products-type-grain-fi","19":"description-off","21":"first","22":"instock","23":"shipping-taxable","24":"product-type-simple"},"acf":[],"_links":{"self":[{"href":"https:\/\/www.tornum.com\/fi\/wp-json\/wp\/v2\/product\/26002","targetHints":{"allow":["GET"]}}],"collection":[{"href":"https:\/\/www.tornum.com\/fi\/wp-json\/wp\/v2\/product"}],"about":[{"href":"https:\/\/www.tornum.com\/fi\/wp-json\/wp\/v2\/types\/product"}],"replies":[{"embeddable":true,"href":"https:\/\/www.tornum.com\/fi\/wp-json\/wp\/v2\/comments?post=26002"}],"version-history":[{"count":2,"href":"https:\/\/www.tornum.com\/fi\/wp-json\/wp\/v2\/product\/26002\/revisions"}],"predecessor-version":[{"id":26011,"href":"https:\/\/www.tornum.com\/fi\/wp-json\/wp\/v2\/product\/26002\/revisions\/26011"}],"wp:featuredmedia":[{"embeddable":true,"href":"https:\/\/www.tornum.com\/fi\/wp-json\/wp\/v2\/media\/24748"}],"wp:attachment":[{"href":"https:\/\/www.tornum.com\/fi\/wp-json\/wp\/v2\/media?parent=26002"}],"wp:term":[{"taxonomy":"product_brand","embeddable":true,"href":"https:\/\/www.tornum.com\/fi\/wp-json\/wp\/v2\/product_brand?post=26002"},{"taxonomy":"product_cat","embeddable":true,"href":"https:\/\/www.tornum.com\/fi\/wp-json\/wp\/v2\/product_cat?post=26002"},{"taxonomy":"product_tag","embeddable":true,"href":"https:\/\/www.tornum.com\/fi\/wp-json\/wp\/v2\/product_tag?post=26002"}],"curies":[{"name":"wp","href":"https:\/\/api.w.org\/{rel}","templated":true}]}}