{"id":26004,"date":"2023-05-14T21:06:24","date_gmt":"2023-05-14T21:06:24","guid":{"rendered":"https:\/\/www.tornum.com\/product\/level-indicator\/"},"modified":"2025-07-30T12:27:39","modified_gmt":"2025-07-30T12:27:39","slug":"tayttohalytin","status":"publish","type":"product","link":"https:\/\/www.tornum.com\/fi\/tuote\/tayttohalytin\/","title":{"rendered":"T\u00c4YTT\u00d6H\u00c4LYTIN"},"content":{"rendered":"<div class=\"wpb-content-wrapper\"><p>[vc_row][vc_column width=&#8221;2\/3&#8243;][vc_column_text]Tornumin kapasitiiviset t\u00e4ytt\u00f6h\u00e4lyttimet on suunniteltu automaattisten viljank\u00e4sittelyj\u00e4rjestelmien valvontaan ja ohjaukseen. Niiss\u00e4 on erityinen korkeuss\u00e4\u00e4dett\u00e4v\u00e4 kiinnitys siilon kattoon asennusta varten.[\/vc_column_text][\/vc_column][vc_column width=&#8221;1\/3&#8243;][vc_column_text]<strong>OMINAISUUDET<\/strong><br \/>\n\u2022 Siirrett\u00e4v\u00e4 t\u00e4ytt\u00f6h\u00e4lytin liitet\u00e4\u00e4n yhden metrin putkeen liit\u00e4nt\u00e4rasian avulla. Se voidaan asentaa tuettuna tai lattian l\u00e4vitse eri k\u00e4ytt\u00f6kulmista riippuen.<br \/>\n\u2022 Voidaan k\u00e4ytt\u00e4\u00e4 t\u00e4ytt\u00f6kuilussa elevaattorin pys\u00e4ytt\u00e4miseen, kun kuilu on tyhj\u00e4.<br \/>\n\u2022 Voidaan k\u00e4ytt\u00e4\u00e4 kuivurissa tai siilossa t\u00e4yt\u00f6n aikana kuljettimen ja elevaattorin v\u00e4lill\u00e4, ylit\u00e4yt\u00f6n est\u00e4miseksi.<br \/>\n\u2022 Voidaan k\u00e4ytt\u00e4\u00e4 kunnostus-\/viljasiilossa murskaimen\/myllyn pys\u00e4ytt\u00e4miseen, kun materiaali loppuu.<br \/>\n\u2022 Voidaan k\u00e4ytt\u00e4\u00e4 rehusiilossa murskaimen\/myllyn pys\u00e4ytt\u00e4miseen, kun siilo on t\u00e4ynn\u00e4.<br \/>\n\u2022 Kiinte\u00e4 t\u00e4ytt\u00f6h\u00e4lytin voidaan asentaa kuivuriin tai varastosiilon sein\u00e4\u00e4n.[\/vc_column_text][\/vc_column][\/vc_row]<\/p>\n<\/div>","protected":false},"excerpt":{"rendered":"<p>Tornumin kapasitiiviset t\u00e4ytt\u00f6h\u00e4lyttimet on suunniteltu automaattisten viljank\u00e4sittelyj\u00e4rjestelmien valvontaan ja ohjaukseen. Niiss\u00e4 on erityinen korkeuss\u00e4\u00e4dett\u00e4v\u00e4 kiinnitys siilon kattoon asennusta varten.<\/p>\n","protected":false},"featured_media":50385,"comment_status":"open","ping_status":"closed","template":"","meta":{"_acf_changed":false},"product_brand":[],"product_cat":[636,656,713],"product_tag":[647,659,661,684],"class_list":{"0":"post-26004","1":"product","2":"type-product","3":"status-publish","4":"has-post-thumbnail","6":"product_cat-all-products-fi","7":"product_cat-grain-management-fi","8":"product_cat-accessories-grain-management-fi","9":"product_tag-dryer-fi","10":"product_tag-monitoring-fi","11":"product_tag-plc-fi","12":"product_tag-storage-fi","13":"description-off","15":"first","16":"instock","17":"shipping-taxable","18":"product-type-simple"},"acf":[],"_links":{"self":[{"href":"https:\/\/www.tornum.com\/fi\/wp-json\/wp\/v2\/product\/26004","targetHints":{"allow":["GET"]}}],"collection":[{"href":"https:\/\/www.tornum.com\/fi\/wp-json\/wp\/v2\/product"}],"about":[{"href":"https:\/\/www.tornum.com\/fi\/wp-json\/wp\/v2\/types\/product"}],"replies":[{"embeddable":true,"href":"https:\/\/www.tornum.com\/fi\/wp-json\/wp\/v2\/comments?post=26004"}],"version-history":[{"count":3,"href":"https:\/\/www.tornum.com\/fi\/wp-json\/wp\/v2\/product\/26004\/revisions"}],"predecessor-version":[{"id":50601,"href":"https:\/\/www.tornum.com\/fi\/wp-json\/wp\/v2\/product\/26004\/revisions\/50601"}],"wp:featuredmedia":[{"embeddable":true,"href":"https:\/\/www.tornum.com\/fi\/wp-json\/wp\/v2\/media\/50385"}],"wp:attachment":[{"href":"https:\/\/www.tornum.com\/fi\/wp-json\/wp\/v2\/media?parent=26004"}],"wp:term":[{"taxonomy":"product_brand","embeddable":true,"href":"https:\/\/www.tornum.com\/fi\/wp-json\/wp\/v2\/product_brand?post=26004"},{"taxonomy":"product_cat","embeddable":true,"href":"https:\/\/www.tornum.com\/fi\/wp-json\/wp\/v2\/product_cat?post=26004"},{"taxonomy":"product_tag","embeddable":true,"href":"https:\/\/www.tornum.com\/fi\/wp-json\/wp\/v2\/product_tag?post=26004"}],"curies":[{"name":"wp","href":"https:\/\/api.w.org\/{rel}","templated":true}]}}