{"id":26005,"date":"2023-05-14T22:02:05","date_gmt":"2023-05-14T22:02:05","guid":{"rendered":"https:\/\/www.tornum.com\/product\/magnets\/"},"modified":"2025-07-30T12:36:06","modified_gmt":"2025-07-30T12:36:06","slug":"magneetit","status":"publish","type":"product","link":"https:\/\/www.tornum.com\/fi\/tuote\/magneetit\/","title":{"rendered":"MAGNEETIT"},"content":{"rendered":"<p>Tornum-putkimagneetit suodattavat ei-toivotut ferromagneettiset metallihiukkaset pois rakeista, kuiduista ja karkeammista materiaaleista suuritehoisissa, vapaalla pudotuksella olevissa putkistoissa. Ne ovat rakenteeltaan vahvoja ja kest\u00e4v\u00e4t jatkuvaa k\u00e4ytt\u00f6\u00e4. Ne tarjoavat eritt\u00e4in korkean erotusasteen, jos magneetit puhdistetaan s\u00e4\u00e4nn\u00f6llisesti.<\/p>\n<p>60\u00b0 kartio luo tasaisen materiaalivirtauksen ja hyv\u00e4n jakautumisen. Materiaali l\u00e4p\u00e4isee kaksi voimakasta magneettikentt\u00e4\u00e4, joissa ohjausliuskat ohjaavat tuotetta kohti magneetin ydint\u00e4.<\/p>\n<p>Kestoputkimagneetissa on suuri, sylinterim\u00e4inen kestomagneettiydin, jossa on voimakas ja syv\u00e4 magneettikentt\u00e4. Magneettisyd\u00e4n suodattaa ferromagneettiset hiukkaset pois tuotevirrasta ja pit\u00e4\u00e4 ne sis\u00e4ll\u00e4\u00e4n, kunnes ydin puhdistetaan.<\/p>\n<p><strong>OMINAISUUDET:<\/strong><br \/>\n\u2022 Materiaalivirta on pys\u00e4ytett\u00e4v\u00e4 magneetin puhdistamiseksi<br \/>\n\u2022 Ruostumaton ter\u00e4skotelo<br \/>\n\u2022 Magneetin ydin yl\u00e4kartiolla varmistaa materiaalin hyv\u00e4n jakautumisen<br \/>\n\u2022 Tuote l\u00e4p\u00e4isee kaksi voimakasta magneettikentt\u00e4\u00e4 parhaan tuloksen saavuttamiseksi<br \/>\n\u2022 Ohjausliuskat putkessa pakottavat materiaalin kohti magneetin ydint\u00e4<br \/>\n\u2022 P\u00f6lyr\u00e4j\u00e4hdyssuojattu versio Ex II 1\/2D ATEX-direktiivin 94\/9\/EY mukaisesti<\/p>\n<h3><strong>LEVYMAGNEETIT<\/strong><\/h3>\n<p>Levymagneetit ovat kustannustehokkaita ja kest\u00e4vi\u00e4. Ne sopivat ei-toivottujen ferromagneettisten metallihiukkasten poistamiseen vapaan putouksen materiaalivirroista tai kuljetushihnoilla olevasta materiaalista, joissa on suhteellisen v\u00e4h\u00e4n magneettista ainesta. Ne tarjoavat syv\u00e4n, voimakkaan magneettikent\u00e4n, joka ker\u00e4\u00e4 Fe-hiukkaset materiaalivirrasta ja s\u00e4ilytt\u00e4\u00e4 ne puhdistukseen saakka.<\/p>\n<p>Levymagneetteja on saatavana useita vakiokokoja, joko ferriitti- tai neodyymimagneeteilla (Neoflux\u00ae). Magneetin puhdistus tehd\u00e4\u00e4n k\u00e4sin pyyhkim\u00e4ll\u00e4 tai puoliautomaattisesti k\u00e4\u00e4nt\u00e4m\u00e4ll\u00e4 poistolevy irti magneetista.<\/p>\n<p>Levymagneettia voidaan k\u00e4ytt\u00e4\u00e4 kuljettimen t\u00e4ytt\u00f6- tai poistop\u00e4\u00e4dyss\u00e4. P\u00e4\u00e4tyjen kautta kulkeva materiaali voi saavuttaa eritt\u00e4in suuria nopeuksia. T\u00e4m\u00e4n vuoksi on v\u00e4ltt\u00e4m\u00e4t\u00f6nt\u00e4 k\u00e4ytt\u00e4\u00e4 voimakasta Neoflux\u00ae-magneettia. Tuote koskettaa magneettia tai kulkee sen l\u00e4helt\u00e4, ja voimakas magneetti vet\u00e4\u00e4 Fe-hiukkaset levy\u00e4 kohti ja pit\u00e4\u00e4 ne tukevasti paikallaan.<br \/>\nLevymagneetteja voidaan k\u00e4ytt\u00e4\u00e4 my\u00f6s yl\u00e4puolisina magneetteina, jotka riippuvat materiaalivirran yl\u00e4puolella tai asennetaan materiaalivirran alapuolelle.<\/p>\n<h3><strong>RUMPUMAGNEETIT<\/strong><\/h3>\n<p>Rumpumagneetteja k\u00e4ytet\u00e4\u00e4n tyypillisesti jauheiden, rakeiden, kuitujen ja karkeampien materiaalien yhteydess\u00e4, joissa on suurempi Fe-saastumisaste. Magneettiset erottimet est\u00e4v\u00e4t lopputuotteen saastumisen ja muiden laitteiden tarpeettoman vaurioitumisen.<\/p>\n<p>Rumpumagneetit poistavat ei-toivottuja ferromagneettisia metallihiukkasia, kuten rautaa tai ter\u00e4st\u00e4 tai liev\u00e4sti magneettisia hiukkasia, kuten k\u00e4sitelty\u00e4 ruostumatonta ter\u00e4st\u00e4 materiaaleista, vapaan putouksen materiaalivirtojen putkistoissa.<\/p>\n<p>Rumpumagneetti on kiinte\u00e4 180\u00b0 magneettisegmentti, jonka ymp\u00e4rill\u00e4 py\u00f6rii ruostumaton ter\u00e4srumpu. Rumpumagneetti on jatkuvasti toimiva j\u00e4rjestelm\u00e4, jossa materiaalin virtausta ei tarvitse pys\u00e4ytt\u00e4\u00e4 poistettujen Fe-hiukkasten poistamiseksi. T\u00e4m\u00e4 tekee rumpumagneettista eritt\u00e4in sopivan materiaalivirtoihin, joissa on runsaasti Fe-saastetta.<\/p>\n","protected":false},"excerpt":{"rendered":"<p>Tornum-putkimagneetit suodattavat ei-toivotut ferromagneettiset metallihiukkaset pois rakeista, kuiduista ja karkeammista materiaaleista suuritehoisissa, vapaalla pudotuksella olevissa putkistoissa. Ne ovat rakenteeltaan vahvoja ja kest\u00e4v\u00e4t jatkuvaa k\u00e4ytt\u00f6\u00e4. Ne tarjoavat eritt\u00e4in korkean erotusasteen, jos magneetit puhdistetaan s\u00e4\u00e4nn\u00f6llisesti.<\/p>\n","protected":false},"featured_media":25270,"comment_status":"open","ping_status":"closed","template":"","meta":{"_acf_changed":false},"product_brand":[],"product_cat":[636,654,643,644,650,714],"product_tag":[672,715,653,670],"class_list":{"0":"post-26005","1":"product","2":"type-product","3":"status-publish","4":"has-post-thumbnail","6":"product_cat-all-products-fi","7":"product_cat-feed-fi","8":"product_cat-food-2-fi","9":"product_cat-grain-fi","10":"product_cat-material-handling-fi","11":"product_cat-pipe-system-fi","12":"product_tag-cleaning-fi","13":"product_tag-pipes-fi","14":"product_tag-separation-fi","15":"product_tag-transport-fi","16":"description-off","18":"first","19":"instock","20":"shipping-taxable","21":"product-type-simple"},"acf":[],"_links":{"self":[{"href":"https:\/\/www.tornum.com\/fi\/wp-json\/wp\/v2\/product\/26005","targetHints":{"allow":["GET"]}}],"collection":[{"href":"https:\/\/www.tornum.com\/fi\/wp-json\/wp\/v2\/product"}],"about":[{"href":"https:\/\/www.tornum.com\/fi\/wp-json\/wp\/v2\/types\/product"}],"replies":[{"embeddable":true,"href":"https:\/\/www.tornum.com\/fi\/wp-json\/wp\/v2\/comments?post=26005"}],"version-history":[{"count":2,"href":"https:\/\/www.tornum.com\/fi\/wp-json\/wp\/v2\/product\/26005\/revisions"}],"predecessor-version":[{"id":26019,"href":"https:\/\/www.tornum.com\/fi\/wp-json\/wp\/v2\/product\/26005\/revisions\/26019"}],"wp:featuredmedia":[{"embeddable":true,"href":"https:\/\/www.tornum.com\/fi\/wp-json\/wp\/v2\/media\/25270"}],"wp:attachment":[{"href":"https:\/\/www.tornum.com\/fi\/wp-json\/wp\/v2\/media?parent=26005"}],"wp:term":[{"taxonomy":"product_brand","embeddable":true,"href":"https:\/\/www.tornum.com\/fi\/wp-json\/wp\/v2\/product_brand?post=26005"},{"taxonomy":"product_cat","embeddable":true,"href":"https:\/\/www.tornum.com\/fi\/wp-json\/wp\/v2\/product_cat?post=26005"},{"taxonomy":"product_tag","embeddable":true,"href":"https:\/\/www.tornum.com\/fi\/wp-json\/wp\/v2\/product_tag?post=26005"}],"curies":[{"name":"wp","href":"https:\/\/api.w.org\/{rel}","templated":true}]}}