{"id":26025,"date":"2023-06-12T11:27:56","date_gmt":"2023-06-12T11:27:56","guid":{"rendered":"https:\/\/www.tornum.com\/product\/nmc-natural-moisture-control\/"},"modified":"2025-08-01T06:55:22","modified_gmt":"2025-08-01T06:55:22","slug":"nmc-natural-moisture-control","status":"publish","type":"product","link":"https:\/\/www.tornum.com\/fi\/tuote\/nmc-natural-moisture-control\/","title":{"rendered":"NMC &#8211; NATURAL MOISTURE CONTROL"},"content":{"rendered":"<div class=\"wpb-content-wrapper\"><p>[vc_row][vc_column width=&#8221;1\/2&#8243;][vc_column_text]Itse kehitt\u00e4m\u00e4mme ohjausj\u00e4rjestelm\u00e4 NMC \u2013 Natural Moisture Control mahdollistaa t\u00e4ydellisen, koko kuivaus- ja varastointiprosessin hallinnan. J\u00e4rjestelm\u00e4 toimii aktiivisesti kuivauksen, tuuletuksen ja sekoituksen sovittamiseksi varastotilassa ja sen ulkopuolella vallitsevien olosuhteiden mukaan. NMC varmistaa huolellisen ja energiatehokkaan kuivausprosessin, joka seurauksena satosi on valmis toimitusta varten. Varmistat viljasi laadun ja arvon koko varastointikauden aikana.[\/vc_column_text][\/vc_column][vc_column width=&#8221;1\/2&#8243;][vc_column_text]<strong>Aktiivinen valvonta<\/strong><br \/>\nNMC-j\u00e4rjestelm\u00e4 tarkkailee ja analysoi jatkuvasti kaikkia asennettujen antureiden tietoja. Poikkeamien sattuessa se h\u00e4lytt\u00e4\u00e4 ja voi toimia my\u00f6s itsen\u00e4isesti asennettujen puhaltimien ja sekoituslaitteiden mekaaniseen ohjaukseen.<\/p>\n<p><strong>Pienempi energiankulutus<\/strong><br \/>\nJ\u00e4rjestelm\u00e4 tarkkailee l\u00e4mp\u00f6tiloja ja kosteustasoja sek\u00e4 siilon sis\u00e4ll\u00e4 ett\u00e4 sen ulkopuolella ja s\u00e4\u00e4t\u00e4\u00e4 prosessia tarvittaessa olosuhteiden mukaan.<\/p>\n<p><strong>Vapautta ja ajans\u00e4\u00e4st\u00f6\u00e4<\/strong><br \/>\nNMC-j\u00e4rjestelm\u00e4 on pilvipohjainen ja sit\u00e4 voidaan ohjata ja valvoa mobiililaitteista ja tietokoneista. T\u00e4ydellinen hallinta miss\u00e4 tahansa oletkin.<\/p>\n<p><strong>Hell\u00e4varainen kuivaus<\/strong><br \/>\nJ\u00e4rjestelm\u00e4 j\u00e4ljittelee sadon luonnollista kuivumista sopeuttamalla kuivausprosessi ymp\u00e4r\u00f6iviin olosuhteisiin ja s\u00e4\u00e4t\u00e4m\u00e4ll\u00e4 vain ilmavirtaa. T\u00e4st\u00e4 seuraa hell\u00e4varainen prosessi ilman \u00e4killisi\u00e4 muutoksia, jotka voivat rasittaa jyvi\u00e4 ja heikent\u00e4\u00e4 laatua.[\/vc_column_text][\/vc_column][\/vc_row]<\/p>\n<\/div>","protected":false},"excerpt":{"rendered":"<p>NMC-j\u00e4rjestelm\u00e4 tarkkailee ja analysoi jatkuvasti kaikkia asennettujen antureiden tietoja. Poikkeamien sattuessa se h\u00e4lytt\u00e4\u00e4 ja voi toimia my\u00f6s itsen\u00e4isesti asennettujen puhaltimien ja sekoituslaitteiden mekaaniseen ohjaukseen.<\/p>\n","protected":false},"featured_media":53384,"comment_status":"open","ping_status":"closed","template":"","meta":{"_acf_changed":false},"product_brand":[],"product_cat":[636,644,656,716],"product_tag":[659,684],"class_list":{"0":"post-26025","1":"product","2":"type-product","3":"status-publish","4":"has-post-thumbnail","6":"product_cat-all-products-fi","7":"product_cat-grain-fi","8":"product_cat-grain-management-fi","9":"product_cat-nmc-fi","10":"product_tag-monitoring-fi","11":"product_tag-storage-fi","12":"description-off","14":"first","15":"instock","16":"shipping-taxable","17":"product-type-simple"},"acf":[],"_links":{"self":[{"href":"https:\/\/www.tornum.com\/fi\/wp-json\/wp\/v2\/product\/26025","targetHints":{"allow":["GET"]}}],"collection":[{"href":"https:\/\/www.tornum.com\/fi\/wp-json\/wp\/v2\/product"}],"about":[{"href":"https:\/\/www.tornum.com\/fi\/wp-json\/wp\/v2\/types\/product"}],"replies":[{"embeddable":true,"href":"https:\/\/www.tornum.com\/fi\/wp-json\/wp\/v2\/comments?post=26025"}],"version-history":[{"count":4,"href":"https:\/\/www.tornum.com\/fi\/wp-json\/wp\/v2\/product\/26025\/revisions"}],"predecessor-version":[{"id":51098,"href":"https:\/\/www.tornum.com\/fi\/wp-json\/wp\/v2\/product\/26025\/revisions\/51098"}],"wp:featuredmedia":[{"embeddable":true,"href":"https:\/\/www.tornum.com\/fi\/wp-json\/wp\/v2\/media\/53384"}],"wp:attachment":[{"href":"https:\/\/www.tornum.com\/fi\/wp-json\/wp\/v2\/media?parent=26025"}],"wp:term":[{"taxonomy":"product_brand","embeddable":true,"href":"https:\/\/www.tornum.com\/fi\/wp-json\/wp\/v2\/product_brand?post=26025"},{"taxonomy":"product_cat","embeddable":true,"href":"https:\/\/www.tornum.com\/fi\/wp-json\/wp\/v2\/product_cat?post=26025"},{"taxonomy":"product_tag","embeddable":true,"href":"https:\/\/www.tornum.com\/fi\/wp-json\/wp\/v2\/product_tag?post=26025"}],"curies":[{"name":"wp","href":"https:\/\/api.w.org\/{rel}","templated":true}]}}