{"id":26026,"date":"2023-05-14T21:02:04","date_gmt":"2023-05-14T21:02:04","guid":{"rendered":"https:\/\/www.tornum.com\/product\/relay-cabinet\/"},"modified":"2025-07-30T12:58:46","modified_gmt":"2025-07-30T12:58:46","slug":"plc-sahkokeskus","status":"publish","type":"product","link":"https:\/\/www.tornum.com\/fi\/tuote\/plc-sahkokeskus\/","title":{"rendered":"PLC S\u00c4HK\u00d6KESKUS"},"content":{"rendered":"<div class=\"wpb-content-wrapper\"><p>[vc_row][vc_column width=&#8221;2\/3&#8243;][vc_column_text]TORNUM\u2019in PLC-s\u00e4hk\u00f6keskukset r\u00e4\u00e4t\u00e4l\u00f6id\u00e4\u00e4n yksil\u00f6llisesti kunkin asiakkaan tarpeiden mukaan. Keskus on kuivauslaitteiston ohjausyksikk\u00f6 ja se asennetaan sopivaan ja turvalliseen paikkaan.[\/vc_column_text][\/vc_column][vc_column width=&#8221;1\/3&#8243;][vc_column_text]<strong>RAKENNE JA TOIMINTA<\/strong><br \/>\n\u2022 PLC-ohjaus<br \/>\n\u2022 Vankka rakenne[\/vc_column_text][\/vc_column][\/vc_row]<\/p>\n<\/div>","protected":false},"excerpt":{"rendered":"<p>TORNUM\u2019in PLC-s\u00e4hk\u00f6keskukset r\u00e4\u00e4t\u00e4l\u00f6id\u00e4\u00e4n yksil\u00f6llisesti kunkin asiakkaan tarpeiden mukaan.<\/p>\n","protected":false},"featured_media":25307,"comment_status":"open","ping_status":"closed","template":"","meta":{"_acf_changed":false},"product_brand":[],"product_cat":[636,656,713],"product_tag":[659,660,661],"class_list":{"0":"post-26026","1":"product","2":"type-product","3":"status-publish","4":"has-post-thumbnail","6":"product_cat-all-products-fi","7":"product_cat-grain-management-fi","8":"product_cat-accessories-grain-management-fi","9":"product_tag-monitoring-fi","10":"product_tag-pc-fi","11":"product_tag-plc-fi","12":"description-off","14":"first","15":"instock","16":"shipping-taxable","17":"product-type-simple"},"acf":[],"_links":{"self":[{"href":"https:\/\/www.tornum.com\/fi\/wp-json\/wp\/v2\/product\/26026","targetHints":{"allow":["GET"]}}],"collection":[{"href":"https:\/\/www.tornum.com\/fi\/wp-json\/wp\/v2\/product"}],"about":[{"href":"https:\/\/www.tornum.com\/fi\/wp-json\/wp\/v2\/types\/product"}],"replies":[{"embeddable":true,"href":"https:\/\/www.tornum.com\/fi\/wp-json\/wp\/v2\/comments?post=26026"}],"version-history":[{"count":2,"href":"https:\/\/www.tornum.com\/fi\/wp-json\/wp\/v2\/product\/26026\/revisions"}],"predecessor-version":[{"id":26032,"href":"https:\/\/www.tornum.com\/fi\/wp-json\/wp\/v2\/product\/26026\/revisions\/26032"}],"wp:featuredmedia":[{"embeddable":true,"href":"https:\/\/www.tornum.com\/fi\/wp-json\/wp\/v2\/media\/25307"}],"wp:attachment":[{"href":"https:\/\/www.tornum.com\/fi\/wp-json\/wp\/v2\/media?parent=26026"}],"wp:term":[{"taxonomy":"product_brand","embeddable":true,"href":"https:\/\/www.tornum.com\/fi\/wp-json\/wp\/v2\/product_brand?post=26026"},{"taxonomy":"product_cat","embeddable":true,"href":"https:\/\/www.tornum.com\/fi\/wp-json\/wp\/v2\/product_cat?post=26026"},{"taxonomy":"product_tag","embeddable":true,"href":"https:\/\/www.tornum.com\/fi\/wp-json\/wp\/v2\/product_tag?post=26026"}],"curies":[{"name":"wp","href":"https:\/\/api.w.org\/{rel}","templated":true}]}}