{"id":26027,"date":"2023-04-03T13:08:41","date_gmt":"2023-04-03T13:08:41","guid":{"rendered":"https:\/\/www.tornum.com\/product\/receiving-hopper\/"},"modified":"2025-07-30T13:14:44","modified_gmt":"2025-07-30T13:14:44","slug":"vastaanottokuilu","status":"publish","type":"product","link":"https:\/\/www.tornum.com\/fi\/tuote\/vastaanottokuilu\/","title":{"rendered":"VASTAANOTTOKUILU"},"content":{"rendered":"<div class=\"wpb-content-wrapper\"><p>[vc_row][vc_column width=&#8221;2\/3&#8243;][vc_column_text]TORNUM-vastaanottokuilu on kehitetty vastaamaan markkinoiden kysynt\u00e4\u00e4n yksinkertaisesta viljan vastaanottoj\u00e4rjestelm\u00e4st\u00e4 kuorma-autoja varten. Vastaanottokuilu sijoitetaan maan pinnalle, mik\u00e4 minimoi mahdollisten perustus- ja rakennust\u00f6iden tarpeen.<\/p>\n<p>Vastaanottokuilu on saatavana nelj\u00e4ss\u00e4 eri kokoluokassa ja erilaisilla t\u00e4ytt\u00f6kartion korkeuksilla. Kartion leveys on aina vakio 4,5 m. Kartion pohjan alla olevan kuljettimen kapasiteetti voi vaihdella 30-120 tonnia\/tunti v\u00e4lill\u00e4.[\/vc_column_text][\/vc_column][vc_column width=&#8221;1\/3&#8243;][\/vc_column][\/vc_row]<\/p>\n<\/div>","protected":false},"excerpt":{"rendered":"<p>TORNUM-vastaanottokuilu on kehitetty vastaamaan markkinoiden kysynt\u00e4\u00e4n yksinkertaisesta viljan vastaanottoj\u00e4rjestelm\u00e4st\u00e4 kuorma-autoja varten. Vastaanottokuilu on sijoitettu maanpinnan yl\u00e4puolelle, mik\u00e4 minimoi mahdollisten perustus- ja rakennust\u00f6iden tarpeen.<\/p>\n","protected":false},"featured_media":24770,"comment_status":"open","ping_status":"closed","template":"","meta":{"_acf_changed":false},"product_brand":[],"product_cat":[636,654,643,644,650,675,676],"product_tag":[668,647,670],"class_list":{"0":"post-26027","1":"product","2":"type-product","3":"status-publish","4":"has-post-thumbnail","6":"product_cat-all-products-fi","7":"product_cat-feed-fi","8":"product_cat-food-2-fi","9":"product_cat-grain-fi","10":"product_cat-material-handling-fi","11":"product_cat-intake-pit-fi","12":"product_cat-intake-pit-storage-fi","13":"product_tag-bin-fi","14":"product_tag-dryer-fi","15":"product_tag-transport-fi","16":"pa_products-type-grain-fi","17":"description-off","19":"first","20":"instock","21":"shipping-taxable","22":"product-type-simple"},"acf":[],"_links":{"self":[{"href":"https:\/\/www.tornum.com\/fi\/wp-json\/wp\/v2\/product\/26027","targetHints":{"allow":["GET"]}}],"collection":[{"href":"https:\/\/www.tornum.com\/fi\/wp-json\/wp\/v2\/product"}],"about":[{"href":"https:\/\/www.tornum.com\/fi\/wp-json\/wp\/v2\/types\/product"}],"replies":[{"embeddable":true,"href":"https:\/\/www.tornum.com\/fi\/wp-json\/wp\/v2\/comments?post=26027"}],"version-history":[{"count":2,"href":"https:\/\/www.tornum.com\/fi\/wp-json\/wp\/v2\/product\/26027\/revisions"}],"predecessor-version":[{"id":26036,"href":"https:\/\/www.tornum.com\/fi\/wp-json\/wp\/v2\/product\/26027\/revisions\/26036"}],"wp:featuredmedia":[{"embeddable":true,"href":"https:\/\/www.tornum.com\/fi\/wp-json\/wp\/v2\/media\/24770"}],"wp:attachment":[{"href":"https:\/\/www.tornum.com\/fi\/wp-json\/wp\/v2\/media?parent=26027"}],"wp:term":[{"taxonomy":"product_brand","embeddable":true,"href":"https:\/\/www.tornum.com\/fi\/wp-json\/wp\/v2\/product_brand?post=26027"},{"taxonomy":"product_cat","embeddable":true,"href":"https:\/\/www.tornum.com\/fi\/wp-json\/wp\/v2\/product_cat?post=26027"},{"taxonomy":"product_tag","embeddable":true,"href":"https:\/\/www.tornum.com\/fi\/wp-json\/wp\/v2\/product_tag?post=26027"}],"curies":[{"name":"wp","href":"https:\/\/api.w.org\/{rel}","templated":true}]}}