{"id":26028,"date":"2023-05-04T12:51:09","date_gmt":"2023-05-04T12:51:09","guid":{"rendered":"https:\/\/www.tornum.com\/product\/rail-loading-equipment\/"},"modified":"2025-07-30T13:06:30","modified_gmt":"2025-07-30T13:06:30","slug":"junan-kuormauslaitteet","status":"publish","type":"product","link":"https:\/\/www.tornum.com\/fi\/tuote\/junan-kuormauslaitteet\/","title":{"rendered":"JUNAN KUORMAUSLAITTEET"},"content":{"rendered":"<div class=\"wpb-content-wrapper\"><p>[vc_row][vc_column width=&#8221;2\/3&#8243;][vc_column_text]<\/p>\n<div class=\"content o-stack-sm c-text\">\n<p>Tornum\u2019in junan kuormauslaitteet t\u00e4ytt\u00e4v\u00e4t vaunun nopeasti ja tehokkaasti. Kuormausyksikk\u00f6 koostuu alustasta, jossa on nelj\u00e4 neli\u00f6n muotoista siiloa, joiden kokonaistilavuus on jopa 320 m3. Toimitamme my\u00f6s erikokoisia py\u00f6reit\u00e4 kuormaussiiloja.<\/p>\n<\/div>\n<p>[\/vc_column_text][\/vc_column][vc_column width=&#8221;1\/3&#8243;][\/vc_column][\/vc_row]<\/p>\n<\/div>","protected":false},"excerpt":{"rendered":"<div class=\"content o-stack-sm c-text\">\n<p>Tornum\u2019in junan kuormauslaitteet t\u00e4ytt\u00e4v\u00e4t vaunun nopeasti ja tehokkaasti. Kuormausyksikk\u00f6 koostuu alustasta, jossa on nelj\u00e4 neli\u00f6n muotoista siiloa, joiden kokonaistilavuus on jopa 320 m3. Toimitamme my\u00f6s erikokoisia py\u00f6reit\u00e4 kuormaussiiloja.<\/p>\n<\/div>\n","protected":false},"featured_media":25288,"comment_status":"open","ping_status":"closed","template":"","meta":{"_acf_changed":false},"product_brand":[],"product_cat":[636,643,644,681,685],"product_tag":[668,684,670],"class_list":{"0":"post-26028","1":"product","2":"type-product","3":"status-publish","4":"has-post-thumbnail","6":"product_cat-all-products-fi","7":"product_cat-food-2-fi","8":"product_cat-grain-fi","9":"product_cat-storage-fi","10":"product_cat-bulk-loading-bin-fi","11":"product_tag-bin-fi","12":"product_tag-storage-fi","13":"product_tag-transport-fi","14":"description-off","16":"first","17":"instock","18":"shipping-taxable","19":"product-type-simple"},"acf":[],"_links":{"self":[{"href":"https:\/\/www.tornum.com\/fi\/wp-json\/wp\/v2\/product\/26028","targetHints":{"allow":["GET"]}}],"collection":[{"href":"https:\/\/www.tornum.com\/fi\/wp-json\/wp\/v2\/product"}],"about":[{"href":"https:\/\/www.tornum.com\/fi\/wp-json\/wp\/v2\/types\/product"}],"replies":[{"embeddable":true,"href":"https:\/\/www.tornum.com\/fi\/wp-json\/wp\/v2\/comments?post=26028"}],"version-history":[{"count":2,"href":"https:\/\/www.tornum.com\/fi\/wp-json\/wp\/v2\/product\/26028\/revisions"}],"predecessor-version":[{"id":26034,"href":"https:\/\/www.tornum.com\/fi\/wp-json\/wp\/v2\/product\/26028\/revisions\/26034"}],"wp:featuredmedia":[{"embeddable":true,"href":"https:\/\/www.tornum.com\/fi\/wp-json\/wp\/v2\/media\/25288"}],"wp:attachment":[{"href":"https:\/\/www.tornum.com\/fi\/wp-json\/wp\/v2\/media?parent=26028"}],"wp:term":[{"taxonomy":"product_brand","embeddable":true,"href":"https:\/\/www.tornum.com\/fi\/wp-json\/wp\/v2\/product_brand?post=26028"},{"taxonomy":"product_cat","embeddable":true,"href":"https:\/\/www.tornum.com\/fi\/wp-json\/wp\/v2\/product_cat?post=26028"},{"taxonomy":"product_tag","embeddable":true,"href":"https:\/\/www.tornum.com\/fi\/wp-json\/wp\/v2\/product_tag?post=26028"}],"curies":[{"name":"wp","href":"https:\/\/api.w.org\/{rel}","templated":true}]}}