{"id":26045,"date":"2023-09-04T11:17:20","date_gmt":"2023-09-04T11:17:20","guid":{"rendered":"https:\/\/www.tornum.com\/product\/round-ducts\/"},"modified":"2025-07-30T13:21:31","modified_gmt":"2025-07-30T13:21:31","slug":"putkijarjestelmat","status":"publish","type":"product","link":"https:\/\/www.tornum.com\/fi\/tuote\/putkijarjestelmat\/","title":{"rendered":"PUTKIJ\u00c4RJESTELM\u00c4T"},"content":{"rendered":"<div class=\"content o-stack-sm c-text\">\n<p>Putkistot ovat moduulirakenteisia, niiss\u00e4 on tarkat laipalliset p\u00e4\u00e4dyt ja niit\u00e4 k\u00e4ytet\u00e4\u00e4n erityisesti viljan ja muun irtomateriaalin siirtoon. Kalvohitsauksella varustetut pitkitt\u00e4ishitsatut putket tarjoavat suuren mittatarkkuuden ja hyv\u00e4n korroosiosuojan. Moduulirakenteinen j\u00e4rjestelm\u00e4 mahdollistaa putkiosien vaihdon sek\u00e4 jo olemassa olevan putkiston laajentamisen tarpeen mukaan. Halkaisijaltaan 100-400 mm:n putkenosia on nopeasti saatavilla varastosta. Korkean teknologian koneiden ansiosta osien lis\u00e4valmistus voidaan toteuttaa nopeasti.<\/p>\n<p>Putket on saatavana my\u00f6s hankaussuojalla vaativiin olosuhteisiin. N\u00e4m\u00e4 putket on varustettu kulutusta kest\u00e4v\u00e4ll\u00e4 muovisisuksella. T\u00e4m\u00e4n seurauksena k\u00e4ytt\u00f6aika on 10 kertaa pidempi. My\u00f6s sisus voidaan vaihtaa nopeasti.<\/p>\n<\/div>\n","protected":false},"excerpt":{"rendered":"<p>Moduulirakenteisia putkij\u00e4rjestelmi\u00e4 on saatavana eri nimelliskokoisina, -paksuuksina, -l\u00e4pimittaisina, galvanoituina tai maalattuina, korkealuokkaisella APS-sis\u00e4pinnan suojauksella tai ilman. Ne sopivat kaikkiin maatalouden, teollisuuden tai kaupan sovelluksiin.<\/p>\n","protected":false},"featured_media":25293,"comment_status":"open","ping_status":"closed","template":"","meta":{"_acf_changed":false},"product_brand":[],"product_cat":[636,654,643,644,650,714],"product_tag":[715,688],"class_list":{"0":"post-26045","1":"product","2":"type-product","3":"status-publish","4":"has-post-thumbnail","6":"product_cat-all-products-fi","7":"product_cat-feed-fi","8":"product_cat-food-2-fi","9":"product_cat-grain-fi","10":"product_cat-material-handling-fi","11":"product_cat-pipe-system-fi","12":"product_tag-pipes-fi","13":"product_tag-radial-fan-fi","15":"first","16":"instock","17":"shipping-taxable","18":"product-type-simple"},"acf":[],"_links":{"self":[{"href":"https:\/\/www.tornum.com\/fi\/wp-json\/wp\/v2\/product\/26045","targetHints":{"allow":["GET"]}}],"collection":[{"href":"https:\/\/www.tornum.com\/fi\/wp-json\/wp\/v2\/product"}],"about":[{"href":"https:\/\/www.tornum.com\/fi\/wp-json\/wp\/v2\/types\/product"}],"replies":[{"embeddable":true,"href":"https:\/\/www.tornum.com\/fi\/wp-json\/wp\/v2\/comments?post=26045"}],"version-history":[{"count":4,"href":"https:\/\/www.tornum.com\/fi\/wp-json\/wp\/v2\/product\/26045\/revisions"}],"predecessor-version":[{"id":29777,"href":"https:\/\/www.tornum.com\/fi\/wp-json\/wp\/v2\/product\/26045\/revisions\/29777"}],"wp:featuredmedia":[{"embeddable":true,"href":"https:\/\/www.tornum.com\/fi\/wp-json\/wp\/v2\/media\/25293"}],"wp:attachment":[{"href":"https:\/\/www.tornum.com\/fi\/wp-json\/wp\/v2\/media?parent=26045"}],"wp:term":[{"taxonomy":"product_brand","embeddable":true,"href":"https:\/\/www.tornum.com\/fi\/wp-json\/wp\/v2\/product_brand?post=26045"},{"taxonomy":"product_cat","embeddable":true,"href":"https:\/\/www.tornum.com\/fi\/wp-json\/wp\/v2\/product_cat?post=26045"},{"taxonomy":"product_tag","embeddable":true,"href":"https:\/\/www.tornum.com\/fi\/wp-json\/wp\/v2\/product_tag?post=26045"}],"curies":[{"name":"wp","href":"https:\/\/api.w.org\/{rel}","templated":true}]}}