{"id":26046,"date":"2023-05-04T11:19:47","date_gmt":"2023-05-04T11:19:47","guid":{"rendered":"https:\/\/www.tornum.com\/product\/self-discharging-bin-st\/"},"modified":"2025-07-14T07:28:56","modified_gmt":"2025-07-14T07:28:56","slug":"itsetyhjentyvat-siilot-st","status":"publish","type":"product","link":"https:\/\/www.tornum.com\/fi\/tuote\/itsetyhjentyvat-siilot-st\/","title":{"rendered":"ITSETYHJENTYV\u00c4T SIILOT ST"},"content":{"rendered":"<div class=\"wpb-content-wrapper\"><p>[vc_row][vc_column width=&#8221;2\/3&#8243;][vc_column_text]Tornumin itsetyhjentyv\u00e4 siilo ST on suunniteltu erityisesti viljan varastointiin ja se on saatavana eri kokoisina. Se voidaan koota maassa lohkoiksi, jotka sitten nostetaan yhteen.[\/vc_column_text][\/vc_column][vc_column width=&#8221;1\/3&#8243;][vc_column_text]<strong>OMINAISUUDET<\/strong><br \/>\n\u2022 Valmistettu kuumasinkityst\u00e4 ter\u00e4ksest\u00e4<br \/>\n\u2022 Jokaisen elementin korkeus on 505 mm<br \/>\n\u2022 Voidaan laajentaa lis\u00e4\u00e4m\u00e4ll\u00e4 elementtej\u00e4 p\u00e4\u00e4siiloon<br \/>\n\u2022 Sile\u00e4t sis\u00e4pinnat tekev\u00e4t siit\u00e4 helpon puhdistaa ja se sopii kostealle viljalle<br \/>\n\u2022 Rakenne mahdollistaa useita kokoonpanomenetelmi\u00e4, mik\u00e4 s\u00e4\u00e4st\u00e4\u00e4 aikaa<br \/>\n\u2022 Tyhjennysaukko 200 x 200 mm<br \/>\n\u2022 Kartio on koottu ruuviliitoksilla ja jalat ovat neli\u00f6profiilia<\/p>\n<p><strong>LIS\u00c4VARUSTEET<\/strong><br \/>\n\u2022 Tarkastusluukku turvaristikolla, lattiaan asennettu<br \/>\n\u2022 Pystysuuntainen tuuletus<br \/>\n\u2022 T\u00e4ytt\u00f6h\u00e4lytin<br \/>\n\u2022 L\u00e4mp\u00f6tilan valvonta<br \/>\n\u2022 Tyhjennysliitos<br \/>\n\u2022 V\u00e4lisein\u00e4[\/vc_column_text][\/vc_column][\/vc_row]<\/p>\n<\/div>","protected":false},"excerpt":{"rendered":"<p>Tornumin itsetyhjentyv\u00e4 siilo ST on suunniteltu erityisesti viljan varastointiin ja se on saatavana eri kokoisina. Se voidaan koota maassa lohkoiksi, jotka sitten nostetaan yhteen.<\/p>\n","protected":false},"featured_media":25033,"comment_status":"open","ping_status":"closed","template":"","meta":{"_acf_changed":false},"product_brand":[],"product_cat":[636,643,681,717],"product_tag":[668,684,670],"class_list":{"0":"post-26046","1":"product","2":"type-product","3":"status-publish","4":"has-post-thumbnail","6":"product_cat-all-products-fi","7":"product_cat-food-2-fi","8":"product_cat-storage-fi","9":"product_cat-self-discharging-bin-fi","10":"product_tag-bin-fi","11":"product_tag-storage-fi","12":"product_tag-transport-fi","13":"description-off","15":"first","16":"instock","17":"shipping-taxable","18":"product-type-simple"},"acf":[],"_links":{"self":[{"href":"https:\/\/www.tornum.com\/fi\/wp-json\/wp\/v2\/product\/26046","targetHints":{"allow":["GET"]}}],"collection":[{"href":"https:\/\/www.tornum.com\/fi\/wp-json\/wp\/v2\/product"}],"about":[{"href":"https:\/\/www.tornum.com\/fi\/wp-json\/wp\/v2\/types\/product"}],"replies":[{"embeddable":true,"href":"https:\/\/www.tornum.com\/fi\/wp-json\/wp\/v2\/comments?post=26046"}],"version-history":[{"count":1,"href":"https:\/\/www.tornum.com\/fi\/wp-json\/wp\/v2\/product\/26046\/revisions"}],"predecessor-version":[{"id":26058,"href":"https:\/\/www.tornum.com\/fi\/wp-json\/wp\/v2\/product\/26046\/revisions\/26058"}],"wp:featuredmedia":[{"embeddable":true,"href":"https:\/\/www.tornum.com\/fi\/wp-json\/wp\/v2\/media\/25033"}],"wp:attachment":[{"href":"https:\/\/www.tornum.com\/fi\/wp-json\/wp\/v2\/media?parent=26046"}],"wp:term":[{"taxonomy":"product_brand","embeddable":true,"href":"https:\/\/www.tornum.com\/fi\/wp-json\/wp\/v2\/product_brand?post=26046"},{"taxonomy":"product_cat","embeddable":true,"href":"https:\/\/www.tornum.com\/fi\/wp-json\/wp\/v2\/product_cat?post=26046"},{"taxonomy":"product_tag","embeddable":true,"href":"https:\/\/www.tornum.com\/fi\/wp-json\/wp\/v2\/product_tag?post=26046"}],"curies":[{"name":"wp","href":"https:\/\/api.w.org\/{rel}","templated":true}]}}