{"id":26047,"date":"2023-05-14T20:04:48","date_gmt":"2023-05-14T20:04:48","guid":{"rendered":"https:\/\/www.tornum.com\/product\/spirogyre-sweep-auger\/"},"modified":"2025-07-31T05:43:30","modified_gmt":"2025-07-31T05:43:30","slug":"spirogyre-lakaisuruuvi","status":"publish","type":"product","link":"https:\/\/www.tornum.com\/fi\/tuote\/spirogyre-lakaisuruuvi\/","title":{"rendered":"SPIROGYRE LAKAISURUUVI"},"content":{"rendered":"<p><strong>MORILLON SPIROGYRE LAKAISURUUVI<\/strong><\/p>\n<p>Tornumin Morillonin Spirogyre on vankka, teollisen k\u00e4yt\u00f6n vaatimukset t\u00e4ytt\u00e4v\u00e4 lakaisuruuvi. Ruuvit on saatavana halkaisijaltaan 5-35 metrin siiloihin.<\/p>\n<p>Spirogyre on saatavana kahtena malliversiona: tyyppi S yl\u00e4puolisella kierukkavaihdemoottorilla ja tyyppi SCD, jonka alla on moottori turvallisemman toiminnan ja helpon huollon varmistamiseksi.<\/p>\n<p>Siirtoliike siilossa saadaan aikaan voimansiirrolla, jossa on kumivaimennettu segmenttipy\u00f6r\u00e4, varman k\u00e4yt\u00f6n takaamiseksi. Spirogyre lakaisuruuvia on viisi eri kokoa, joiden kapasiteetti on 25\u2013300 tonnia\/h.<\/p>\n","protected":false},"excerpt":{"rendered":"<p>Tornumin Morillonin Spirogyre on vankka, teollisen k\u00e4yt\u00f6n vaatimukset t\u00e4ytt\u00e4v\u00e4 lakaisuruuvi. Ruuvit on saatavana halkaisijaltaan 5-35 metrin siiloihin.<\/p>\n","protected":false},"featured_media":25272,"comment_status":"open","ping_status":"closed","template":"","meta":{"_acf_changed":false},"product_brand":[],"product_cat":[636,644,650,689,690,718],"product_tag":[684,670],"class_list":{"0":"post-26047","1":"product","2":"type-product","3":"status-publish","4":"has-post-thumbnail","6":"product_cat-all-products-fi","7":"product_cat-grain-fi","8":"product_cat-material-handling-fi","9":"product_cat-silo-discharge-fi","10":"product_cat-screw-auger-fi","11":"product_cat-sweep-conveyor-fi","12":"product_tag-storage-fi","13":"product_tag-transport-fi","14":"description-off","16":"first","17":"instock","18":"shipping-taxable","19":"product-type-simple"},"acf":[],"_links":{"self":[{"href":"https:\/\/www.tornum.com\/fi\/wp-json\/wp\/v2\/product\/26047","targetHints":{"allow":["GET"]}}],"collection":[{"href":"https:\/\/www.tornum.com\/fi\/wp-json\/wp\/v2\/product"}],"about":[{"href":"https:\/\/www.tornum.com\/fi\/wp-json\/wp\/v2\/types\/product"}],"replies":[{"embeddable":true,"href":"https:\/\/www.tornum.com\/fi\/wp-json\/wp\/v2\/comments?post=26047"}],"version-history":[{"count":2,"href":"https:\/\/www.tornum.com\/fi\/wp-json\/wp\/v2\/product\/26047\/revisions"}],"predecessor-version":[{"id":26060,"href":"https:\/\/www.tornum.com\/fi\/wp-json\/wp\/v2\/product\/26047\/revisions\/26060"}],"wp:featuredmedia":[{"embeddable":true,"href":"https:\/\/www.tornum.com\/fi\/wp-json\/wp\/v2\/media\/25272"}],"wp:attachment":[{"href":"https:\/\/www.tornum.com\/fi\/wp-json\/wp\/v2\/media?parent=26047"}],"wp:term":[{"taxonomy":"product_brand","embeddable":true,"href":"https:\/\/www.tornum.com\/fi\/wp-json\/wp\/v2\/product_brand?post=26047"},{"taxonomy":"product_cat","embeddable":true,"href":"https:\/\/www.tornum.com\/fi\/wp-json\/wp\/v2\/product_cat?post=26047"},{"taxonomy":"product_tag","embeddable":true,"href":"https:\/\/www.tornum.com\/fi\/wp-json\/wp\/v2\/product_tag?post=26047"}],"curies":[{"name":"wp","href":"https:\/\/api.w.org\/{rel}","templated":true}]}}