{"id":26048,"date":"2023-05-14T20:07:50","date_gmt":"2023-05-14T20:07:50","guid":{"rendered":"https:\/\/www.tornum.com\/product\/sweep-conveyor-ktis\/"},"modified":"2025-07-09T14:04:04","modified_gmt":"2025-07-09T14:04:04","slug":"lakaisukuljetin-ktis","status":"publish","type":"product","link":"https:\/\/www.tornum.com\/fi\/tuote\/lakaisukuljetin-ktis\/","title":{"rendered":"LAKAISUKULJETIN KTIS"},"content":{"rendered":"<h3>SKANDIA LAKAISUKULJETIN KTIS<\/h3>\n<p>KTIS-lakaisukuljetin siirt\u00e4\u00e4 materiaalin pohjakuljettimen kautta ulos siilosta. Sit\u00e4 voidaan k\u00e4ytt\u00e4\u00e4 materiaalikerroksen alla ja se on varustettu harjalla, jolloin siiloon j\u00e4\u00e4 vain pieni m\u00e4\u00e4r\u00e4 viljaa.<\/p>\n<p>Se on valmistettu galvanoidusta ter\u00e4ksest\u00e4 EU:n konedirektiivien mukaisesti. KTIS on luokiteltu kategorian II 0D\/OD-kuljettimeksi ja soveltuu k\u00e4sittelem\u00e4\u00e4n rakeisia ja jauhettuja, luokittelemattomia materiaaleja.<\/p>\n<p>KTIS-lakaisukuljetin on suunniteltu tyhjent\u00e4m\u00e4\u00e4n viljaa siilosta Skandian pohjakuljettimelle. Nimelliskapasiteetit perustuvat viljaan, jonka kosteus on 15 % ja kuutiopaino 750 kg\/m\u00b3. Vaihteiston kierrosnopeuden muutos vaikuttaa samassa suhteessa siirtotehoon. Kuljetin liitet\u00e4\u00e4n kaapelin ja pistokkeen avulla s\u00e4hk\u00f6verkkoon. Liukurengas on saatavana lis\u00e4varusteena.<\/p>\n","protected":false},"excerpt":{"rendered":"<p>KTIS-lakaisukuljetin siirt\u00e4\u00e4 materiaalin pohjakuljettimen kautta ulos siilosta. Sit\u00e4 voidaan k\u00e4ytt\u00e4\u00e4 materiaalikerroksen alla ja se on varustettu harjalla, jolloin siiloon j\u00e4\u00e4 vain pieni m\u00e4\u00e4r\u00e4 viljaa.<\/p>\n","protected":false},"featured_media":24943,"comment_status":"open","ping_status":"closed","template":"","meta":{"_acf_changed":false},"product_brand":[],"product_cat":[636,644,650,701,689,718],"product_tag":[684,670],"class_list":{"0":"post-26048","1":"product","2":"type-product","3":"status-publish","4":"has-post-thumbnail","6":"product_cat-all-products-fi","7":"product_cat-grain-fi","8":"product_cat-material-handling-fi","9":"product_cat-conveyors-fi","10":"product_cat-silo-discharge-fi","11":"product_cat-sweep-conveyor-fi","12":"product_tag-storage-fi","13":"product_tag-transport-fi","14":"description-off","16":"first","17":"instock","18":"shipping-taxable","19":"product-type-simple"},"acf":[],"_links":{"self":[{"href":"https:\/\/www.tornum.com\/fi\/wp-json\/wp\/v2\/product\/26048","targetHints":{"allow":["GET"]}}],"collection":[{"href":"https:\/\/www.tornum.com\/fi\/wp-json\/wp\/v2\/product"}],"about":[{"href":"https:\/\/www.tornum.com\/fi\/wp-json\/wp\/v2\/types\/product"}],"replies":[{"embeddable":true,"href":"https:\/\/www.tornum.com\/fi\/wp-json\/wp\/v2\/comments?post=26048"}],"version-history":[{"count":2,"href":"https:\/\/www.tornum.com\/fi\/wp-json\/wp\/v2\/product\/26048\/revisions"}],"predecessor-version":[{"id":26064,"href":"https:\/\/www.tornum.com\/fi\/wp-json\/wp\/v2\/product\/26048\/revisions\/26064"}],"wp:featuredmedia":[{"embeddable":true,"href":"https:\/\/www.tornum.com\/fi\/wp-json\/wp\/v2\/media\/24943"}],"wp:attachment":[{"href":"https:\/\/www.tornum.com\/fi\/wp-json\/wp\/v2\/media?parent=26048"}],"wp:term":[{"taxonomy":"product_brand","embeddable":true,"href":"https:\/\/www.tornum.com\/fi\/wp-json\/wp\/v2\/product_brand?post=26048"},{"taxonomy":"product_cat","embeddable":true,"href":"https:\/\/www.tornum.com\/fi\/wp-json\/wp\/v2\/product_cat?post=26048"},{"taxonomy":"product_tag","embeddable":true,"href":"https:\/\/www.tornum.com\/fi\/wp-json\/wp\/v2\/product_tag?post=26048"}],"curies":[{"name":"wp","href":"https:\/\/api.w.org\/{rel}","templated":true}]}}