{"id":26049,"date":"2023-05-14T20:02:43","date_gmt":"2023-05-14T20:02:43","guid":{"rendered":"https:\/\/www.tornum.com\/product\/sweep-auger-cst\/"},"modified":"2025-07-31T05:51:31","modified_gmt":"2025-07-31T05:51:31","slug":"cst-lakaisuruuvi","status":"publish","type":"product","link":"https:\/\/www.tornum.com\/fi\/tuote\/cst-lakaisuruuvi\/","title":{"rendered":"CST LAKAISURUUVI"},"content":{"rendered":"<h3>CST LAKAISURUUVI<\/h3>\n<p>CST-lakaisuruuvit on valmistettu erilaisille siilojen halkaisijoille. Ne on suunniteltu kiinte\u00e4sti asennettavaksi siiloon ja niit\u00e4 voidaan k\u00e4ytt\u00e4\u00e4 vapaasti virtaavien rakeisten materiaalien siirtoon. K\u00e4ytett\u00e4viss\u00e4 on kolme erilaista voimansiirtoa; suorak\u00e4ytt\u00f6inen vaihdemoottorik\u00e4ytt\u00f6 voidaan asentaa joko siiloon tai lis\u00e4hintaan siilon alla olevaan kanavaan.<\/p>\n<p><strong>LAKAISURUUVI MALLI CST<\/strong><br \/>\nT\u00e4m\u00e4 kompakti, kiinte\u00e4 lakaisuruuvi harjamuotoisella kannella, suoravetoisella moottorilla, liukurenkaalla ja k\u00e4velylevyetenemisell\u00e4. Saatavana 30-50 t\/h teholla ja sopii FP06-FP18 mallin siiloihin. ATEX-standardi on saatavana lis\u00e4varusteena. Apex-kansi ja asennuskehys ovat galvanoitua.<\/p>\n<p><strong>LAKAISURUUVI MALLI CSTF<\/strong><br \/>\nK\u00e4ytett\u00e4viss\u00e4 on kolme erilaista voimansiirtoa; suorak\u00e4ytt\u00f6inen vaihdemoottorik\u00e4ytt\u00f6 voidaan asentaa joko siiloon tai lis\u00e4hintaan siilon alla olevaan kanavaan.<br \/>\nKiinte\u00e4ss\u00e4 CSTF lakaisuruuvissa on maalattu harjamuotoinen kansi pulttiliitoksilla, suoravetoinen moottori, liukurengas ja eteneminen k\u00e4velylevyill\u00e4. Saatavana 30-50 t\/h teholla ja sopii FP18-FP26 mallin siiloihin. ATEX-standardi on saatavana lis\u00e4varusteena. Asennuskehys on galvanoitu.<\/p>\n<p><strong>LAKAISURUUVI MALLI CSTFR \/ CSTFRH<\/strong><br \/>\nVoimansiirto asennettu vankkaan maalattuun keskitukirunkoon, ja ATEX-varustus ovat saatavana. Vaativampaan k\u00e4ytt\u00f6\u00f6n suunnitellun CSTFR-lakaisuruuvin kapasiteetti on 30-50 t\/h ja se sopii siilomalleihin FP20-FP26, joissa on tarvittaessa ATEX-vakiovoimansiirrot.\u00a0Erityisesti riisille suunniteltu CSTFRH-lakaisuruuvi k\u00e4ytt\u00e4\u00e4 samanlaista voimansiirtoa sek\u00e4 kumirenkaalla varustettua py\u00f6r\u00e4\u00e4 etenemiseen.<\/p>\n","protected":false},"excerpt":{"rendered":"<p>CST-lakaisuruuvit on valmistettu erilaisille siilojen halkaisijoille. Ne on suunniteltu kiinte\u00e4sti asennettavaksi siiloon ja niit\u00e4 voidaan k\u00e4ytt\u00e4\u00e4 vapaasti virtaavien rakeisten materiaalien siirtoon. K\u00e4ytett\u00e4viss\u00e4 on kolme erilaista voimansiirtoa; suorak\u00e4ytt\u00f6inen vaihdemoottorik\u00e4ytt\u00f6 voidaan asentaa joko siiloon tai lis\u00e4hintaan siilon alla olevaan kanavaan.<\/p>\n","protected":false},"featured_media":24935,"comment_status":"open","ping_status":"closed","template":"","meta":{"_acf_changed":false},"product_brand":[],"product_cat":[636,644,650,690,718],"product_tag":[684,670],"class_list":{"0":"post-26049","1":"product","2":"type-product","3":"status-publish","4":"has-post-thumbnail","6":"product_cat-all-products-fi","7":"product_cat-grain-fi","8":"product_cat-material-handling-fi","9":"product_cat-screw-auger-fi","10":"product_cat-sweep-conveyor-fi","11":"product_tag-storage-fi","12":"product_tag-transport-fi","13":"description-off","15":"first","16":"instock","17":"shipping-taxable","18":"product-type-simple"},"acf":[],"_links":{"self":[{"href":"https:\/\/www.tornum.com\/fi\/wp-json\/wp\/v2\/product\/26049","targetHints":{"allow":["GET"]}}],"collection":[{"href":"https:\/\/www.tornum.com\/fi\/wp-json\/wp\/v2\/product"}],"about":[{"href":"https:\/\/www.tornum.com\/fi\/wp-json\/wp\/v2\/types\/product"}],"replies":[{"embeddable":true,"href":"https:\/\/www.tornum.com\/fi\/wp-json\/wp\/v2\/comments?post=26049"}],"version-history":[{"count":1,"href":"https:\/\/www.tornum.com\/fi\/wp-json\/wp\/v2\/product\/26049\/revisions"}],"predecessor-version":[{"id":26062,"href":"https:\/\/www.tornum.com\/fi\/wp-json\/wp\/v2\/product\/26049\/revisions\/26062"}],"wp:featuredmedia":[{"embeddable":true,"href":"https:\/\/www.tornum.com\/fi\/wp-json\/wp\/v2\/media\/24935"}],"wp:attachment":[{"href":"https:\/\/www.tornum.com\/fi\/wp-json\/wp\/v2\/media?parent=26049"}],"wp:term":[{"taxonomy":"product_brand","embeddable":true,"href":"https:\/\/www.tornum.com\/fi\/wp-json\/wp\/v2\/product_brand?post=26049"},{"taxonomy":"product_cat","embeddable":true,"href":"https:\/\/www.tornum.com\/fi\/wp-json\/wp\/v2\/product_cat?post=26049"},{"taxonomy":"product_tag","embeddable":true,"href":"https:\/\/www.tornum.com\/fi\/wp-json\/wp\/v2\/product_tag?post=26049"}],"curies":[{"name":"wp","href":"https:\/\/api.w.org\/{rel}","templated":true}]}}