{"id":26050,"date":"2023-05-14T20:19:26","date_gmt":"2023-05-14T20:19:26","guid":{"rendered":"https:\/\/www.tornum.com\/product\/screw-auger\/"},"modified":"2025-07-31T05:30:29","modified_gmt":"2025-07-31T05:30:29","slug":"siirtoruuvit","status":"publish","type":"product","link":"https:\/\/www.tornum.com\/fi\/tuote\/siirtoruuvit\/","title":{"rendered":"SIIRTORUUVIT"},"content":{"rendered":"<p>TORNUM\u2019in siirtoruuvi soveltuu rakeisten ja jauhemaisten materiaalien, kuten viljan, rehun, rakeiden ja puupellettien siirtoon. Sit\u00e4 voidaan k\u00e4ytt\u00e4\u00e4 eri kaltevuuskulmissa vaakasuorasta asennosta pystysuoraan siirtoasentoon saakka. Jokainen siirtoruuvi voidaan mukauttaa tarvittavan materiaalin ja kapasiteetin mukaan.<\/p>\n<p>Siirtoruuvin periaate on keskiakselilla varustettu kierre, joka toimii ter\u00e4sputken sis\u00e4ll\u00e4. J\u00e4rjestelm\u00e4 koostuu yhdistelm\u00e4st\u00e4 kiinteit\u00e4 vakiopituisia putkia, jotka on liitetty yhteen muodostamaan halutun pituinen t\u00e4ydellinen kuljetin.<\/p>\n<p>K\u00e4ytt\u00f6yksik\u00f6it\u00e4 on kahta p\u00e4\u00e4tyyppi\u00e4: joko ns. suorak\u00e4ytt\u00f6, jossa moottori on kytketty suoraan keskiakseliin kytkimen v\u00e4lityksell\u00e4, tai avoin voimansiirto ketju- tai hihnak\u00e4yt\u00f6ll\u00e4.<\/p>\n<p>Kierre on valmistettu ter\u00e4ksest\u00e4 ja siin\u00e4 on putkimainen ter\u00e4sydin. Kierre on saatavana eri halkaisijoilla jokaiselle p\u00e4\u00e4ryhm\u00e4lle. Kierteen nousu ja halkaisija on valittava siirrett\u00e4v\u00e4n materiaalin ja vaaditun siirtotehon mukaan. Ulkoputki on valmistettu sinkityst\u00e4 ter\u00e4ksest\u00e4. Kierre ja ulkoputki muodostavat ns. jatkeen.<\/p>\n","protected":false},"excerpt":{"rendered":"<p>TORNUM\u2019in siirtoruuvi soveltuu rakeisten ja jauhemaisten materiaalien, kuten viljan, rehun, rakeiden ja puupellettien siirtoon. Sit\u00e4 voidaan k\u00e4ytt\u00e4\u00e4 eri kaltevuuskulmissa vaakasuorasta asennosta pystysuoraan siirtoasentoon saakka. Jokainen siirtoruuvi voidaan mukauttaa tarvittavan materiaalin ja kapasiteetin mukaan.<\/p>\n","protected":false},"featured_media":24952,"comment_status":"open","ping_status":"closed","template":"","meta":{"_acf_changed":false},"product_brand":[],"product_cat":[636,654,643,644,650,690],"product_tag":[684,670],"class_list":{"0":"post-26050","1":"product","2":"type-product","3":"status-publish","4":"has-post-thumbnail","6":"product_cat-all-products-fi","7":"product_cat-feed-fi","8":"product_cat-food-2-fi","9":"product_cat-grain-fi","10":"product_cat-material-handling-fi","11":"product_cat-screw-auger-fi","12":"product_tag-storage-fi","13":"product_tag-transport-fi","14":"description-off","16":"first","17":"instock","18":"shipping-taxable","19":"product-type-simple"},"acf":[],"_links":{"self":[{"href":"https:\/\/www.tornum.com\/fi\/wp-json\/wp\/v2\/product\/26050","targetHints":{"allow":["GET"]}}],"collection":[{"href":"https:\/\/www.tornum.com\/fi\/wp-json\/wp\/v2\/product"}],"about":[{"href":"https:\/\/www.tornum.com\/fi\/wp-json\/wp\/v2\/types\/product"}],"replies":[{"embeddable":true,"href":"https:\/\/www.tornum.com\/fi\/wp-json\/wp\/v2\/comments?post=26050"}],"version-history":[{"count":2,"href":"https:\/\/www.tornum.com\/fi\/wp-json\/wp\/v2\/product\/26050\/revisions"}],"predecessor-version":[{"id":26056,"href":"https:\/\/www.tornum.com\/fi\/wp-json\/wp\/v2\/product\/26050\/revisions\/26056"}],"wp:featuredmedia":[{"embeddable":true,"href":"https:\/\/www.tornum.com\/fi\/wp-json\/wp\/v2\/media\/24952"}],"wp:attachment":[{"href":"https:\/\/www.tornum.com\/fi\/wp-json\/wp\/v2\/media?parent=26050"}],"wp:term":[{"taxonomy":"product_brand","embeddable":true,"href":"https:\/\/www.tornum.com\/fi\/wp-json\/wp\/v2\/product_brand?post=26050"},{"taxonomy":"product_cat","embeddable":true,"href":"https:\/\/www.tornum.com\/fi\/wp-json\/wp\/v2\/product_cat?post=26050"},{"taxonomy":"product_tag","embeddable":true,"href":"https:\/\/www.tornum.com\/fi\/wp-json\/wp\/v2\/product_tag?post=26050"}],"curies":[{"name":"wp","href":"https:\/\/api.w.org\/{rel}","templated":true}]}}