{"id":26051,"date":"2023-05-14T20:09:44","date_gmt":"2023-05-14T20:09:44","guid":{"rendered":"https:\/\/www.tornum.com\/product\/sweep-out\/"},"modified":"2024-05-15T10:57:32","modified_gmt":"2024-05-15T10:57:32","slug":"sweep-out","status":"publish","type":"product","link":"https:\/\/www.tornum.com\/fi\/tuote\/sweep-out\/","title":{"rendered":"SWEEP OUT"},"content":{"rendered":"<h3>SWEEP OUT<\/h3>\n<p>Sweep Out on siirrett\u00e4v\u00e4 lakaisuruuvi viljan varastosiilojen tyhjent\u00e4miseen. Sweep Out on valmistettu Ruotsissa. Se on vankkarakenteinen ja soveltuu monipuoliseen k\u00e4ytt\u00f6\u00f6n. Rakenne on k\u00e4ytt\u00e4j\u00e4yst\u00e4v\u00e4llinen, kantokahva helpottaa siirtoa siilojen v\u00e4lill\u00e4. Enimm\u00e4issiirtoteho on 25 tonnia\/h.<\/p>\n<p><strong>RAKENNE JA TOIMINTA<\/strong><br \/>\n\u2022 Suoravetoisen kierukkavaihdemoottorin k\u00e4ytt\u00e4m\u00e4 (v\u00e4hent\u00e4\u00e4 huollon tarvetta ja tulipalon vaaraa)<br \/>\n\u2022 Saatavana siiloihin, joiden halkaisija on 4\u201315 metri\u00e4. Mitat voidaan s\u00e4\u00e4t\u00e4\u00e4 sopimaan kaikkiin py\u00f6reisiin siiloihin<\/p>\n","protected":false},"excerpt":{"rendered":"<p>Sweep Out on siirrett\u00e4v\u00e4 lakaisuruuvi viljan varastosiilojen tyhjent\u00e4miseen. Sweep Out on valmistettu Ruotsissa. Se on vankkarakenteinen ja soveltuu monipuoliseen k\u00e4ytt\u00f6\u00f6n. Rakenne on k\u00e4ytt\u00e4j\u00e4yst\u00e4v\u00e4llinen, kantokahva helpottaa siirtoa siilojen v\u00e4lill\u00e4. Enimm\u00e4issiirtoteho on 25 tonnia\/h.<\/p>\n","protected":false},"featured_media":24947,"comment_status":"open","ping_status":"closed","template":"","meta":{"_acf_changed":false},"product_brand":[],"product_cat":[636,644,650,689,690,718],"product_tag":[684,670],"class_list":{"0":"post-26051","1":"product","2":"type-product","3":"status-publish","4":"has-post-thumbnail","6":"product_cat-all-products-fi","7":"product_cat-grain-fi","8":"product_cat-material-handling-fi","9":"product_cat-silo-discharge-fi","10":"product_cat-screw-auger-fi","11":"product_cat-sweep-conveyor-fi","12":"product_tag-storage-fi","13":"product_tag-transport-fi","14":"description-off","16":"first","17":"instock","18":"shipping-taxable","19":"product-type-simple"},"acf":[],"_links":{"self":[{"href":"https:\/\/www.tornum.com\/fi\/wp-json\/wp\/v2\/product\/26051","targetHints":{"allow":["GET"]}}],"collection":[{"href":"https:\/\/www.tornum.com\/fi\/wp-json\/wp\/v2\/product"}],"about":[{"href":"https:\/\/www.tornum.com\/fi\/wp-json\/wp\/v2\/types\/product"}],"replies":[{"embeddable":true,"href":"https:\/\/www.tornum.com\/fi\/wp-json\/wp\/v2\/comments?post=26051"}],"version-history":[{"count":2,"href":"https:\/\/www.tornum.com\/fi\/wp-json\/wp\/v2\/product\/26051\/revisions"}],"predecessor-version":[{"id":26066,"href":"https:\/\/www.tornum.com\/fi\/wp-json\/wp\/v2\/product\/26051\/revisions\/26066"}],"wp:featuredmedia":[{"embeddable":true,"href":"https:\/\/www.tornum.com\/fi\/wp-json\/wp\/v2\/media\/24947"}],"wp:attachment":[{"href":"https:\/\/www.tornum.com\/fi\/wp-json\/wp\/v2\/media?parent=26051"}],"wp:term":[{"taxonomy":"product_brand","embeddable":true,"href":"https:\/\/www.tornum.com\/fi\/wp-json\/wp\/v2\/product_brand?post=26051"},{"taxonomy":"product_cat","embeddable":true,"href":"https:\/\/www.tornum.com\/fi\/wp-json\/wp\/v2\/product_cat?post=26051"},{"taxonomy":"product_tag","embeddable":true,"href":"https:\/\/www.tornum.com\/fi\/wp-json\/wp\/v2\/product_tag?post=26051"}],"curies":[{"name":"wp","href":"https:\/\/api.w.org\/{rel}","templated":true}]}}