{"id":26052,"date":"2023-05-14T20:14:44","date_gmt":"2023-05-14T20:14:44","guid":{"rendered":"https:\/\/www.tornum.com\/product\/sweep-out-permanent\/"},"modified":"2024-05-15T10:57:30","modified_gmt":"2024-05-15T10:57:30","slug":"kiintea-sweep-out","status":"publish","type":"product","link":"https:\/\/www.tornum.com\/fi\/tuote\/kiintea-sweep-out\/","title":{"rendered":"KIINTE\u00c4 SWEEP OUT"},"content":{"rendered":"<div class=\"wpb-content-wrapper\"><p>[vc_row][vc_column width=&#8221;2\/3&#8243;][vc_column_text]<\/p>\n<h3><strong>KIINTE\u00c4 TORNUM SWEEP OUT<\/strong><\/h3>\n<p>T\u00e4m\u00e4 on Tornumin lakaisuruuvi kiinte\u00e4sti siiloon asennettavaksi. Ruuvi koostuu k\u00e4ytt\u00f6yksik\u00f6st\u00e4, vakiopituisista jatkeista sek\u00e4 ketjuk\u00e4ytt\u00f6isest\u00e4 sulkimesta ja k\u00e4ytt\u00f6py\u00f6r\u00e4st\u00e4. Lakaisuruuvia on saatavana useina eri vakiopituuksina, mutta se on saatavissa my\u00f6s r\u00e4\u00e4t\u00e4l\u00f6ityin\u00e4 pituuksina 9,7 metriin saakka.<\/p>\n<p>Enimm\u00e4issiirtoteho: 60 tonnia\/h[\/vc_column_text][\/vc_column][vc_column width=&#8221;1\/3&#8243;][vc_column_text]<strong>Ominaisuudet<\/strong><br \/>\n\u2022 Kierukkavaihdemoottori<br \/>\n\u2022 Pulverimaalatut sivut ter\u00e4slevyst\u00e4<br \/>\n\u2022 Pituus on s\u00e4\u00e4dett\u00e4viss\u00e4 \u00b1100 mm[\/vc_column_text][\/vc_column][\/vc_row]<\/p>\n<\/div>","protected":false},"excerpt":{"rendered":"<p>T\u00e4m\u00e4 on Tornumin kiinte\u00e4sti siiloon asennettava lakaisuruuvi. Se on valmistettu joustavaksi moduulij\u00e4rjestelm\u00e4ksi, joka voidaan mukauttaa siilon koon mukaan.<\/p>\n","protected":false},"featured_media":24949,"comment_status":"open","ping_status":"closed","template":"","meta":{"_acf_changed":false},"product_brand":[],"product_cat":[636,644,650,689,690,718],"product_tag":[684,670],"class_list":{"0":"post-26052","1":"product","2":"type-product","3":"status-publish","4":"has-post-thumbnail","6":"product_cat-all-products-fi","7":"product_cat-grain-fi","8":"product_cat-material-handling-fi","9":"product_cat-silo-discharge-fi","10":"product_cat-screw-auger-fi","11":"product_cat-sweep-conveyor-fi","12":"product_tag-storage-fi","13":"product_tag-transport-fi","14":"description-off","16":"first","17":"instock","18":"shipping-taxable","19":"product-type-simple"},"acf":[],"_links":{"self":[{"href":"https:\/\/www.tornum.com\/fi\/wp-json\/wp\/v2\/product\/26052","targetHints":{"allow":["GET"]}}],"collection":[{"href":"https:\/\/www.tornum.com\/fi\/wp-json\/wp\/v2\/product"}],"about":[{"href":"https:\/\/www.tornum.com\/fi\/wp-json\/wp\/v2\/types\/product"}],"replies":[{"embeddable":true,"href":"https:\/\/www.tornum.com\/fi\/wp-json\/wp\/v2\/comments?post=26052"}],"version-history":[{"count":1,"href":"https:\/\/www.tornum.com\/fi\/wp-json\/wp\/v2\/product\/26052\/revisions"}],"predecessor-version":[{"id":26068,"href":"https:\/\/www.tornum.com\/fi\/wp-json\/wp\/v2\/product\/26052\/revisions\/26068"}],"wp:featuredmedia":[{"embeddable":true,"href":"https:\/\/www.tornum.com\/fi\/wp-json\/wp\/v2\/media\/24949"}],"wp:attachment":[{"href":"https:\/\/www.tornum.com\/fi\/wp-json\/wp\/v2\/media?parent=26052"}],"wp:term":[{"taxonomy":"product_brand","embeddable":true,"href":"https:\/\/www.tornum.com\/fi\/wp-json\/wp\/v2\/product_brand?post=26052"},{"taxonomy":"product_cat","embeddable":true,"href":"https:\/\/www.tornum.com\/fi\/wp-json\/wp\/v2\/product_cat?post=26052"},{"taxonomy":"product_tag","embeddable":true,"href":"https:\/\/www.tornum.com\/fi\/wp-json\/wp\/v2\/product_tag?post=26052"}],"curies":[{"name":"wp","href":"https:\/\/api.w.org\/{rel}","templated":true}]}}