{"id":26074,"date":"2023-05-17T13:17:49","date_gmt":"2023-05-17T13:17:49","guid":{"rendered":"https:\/\/www.tornum.com\/product\/tecflam-gas-burner\/"},"modified":"2025-07-31T06:01:06","modified_gmt":"2025-07-31T06:01:06","slug":"tecflam-kaasupoltin","status":"publish","type":"product","link":"https:\/\/www.tornum.com\/fi\/tuote\/tecflam-kaasupoltin\/","title":{"rendered":"TECFLAM \u2013 KAASUPOLTIN"},"content":{"rendered":"<p>T\u00e4m\u00e4n tyyppisess\u00e4 palamisessa uunipuhaltimien tuottama kuivausilma (ulkoilma), polttimien puhaltimien tuottama ilma ja palamiskaasut sekoittuvat yhteen muodostaen viljan kuivaamiseen tarvittavan ilman, energiankulutusta v\u00e4hent\u00e4en. L\u00e4mp\u00f6teho 814 kW &#8211; 16280 kW.<\/p>\n","protected":false},"excerpt":{"rendered":"<p>TORNUM voi toimittaa kaasupolttimia nestekaasulle tai maakaasulle, pystykuivureiden suoraa l\u00e4mmityst\u00e4 varten. Valikoima sis\u00e4lt\u00e4\u00e4 useita erityyppisi\u00e4 kanava- tai tasopolttimia asennettavasta j\u00e4rjestelm\u00e4st\u00e4 riippuen.<\/p>\n<p>Kaasupolttimella varustettu suoraan l\u00e4mmitetty kuivuri kuluttaa v\u00e4hemm\u00e4n energiaa kuin v\u00e4lit\u00f6n l\u00e4mmitys \u00f6ljypolttimella.<\/p>\n","protected":false},"featured_media":25062,"comment_status":"open","ping_status":"closed","template":"","meta":{"_acf_changed":false},"product_brand":[],"product_cat":[636,637,645],"product_tag":[646,647],"class_list":{"0":"post-26074","1":"product","2":"type-product","3":"status-publish","4":"has-post-thumbnail","6":"product_cat-all-products-fi","7":"product_cat-conditioning-fi","8":"product_cat-heat-sources-fi","9":"product_tag-burner-fi","10":"product_tag-dryer-fi","11":"description-off","13":"first","14":"instock","15":"shipping-taxable","16":"product-type-simple"},"acf":[],"_links":{"self":[{"href":"https:\/\/www.tornum.com\/fi\/wp-json\/wp\/v2\/product\/26074","targetHints":{"allow":["GET"]}}],"collection":[{"href":"https:\/\/www.tornum.com\/fi\/wp-json\/wp\/v2\/product"}],"about":[{"href":"https:\/\/www.tornum.com\/fi\/wp-json\/wp\/v2\/types\/product"}],"replies":[{"embeddable":true,"href":"https:\/\/www.tornum.com\/fi\/wp-json\/wp\/v2\/comments?post=26074"}],"version-history":[{"count":2,"href":"https:\/\/www.tornum.com\/fi\/wp-json\/wp\/v2\/product\/26074\/revisions"}],"predecessor-version":[{"id":29753,"href":"https:\/\/www.tornum.com\/fi\/wp-json\/wp\/v2\/product\/26074\/revisions\/29753"}],"wp:featuredmedia":[{"embeddable":true,"href":"https:\/\/www.tornum.com\/fi\/wp-json\/wp\/v2\/media\/25062"}],"wp:attachment":[{"href":"https:\/\/www.tornum.com\/fi\/wp-json\/wp\/v2\/media?parent=26074"}],"wp:term":[{"taxonomy":"product_brand","embeddable":true,"href":"https:\/\/www.tornum.com\/fi\/wp-json\/wp\/v2\/product_brand?post=26074"},{"taxonomy":"product_cat","embeddable":true,"href":"https:\/\/www.tornum.com\/fi\/wp-json\/wp\/v2\/product_cat?post=26074"},{"taxonomy":"product_tag","embeddable":true,"href":"https:\/\/www.tornum.com\/fi\/wp-json\/wp\/v2\/product_tag?post=26074"}],"curies":[{"name":"wp","href":"https:\/\/api.w.org\/{rel}","templated":true}]}}