{"id":26082,"date":"2023-05-14T21:03:59","date_gmt":"2023-05-14T21:03:59","guid":{"rendered":"https:\/\/www.tornum.com\/product\/temperature-monitoring\/"},"modified":"2025-07-31T06:08:10","modified_gmt":"2025-07-31T06:08:10","slug":"lampotilan-valvonta","status":"publish","type":"product","link":"https:\/\/www.tornum.com\/fi\/tuote\/lampotilan-valvonta\/","title":{"rendered":"L\u00c4MP\u00d6TILAN VALVONTA"},"content":{"rendered":"<div class=\"wpb-content-wrapper\"><p>[vc_row][vc_column width=&#8221;2\/3&#8243;][vc_column_text]Tornumin varastosiilojen l\u00e4mp\u00f6tilanvalvontaj\u00e4rjestelm\u00e4 mahdollistaa viljan laadun tarkemman valvonnan varastoinnin aikana. Mittauskaapelit koostuvat vahvoista muoviputkista, joissa on useita antureita. Tornum tarjoaa kahdentyyppist\u00e4 l\u00e4mp\u00f6tilan mittaus- ja valvontaj\u00e4rjestelm\u00e4\u00e4 \u2013 paristok\u00e4ytt\u00f6isen k\u00e4dess\u00e4 pidett\u00e4v\u00e4n laitteen, jota voidaan siirt\u00e4\u00e4 kaapeleiden v\u00e4lill\u00e4, tai PC-pohjaisen j\u00e4rjestelm\u00e4n, jossa on jatkuva l\u00e4mp\u00f6tilan valvonta, h\u00e4lytystaso ja l\u00e4mp\u00f6tilan kehitys viljavarastossa.<\/p>\n<p>Tarjoamme my\u00f6s mittausantureita k\u00e4ytett\u00e4v\u00e4ksi k\u00e4sik\u00e4ytt\u00f6isen laitteen kanssa.<\/p>\n<p>Langaton tiedonsiirto ja internetyhteys ovat mahdollisia.[\/vc_column_text][\/vc_column][vc_column width=&#8221;1\/3&#8243;][vc_column_text]<strong>EDUT<\/strong><br \/>\n\u2022 T\u00e4ydelliset historiatiedot esitet\u00e4\u00e4n kaavioina ja taulukoina<br \/>\n\u2022 Oletusl\u00e4mp\u00f6tilan ja todellisen l\u00e4mp\u00f6tilan h\u00e4lytykset<br \/>\n\u2022 Tuuletuksen ohjaus<br \/>\n\u2022 T\u00e4ytt\u00f6h\u00e4lytin<br \/>\n\u2022 Langaton tiedonsiirto saatavissa<br \/>\n\u2022 Luotettava ja k\u00e4ytt\u00e4j\u00e4yst\u00e4v\u00e4llinen<br \/>\n\u2022 Helppo asentaa<br \/>\n\u2022 Mik\u00e4 tahansa k\u00e4ytt\u00f6liittym\u00e4asennus voidaan toimittaa pyynn\u00f6st\u00e4<br \/>\n\u2022 Anturikaapelit hyv\u00e4ksytty ATEX-vy\u00f6hykkeelle 20\/21\/22[\/vc_column_text][\/vc_column][\/vc_row]<\/p>\n<\/div>","protected":false},"excerpt":{"rendered":"<p>Tornumin varastosiilojen l\u00e4mp\u00f6tilanvalvontaj\u00e4rjestelm\u00e4 mahdollistaa viljan laadun tarkemman valvonnan varastoinnin aikana.<\/p>\n","protected":false},"featured_media":25277,"comment_status":"open","ping_status":"closed","template":"","meta":{"_acf_changed":false},"product_brand":[],"product_cat":[636,654,643,644,656,719],"product_tag":[659,660,661],"class_list":{"0":"post-26082","1":"product","2":"type-product","3":"status-publish","4":"has-post-thumbnail","6":"product_cat-all-products-fi","7":"product_cat-feed-fi","8":"product_cat-food-2-fi","9":"product_cat-grain-fi","10":"product_cat-grain-management-fi","11":"product_cat-temperature-monitoring-fi","12":"product_tag-monitoring-fi","13":"product_tag-pc-fi","14":"product_tag-plc-fi","15":"description-off","17":"first","18":"instock","19":"shipping-taxable","20":"product-type-simple"},"acf":[],"_links":{"self":[{"href":"https:\/\/www.tornum.com\/fi\/wp-json\/wp\/v2\/product\/26082","targetHints":{"allow":["GET"]}}],"collection":[{"href":"https:\/\/www.tornum.com\/fi\/wp-json\/wp\/v2\/product"}],"about":[{"href":"https:\/\/www.tornum.com\/fi\/wp-json\/wp\/v2\/types\/product"}],"replies":[{"embeddable":true,"href":"https:\/\/www.tornum.com\/fi\/wp-json\/wp\/v2\/comments?post=26082"}],"version-history":[{"count":2,"href":"https:\/\/www.tornum.com\/fi\/wp-json\/wp\/v2\/product\/26082\/revisions"}],"predecessor-version":[{"id":26091,"href":"https:\/\/www.tornum.com\/fi\/wp-json\/wp\/v2\/product\/26082\/revisions\/26091"}],"wp:featuredmedia":[{"embeddable":true,"href":"https:\/\/www.tornum.com\/fi\/wp-json\/wp\/v2\/media\/25277"}],"wp:attachment":[{"href":"https:\/\/www.tornum.com\/fi\/wp-json\/wp\/v2\/media?parent=26082"}],"wp:term":[{"taxonomy":"product_brand","embeddable":true,"href":"https:\/\/www.tornum.com\/fi\/wp-json\/wp\/v2\/product_brand?post=26082"},{"taxonomy":"product_cat","embeddable":true,"href":"https:\/\/www.tornum.com\/fi\/wp-json\/wp\/v2\/product_cat?post=26082"},{"taxonomy":"product_tag","embeddable":true,"href":"https:\/\/www.tornum.com\/fi\/wp-json\/wp\/v2\/product_tag?post=26082"}],"curies":[{"name":"wp","href":"https:\/\/api.w.org\/{rel}","templated":true}]}}