{"id":26084,"date":"2023-01-29T22:13:08","date_gmt":"2023-01-29T22:13:08","guid":{"rendered":"https:\/\/www.tornum.com\/product\/tf-dryer\/"},"modified":"2025-07-31T06:13:58","modified_gmt":"2025-07-31T06:13:58","slug":"tf-kuivuri","status":"publish","type":"product","link":"https:\/\/www.tornum.com\/fi\/tuote\/tf-kuivuri\/","title":{"rendered":"TF KUIVURI"},"content":{"rendered":"<div class=\"wpb-content-wrapper\"><p>[vc_row][vc_column][vc_column_text]<strong>Nopea vaihto er\u00e4kuivauksen ja jatkuvan kuivauksen v\u00e4lill\u00e4.<\/strong><\/p>\n<p>Tornum TF on monipuolinen kuivuri, jossa voit tehd\u00e4 s\u00e4\u00e4d\u00f6t viljan ja sen m\u00e4\u00e4r\u00e4n mukaan, laatu s\u00e4ilytt\u00e4en.<br \/>\nTF:ss\u00e4 on kaksi kuivuria yhdess\u00e4. Valitse jatkuva kuivaus tai er\u00e4kuivaus olosuhteiden mukaan.<\/p>\n<p>Tornum TF kuivuri toimii my\u00f6s matalalla paineella. Kaikki kuivausilma imet\u00e4\u00e4n kuivurin l\u00e4pi puhaltimen avulla. Se on mitoitettu kuivurin ja l\u00e4mm\u00f6nl\u00e4hteen koon mukaan.<br \/>\nMatalapainekuivuri aiheuttaa huomattavasti v\u00e4hemm\u00e4n p\u00f6ly\u00e4mist\u00e4 kuivurin ymp\u00e4rill\u00e4 kuin ns. korkeapainekuivuri. Se est\u00e4\u00e4 my\u00f6s kondenssin muodostumisen kuivauskennoissa, putkissa ja elevaattoreissa.<\/p>\n<p>Jatkuvatoiminen kuivaus aloitetaan aina &#8221;aloitustauolla&#8221;, ennen kuin kuivuri alkaa toimia itsen\u00e4isesti. Jatkuvatoimisen kuivauksen edut korostuvat viljam\u00e4\u00e4r\u00e4n lis\u00e4\u00e4ntyess\u00e4.<br \/>\n<strong>Jatkuvatoimisen kuivauksen<\/strong> aikana kuivuria voidaan ohjata Tornum IDC -j\u00e4rjestelm\u00e4ll\u00e4, joka mittaa sis\u00e4\u00e4n menev\u00e4n ja ulos tulevan viljan kosteutta.<\/p>\n<p>Kun halutaan kuivata vajaat\u00e4yt\u00f6ll\u00e4 tai kuivata viljaa alhaisella l\u00e4mm\u00f6ll\u00e4 pitk\u00e4n ajan kuluessa, valitaan er\u00e4kuivaustoiminto.<br \/>\n<strong>Er\u00e4kuivaustoiminnolla<\/strong> s\u00e4\u00e4t\u00f6 perustuu joko painoon, aikaan tai l\u00e4mp\u00f6tilaan sen mukaan, mik\u00e4 toimii parhaiten.<\/p>\n<p>\u2013 TF&#8217;n toiminto voidaan helposti vaihtaa jatkuvan kuivauksen ja er\u00e4kuivauksen v\u00e4lill\u00e4, esim. k\u00e4ytt\u00e4m\u00e4ll\u00e4 moottoriohjattuja sulkuja Tornumin ohjausj\u00e4rjestelm\u00e4ll\u00e4. T\u00e4m\u00e4 mahdollistaa kuivurin nopean valmiuden jatkuvatoimisen kuivauksen p\u00e4\u00e4ttymisen j\u00e4lkeen.<br \/>\n\u2013 Kuivuri voidaan tyhjent\u00e4\u00e4 viimeiseen jyv\u00e4\u00e4n saakka, sill\u00e4 siin\u00e4 ei ole sis\u00e4pintoja, joihin vilja voi tarttua. T\u00e4m\u00e4 helpottaa puhdistusta, kun vaihdat toiseen kuivattavaan viljalajiin.<br \/>\n\u2013 TF voidaan varustaa lis\u00e4varusteena saatavalla puhallintyypill\u00e4; aksiaalipuhaltimet tai CAC- tai EDS-tyyppiset p\u00f6ly\u00e4 erottavat puhaltimet, kun ymp\u00e4r\u00f6iv\u00e4 alue asettaa vaatimuksia p\u00f6ly\u00e4miselle. Kaikki mallit voidaan varustaa \u00e4\u00e4nenvaimentimilla.<br \/>\n\u2013 TF kuivuria voidaan jatkuvan kuivauksen aikana ohjata Tornumin *IDC-j\u00e4rjestelm\u00e4ll\u00e4 tai er\u00e4kuivaustoiminnolla valitsemalla aika, paino tai l\u00e4mp\u00f6tila. * V\u00e4hint\u00e4\u00e4n 12 kennoa.<br \/>\n\u2013 TF kuivuria voidaan k\u00e4ytt\u00e4\u00e4 lis\u00e4varusteena saatavalla, sinun valintasi mukaisella l\u00e4mm\u00f6nl\u00e4hteell\u00e4, Tornumin suunnitelmien ja paloviranomaisten suositusten mukaan. Yleisimpi\u00e4 l\u00e4mm\u00f6nl\u00e4hteit\u00e4 ovat \u00f6ljypolttimet, maa- tai nestekaasun polttimet, pelletti- tai hakepolttimet, kuumavesi- tai h\u00f6yryl\u00e4mm\u00f6nvaihtimet ja s\u00e4hk\u00f6elementit.[\/vc_column_text][\/vc_column][\/vc_row]<\/p>\n<\/div>","protected":false},"excerpt":{"rendered":"<p>Tornum TF on monipuolinen kuivuri, jossa voit tehd\u00e4 s\u00e4\u00e4d\u00f6t viljan ja sen m\u00e4\u00e4r\u00e4n mukaan, laatu s\u00e4ilytt\u00e4en.<br \/>\nTF:ss\u00e4 on kaksi kuivuria yhdess\u00e4. Valitse jatkuva kuivaus tai er\u00e4kuivaus olosuhteiden mukaan.<\/p>\n","protected":false},"featured_media":24717,"comment_status":"open","ping_status":"closed","template":"","meta":{"_acf_changed":false},"product_brand":[],"product_cat":[636,644,637,664],"product_tag":[647,684,670],"class_list":{"0":"post-26084","1":"product","2":"type-product","3":"status-publish","4":"has-post-thumbnail","6":"product_cat-all-products-fi","7":"product_cat-grain-fi","8":"product_cat-conditioning-fi","9":"product_cat-grain-dryers-fi","10":"product_tag-dryer-fi","11":"product_tag-storage-fi","12":"product_tag-transport-fi","13":"pa_products-type-all-products-fi","14":"pa_products-type-food-fi","15":"description-off","17":"first","18":"instock","19":"shipping-taxable","20":"product-type-simple"},"acf":[],"_links":{"self":[{"href":"https:\/\/www.tornum.com\/fi\/wp-json\/wp\/v2\/product\/26084","targetHints":{"allow":["GET"]}}],"collection":[{"href":"https:\/\/www.tornum.com\/fi\/wp-json\/wp\/v2\/product"}],"about":[{"href":"https:\/\/www.tornum.com\/fi\/wp-json\/wp\/v2\/types\/product"}],"replies":[{"embeddable":true,"href":"https:\/\/www.tornum.com\/fi\/wp-json\/wp\/v2\/comments?post=26084"}],"version-history":[{"count":2,"href":"https:\/\/www.tornum.com\/fi\/wp-json\/wp\/v2\/product\/26084\/revisions"}],"predecessor-version":[{"id":26093,"href":"https:\/\/www.tornum.com\/fi\/wp-json\/wp\/v2\/product\/26084\/revisions\/26093"}],"wp:featuredmedia":[{"embeddable":true,"href":"https:\/\/www.tornum.com\/fi\/wp-json\/wp\/v2\/media\/24717"}],"wp:attachment":[{"href":"https:\/\/www.tornum.com\/fi\/wp-json\/wp\/v2\/media?parent=26084"}],"wp:term":[{"taxonomy":"product_brand","embeddable":true,"href":"https:\/\/www.tornum.com\/fi\/wp-json\/wp\/v2\/product_brand?post=26084"},{"taxonomy":"product_cat","embeddable":true,"href":"https:\/\/www.tornum.com\/fi\/wp-json\/wp\/v2\/product_cat?post=26084"},{"taxonomy":"product_tag","embeddable":true,"href":"https:\/\/www.tornum.com\/fi\/wp-json\/wp\/v2\/product_tag?post=26084"}],"curies":[{"name":"wp","href":"https:\/\/api.w.org\/{rel}","templated":true}]}}