{"id":26085,"date":"2023-04-03T11:47:47","date_gmt":"2023-04-03T11:47:47","guid":{"rendered":"https:\/\/www.tornum.com\/product\/tornum-conditioning-laterals\/"},"modified":"2025-08-01T08:15:35","modified_gmt":"2025-08-01T08:15:35","slug":"tornum-tuuletuskanavat","status":"publish","type":"product","link":"https:\/\/www.tornum.com\/fi\/tuote\/tornum-tuuletuskanavat\/","title":{"rendered":"TORNUM TUULETUSKANAVAT"},"content":{"rendered":"<div class=\"wpb-content-wrapper\"><p>[vc_row gap=&#8221;35&#8243;][vc_column width=&#8221;2\/3&#8243;][vc_column_text]Tornumin tuuletuslaitteet varmistavat viljan s\u00e4ilymisen kartiopohjasiiloissa. Ilma kytket\u00e4\u00e4n \u00d8 200 mm:n liitoskappaleella. Tuuletuskanavat voidaan my\u00f6s asentaa j\u00e4lkik\u00e4teen useimpiin kartiopohjasiiloihin.[\/vc_column_text][\/vc_column][vc_column width=&#8221;1\/3&#8243;][\/vc_column][\/vc_row]<\/p>\n<\/div>","protected":false},"excerpt":{"rendered":"<p>Tornumin tuuletuslaitteet varmistavat viljan s\u00e4ilymisen kartiopohjasiiloissa. Ilma kytket\u00e4\u00e4n \u00d8 200 mm:n liitoskappaleella. Tuuletuskanavat voidaan my\u00f6s asentaa j\u00e4lkik\u00e4teen useimpiin kartiopohjasiiloihin.<\/p>\n","protected":false},"featured_media":25136,"comment_status":"open","ping_status":"closed","template":"","meta":{"_acf_changed":false},"product_brand":[],"product_cat":[636,643,644,637,721],"product_tag":[652,722,688],"class_list":{"0":"post-26085","1":"product","2":"type-product","3":"status-publish","4":"has-post-thumbnail","6":"product_cat-all-products-fi","7":"product_cat-food-2-fi","8":"product_cat-grain-fi","9":"product_cat-conditioning-fi","10":"product_cat-conditioning-laterals-fi","11":"product_tag-conditioning-fi","12":"product_tag-hopper-silo-fi","13":"product_tag-radial-fan-fi","14":"pa_products-type-grain-fi","15":"description-off","17":"first","18":"instock","19":"shipping-taxable","20":"product-type-simple"},"acf":[],"_links":{"self":[{"href":"https:\/\/www.tornum.com\/fi\/wp-json\/wp\/v2\/product\/26085","targetHints":{"allow":["GET"]}}],"collection":[{"href":"https:\/\/www.tornum.com\/fi\/wp-json\/wp\/v2\/product"}],"about":[{"href":"https:\/\/www.tornum.com\/fi\/wp-json\/wp\/v2\/types\/product"}],"replies":[{"embeddable":true,"href":"https:\/\/www.tornum.com\/fi\/wp-json\/wp\/v2\/comments?post=26085"}],"version-history":[{"count":3,"href":"https:\/\/www.tornum.com\/fi\/wp-json\/wp\/v2\/product\/26085\/revisions"}],"predecessor-version":[{"id":51174,"href":"https:\/\/www.tornum.com\/fi\/wp-json\/wp\/v2\/product\/26085\/revisions\/51174"}],"wp:featuredmedia":[{"embeddable":true,"href":"https:\/\/www.tornum.com\/fi\/wp-json\/wp\/v2\/media\/25136"}],"wp:attachment":[{"href":"https:\/\/www.tornum.com\/fi\/wp-json\/wp\/v2\/media?parent=26085"}],"wp:term":[{"taxonomy":"product_brand","embeddable":true,"href":"https:\/\/www.tornum.com\/fi\/wp-json\/wp\/v2\/product_brand?post=26085"},{"taxonomy":"product_cat","embeddable":true,"href":"https:\/\/www.tornum.com\/fi\/wp-json\/wp\/v2\/product_cat?post=26085"},{"taxonomy":"product_tag","embeddable":true,"href":"https:\/\/www.tornum.com\/fi\/wp-json\/wp\/v2\/product_tag?post=26085"}],"curies":[{"name":"wp","href":"https:\/\/api.w.org\/{rel}","templated":true}]}}