{"id":26086,"date":"2023-05-14T21:20:59","date_gmt":"2023-05-14T21:20:59","guid":{"rendered":"https:\/\/www.tornum.com\/product\/tornum-tx\/"},"modified":"2025-07-31T06:27:54","modified_gmt":"2025-07-31T06:27:54","slug":"tornum-tx","status":"publish","type":"product","link":"https:\/\/www.tornum.com\/fi\/tuote\/tornum-tx\/","title":{"rendered":"TORNUM TX"},"content":{"rendered":"<div class=\"content o-stack-sm c-text\">\n<p><strong>Putkij\u00e4rjestelm\u00e4 kovaan k\u00e4ytt\u00f6\u00f6n.<\/strong><br \/>\n\u2013 Kest\u00e4v\u00e4 laippaputkij\u00e4rjestelm\u00e4 ruuviliitoksilla.<br \/>\n\u2013 Ter\u00e4ksen pintak\u00e4sittelyn\u00e4 on k\u00e4ytetty galvanointia tai emalointia.<br \/>\n\u2013 Joustava j\u00e4rjestelm\u00e4 laajalla mutka- ja k\u00e4yr\u00e4valikoimalla.<br \/>\n\u2013\u00a0Saatavana #200, #250, #300 mm kokoisina.<br \/>\n\u2013 Materiaalivahvuus on 3 mm<br \/>\n\u2013 Kulumisen ollessa erityisen suuri, on putkij\u00e4rjestelm\u00e4\u00e4n saatavissa 8 mm:n muovinen sis\u00e4puolinen p\u00e4\u00e4llyste.<\/p>\n<p><strong>2-tiejakaja<\/strong><br \/>\n\u2013 Kaikki metallilevyst\u00e4 valmistetut, yksitt\u00e4iset kulutusosat voidaan vaihtaa ilman, ett\u00e4 koko jakaja on vaihdettava.<br \/>\n\u2013 Jakajat ovat monipuolisia ja ne on saatavissa vasemman- ja oikeanpuoleisina. Asentoanturit toimivat induktioperiaatteella ja ne voidaan asentaa molemmin puolin.<br \/>\n\u2013 Tarkistusreikien avulla voidaan tarkistaa kuluneisuus ja asento (viljan sekoittumisriskin v\u00e4hent\u00e4miseksi).<br \/>\n\u2013\u00a0Sivut T= 3 mm.<br \/>\n\u2013\u00a0Sulkupelti Hardox ter\u00e4st\u00e4 T=8 mm, p\u00e4\u00e4llystetty 8 mm:n muovilla.<\/p>\n<p><strong>Sulkijat<\/strong><br \/>\n&#8211; Kest\u00e4v\u00e4t sulkijat laajaan k\u00e4ytt\u00f6\u00f6n.<br \/>\n&#8211; Varustettu vahvalla, ter\u00e4ksisell\u00e4 sahakierteell\u00e4.<br \/>\n\u2013 Sulkijassa on kuulalaakeroitu nivel, joka varmistaa avaamisen ja sulkemisen suuresta materiaalipaineesta huolimatta.<br \/>\n\u2013 Saatavana tukipy\u00f6r\u00e4ll\u00e4 tai s\u00e4hk\u00f6moottorilla.<br \/>\n\u2013 Sulkijoita k\u00e4ytett\u00e4v\u00e4ksi esim. siilon pohjan keskiosassa.<br \/>\n\u2013\u00a0Saatavana #200, #250, #300 mm kokoisina.<br \/>\n\u2013 Sulkijan yl\u00e4osassa on ohjauslevyt, jotka varmistavat sulkijan tiiviin sulkeutumisen.<br \/>\n\u2013 S\u00e4\u00e4dett\u00e4v\u00e4t tiivisteet, jotka est\u00e4v\u00e4t tuotteen tunkeutumisen sulkijan mekaanisiin osiin.<\/p>\n<\/div>\n","protected":false},"excerpt":{"rendered":"<p>Neli\u00f6m\u00e4iset putket vaativiin k\u00e4ytt\u00f6kohteisiin. Suunniteltu pitk\u00e4 k\u00e4ytt\u00f6ik\u00e4 ja kest\u00e4vyys huomioon ottaen.<\/p>\n","protected":false},"featured_media":25259,"comment_status":"open","ping_status":"closed","template":"","meta":{"_acf_changed":false},"product_brand":[],"product_cat":[636,654,643,644,650,714],"product_tag":[715],"class_list":{"0":"post-26086","1":"product","2":"type-product","3":"status-publish","4":"has-post-thumbnail","6":"product_cat-all-products-fi","7":"product_cat-feed-fi","8":"product_cat-food-2-fi","9":"product_cat-grain-fi","10":"product_cat-material-handling-fi","11":"product_cat-pipe-system-fi","12":"product_tag-pipes-fi","13":"description-off","15":"first","16":"instock","17":"shipping-taxable","18":"product-type-simple"},"acf":[],"_links":{"self":[{"href":"https:\/\/www.tornum.com\/fi\/wp-json\/wp\/v2\/product\/26086","targetHints":{"allow":["GET"]}}],"collection":[{"href":"https:\/\/www.tornum.com\/fi\/wp-json\/wp\/v2\/product"}],"about":[{"href":"https:\/\/www.tornum.com\/fi\/wp-json\/wp\/v2\/types\/product"}],"replies":[{"embeddable":true,"href":"https:\/\/www.tornum.com\/fi\/wp-json\/wp\/v2\/comments?post=26086"}],"version-history":[{"count":2,"href":"https:\/\/www.tornum.com\/fi\/wp-json\/wp\/v2\/product\/26086\/revisions"}],"predecessor-version":[{"id":26097,"href":"https:\/\/www.tornum.com\/fi\/wp-json\/wp\/v2\/product\/26086\/revisions\/26097"}],"wp:featuredmedia":[{"embeddable":true,"href":"https:\/\/www.tornum.com\/fi\/wp-json\/wp\/v2\/media\/25259"}],"wp:attachment":[{"href":"https:\/\/www.tornum.com\/fi\/wp-json\/wp\/v2\/media?parent=26086"}],"wp:term":[{"taxonomy":"product_brand","embeddable":true,"href":"https:\/\/www.tornum.com\/fi\/wp-json\/wp\/v2\/product_brand?post=26086"},{"taxonomy":"product_cat","embeddable":true,"href":"https:\/\/www.tornum.com\/fi\/wp-json\/wp\/v2\/product_cat?post=26086"},{"taxonomy":"product_tag","embeddable":true,"href":"https:\/\/www.tornum.com\/fi\/wp-json\/wp\/v2\/product_tag?post=26086"}],"curies":[{"name":"wp","href":"https:\/\/api.w.org\/{rel}","templated":true}]}}