{"id":26088,"date":"2023-05-14T20:17:35","date_gmt":"2023-05-14T20:17:35","guid":{"rendered":"https:\/\/www.tornum.com\/product\/u-trough-screw-auger-rsu\/"},"modified":"2025-07-31T06:35:50","modified_gmt":"2025-07-31T06:35:50","slug":"u-ruuvikuljetin-rsu","status":"publish","type":"product","link":"https:\/\/www.tornum.com\/fi\/tuote\/u-ruuvikuljetin-rsu\/","title":{"rendered":"U-RUUVIKULJETIN RSU"},"content":{"rendered":"<h3>TORNUMIN U-RUUVIKULJETIN RSU<\/h3>\n<p>TORNUM\u2019in U-ruuvikuljetin on tarkoitettu viljan, siementen, jauheiden ja rakeisten materiaalien vaakasuoraan siirtoon.<\/p>\n<p>RSU on suunniteltu laajennettavaksi tarpeen mukaan. T\u00e4m\u00e4 helpottaa suunnittelua, varastointia, toimitusta ja asennusta.<\/p>\n<p>RSU:ta k\u00e4ytet\u00e4\u00e4n viljank\u00e4sittelyyn, jossa vaaditaan suurta tehoa. Svea RSU soveltuu kaikenlaisiin siirtoj\u00e4rjestelmiin ja sit\u00e4 voidaan k\u00e4ytt\u00e4\u00e4 viljan lis\u00e4ksi kaikenlaisten rakeistettujen, jauhemaisten ja pelletoitujen materiaalien siirtoon.<\/p>\n<p>RSU\u2019ssa on kaksoislaakeroitu k\u00e4ytt\u00f6p\u00e4\u00e4ty ja kierre on hitsattu vahvaan keskiputkeen. Lis\u00e4ksi Svea RSU:ssa on erityisesti suunnitellut v\u00e4lilaakerit, jotka eiv\u00e4t hidasta materiaalivirtaa.<\/p>\n<p>RSU:ssa on kompakti k\u00e4ytt\u00f6p\u00e4\u00e4ty kierukkavaihteella. Se on huoltovapaa ja helppo asentaa. K\u00e4ytt\u00f6p\u00e4\u00e4dylle, laakereille ja nivelille on saatavana sadesuoja.<\/p>\n","protected":false},"excerpt":{"rendered":"<p>TORNUM\u2019in U-ruuvikuljetin on tarkoitettu viljan, siementen, jauheiden ja rakeisten materiaalien vaakasuoraan siirtoon.<\/p>\n","protected":false},"featured_media":25435,"comment_status":"open","ping_status":"closed","template":"","meta":{"_acf_changed":false},"product_brand":[],"product_cat":[636,654,643,644,650,690],"product_tag":[684,670],"class_list":{"0":"post-26088","1":"product","2":"type-product","3":"status-publish","4":"has-post-thumbnail","6":"product_cat-all-products-fi","7":"product_cat-feed-fi","8":"product_cat-food-2-fi","9":"product_cat-grain-fi","10":"product_cat-material-handling-fi","11":"product_cat-screw-auger-fi","12":"product_tag-storage-fi","13":"product_tag-transport-fi","14":"description-off","16":"first","17":"instock","18":"shipping-taxable","19":"product-type-simple"},"acf":[],"_links":{"self":[{"href":"https:\/\/www.tornum.com\/fi\/wp-json\/wp\/v2\/product\/26088","targetHints":{"allow":["GET"]}}],"collection":[{"href":"https:\/\/www.tornum.com\/fi\/wp-json\/wp\/v2\/product"}],"about":[{"href":"https:\/\/www.tornum.com\/fi\/wp-json\/wp\/v2\/types\/product"}],"replies":[{"embeddable":true,"href":"https:\/\/www.tornum.com\/fi\/wp-json\/wp\/v2\/comments?post=26088"}],"version-history":[{"count":2,"href":"https:\/\/www.tornum.com\/fi\/wp-json\/wp\/v2\/product\/26088\/revisions"}],"predecessor-version":[{"id":26099,"href":"https:\/\/www.tornum.com\/fi\/wp-json\/wp\/v2\/product\/26088\/revisions\/26099"}],"wp:featuredmedia":[{"embeddable":true,"href":"https:\/\/www.tornum.com\/fi\/wp-json\/wp\/v2\/media\/25435"}],"wp:attachment":[{"href":"https:\/\/www.tornum.com\/fi\/wp-json\/wp\/v2\/media?parent=26088"}],"wp:term":[{"taxonomy":"product_brand","embeddable":true,"href":"https:\/\/www.tornum.com\/fi\/wp-json\/wp\/v2\/product_brand?post=26088"},{"taxonomy":"product_cat","embeddable":true,"href":"https:\/\/www.tornum.com\/fi\/wp-json\/wp\/v2\/product_cat?post=26088"},{"taxonomy":"product_tag","embeddable":true,"href":"https:\/\/www.tornum.com\/fi\/wp-json\/wp\/v2\/product_tag?post=26088"}],"curies":[{"name":"wp","href":"https:\/\/api.w.org\/{rel}","templated":true}]}}