{"id":26089,"date":"2023-05-17T13:11:22","date_gmt":"2023-05-17T13:11:22","guid":{"rendered":"https:\/\/www.tornum.com\/product\/cmt-clima\/"},"modified":"2025-07-08T05:44:02","modified_gmt":"2025-07-08T05:44:02","slug":"ilma-lammitin-cmt-clima","status":"publish","type":"product","link":"https:\/\/www.tornum.com\/fi\/tuote\/ilma-lammitin-cmt-clima\/","title":{"rendered":"ILMA-L\u00c4MMITIN CMT CLIMA"},"content":{"rendered":"<p>CMT:n ilmal\u00e4mmitin on saatavana kahtena versiona, G (pysty) ja GO (vaaka). L\u00e4mmitin on varustettu: Riellon \u00f6ljypolttimella, digitaalisella l\u00e4mp\u00f6tilan s\u00e4\u00e4d\u00f6ll\u00e4 ja ylikuumenemissuojalla. L\u00e4mmitin on suojattava s\u00e4\u00e4lt\u00e4, jos sit\u00e4 k\u00e4ytet\u00e4\u00e4n ulkona.<\/p>\n","protected":false},"excerpt":{"rendered":"<p>CMT:n ilmal\u00e4mmitin on saatavana kahtena versiona, G (pysty) ja GO (vaaka). L\u00e4mmitin on varustettu: Riellon \u00f6ljypolttimella, digitaalisella l\u00e4mp\u00f6tilan s\u00e4\u00e4d\u00f6ll\u00e4 ja ylikuumenemissuojalla. L\u00e4mmitin on suojattava s\u00e4\u00e4lt\u00e4, jos sit\u00e4 k\u00e4ytet\u00e4\u00e4n ulkona.<\/p>\n","protected":false},"featured_media":25058,"comment_status":"open","ping_status":"closed","template":"","meta":{"_acf_changed":false},"product_brand":[],"product_cat":[636,637,645],"product_tag":[646,647],"class_list":{"0":"post-26089","1":"product","2":"type-product","3":"status-publish","4":"has-post-thumbnail","6":"product_cat-all-products-fi","7":"product_cat-conditioning-fi","8":"product_cat-heat-sources-fi","9":"product_tag-burner-fi","10":"product_tag-dryer-fi","11":"description-off","13":"first","14":"instock","15":"shipping-taxable","16":"product-type-simple"},"acf":[],"_links":{"self":[{"href":"https:\/\/www.tornum.com\/fi\/wp-json\/wp\/v2\/product\/26089","targetHints":{"allow":["GET"]}}],"collection":[{"href":"https:\/\/www.tornum.com\/fi\/wp-json\/wp\/v2\/product"}],"about":[{"href":"https:\/\/www.tornum.com\/fi\/wp-json\/wp\/v2\/types\/product"}],"replies":[{"embeddable":true,"href":"https:\/\/www.tornum.com\/fi\/wp-json\/wp\/v2\/comments?post=26089"}],"version-history":[{"count":2,"href":"https:\/\/www.tornum.com\/fi\/wp-json\/wp\/v2\/product\/26089\/revisions"}],"predecessor-version":[{"id":26101,"href":"https:\/\/www.tornum.com\/fi\/wp-json\/wp\/v2\/product\/26089\/revisions\/26101"}],"wp:featuredmedia":[{"embeddable":true,"href":"https:\/\/www.tornum.com\/fi\/wp-json\/wp\/v2\/media\/25058"}],"wp:attachment":[{"href":"https:\/\/www.tornum.com\/fi\/wp-json\/wp\/v2\/media?parent=26089"}],"wp:term":[{"taxonomy":"product_brand","embeddable":true,"href":"https:\/\/www.tornum.com\/fi\/wp-json\/wp\/v2\/product_brand?post=26089"},{"taxonomy":"product_cat","embeddable":true,"href":"https:\/\/www.tornum.com\/fi\/wp-json\/wp\/v2\/product_cat?post=26089"},{"taxonomy":"product_tag","embeddable":true,"href":"https:\/\/www.tornum.com\/fi\/wp-json\/wp\/v2\/product_tag?post=26089"}],"curies":[{"name":"wp","href":"https:\/\/api.w.org\/{rel}","templated":true}]}}