{"id":53586,"date":"2026-02-19T12:48:58","date_gmt":"2026-02-19T12:48:58","guid":{"rendered":"https:\/\/www.tornum.com\/?post_type=product&#038;p=53586"},"modified":"2026-03-25T09:45:49","modified_gmt":"2026-03-25T09:45:49","slug":"atlas","status":"publish","type":"product","link":"https:\/\/www.tornum.com\/fi\/tuote\/atlas\/","title":{"rendered":"ATLAS"},"content":{"rendered":"<div class=\"wpb-content-wrapper\"><p>[vc_row][vc_column width=&#8221;1\/2&#8243;][vc_column_text css=&#8221;&#8221;]<\/p>\n<p data-start=\"138\" data-end=\"466\"><strong data-start=\"138\" data-end=\"157\">Suunniteltu tehokkuutta ja turvallisuutta varten<\/strong><\/p>\n<p data-start=\"138\" data-end=\"466\">Atlas Transport koordinoi j\u00e4rjestelm\u00e4si jokaisen komponentin, s\u00e4\u00e4st\u00e4en aikaa ja ehk\u00e4isten virheit\u00e4. K\u00e4ytt\u00e4j\u00e4n tarvitsee vain valita l\u00e4ht\u00f6- ja p\u00e4\u00e4tepiste, ja Atlas hoitaa loput. T\u00e4m\u00e4 mahdollistaa sujuvan toiminnan v\u00e4h\u00e4isemm\u00e4ll\u00e4 valvonnalla, reaaliaikaisella palautteella ja h\u00e4lytysten hallinnalla sek\u00e4 nopeammat, turvallisemmat ja puhtaammat siirtosyklit.<\/p>\n<p data-start=\"468\" data-end=\"865\">Osana Atlas-ekosysteemi\u00e4 kuljetusj\u00e4rjestelm\u00e4 integroituu kaikkiin muihin moduuleihin, mukaan lukien kuivurien ohjaus ja \u00e4lyk\u00e4s varastoinnin hallinta, tarjoten yhden k\u00e4ytt\u00f6liittym\u00e4n koko laitokselle. T\u00e4m\u00e4 mahdollistaa kaikkien toimintojen yhten\u00e4isen ohjauksen, et\u00e4k\u00e4yt\u00f6n reaaliaikaisella suorituskykytiedolla sek\u00e4 ennakoivat analyysit t\u00e4ydell\u00e4 j\u00e4ljitett\u00e4vyydell\u00e4, antaen k\u00e4ytt\u00e4jille t\u00e4yden hallinnan jokaiseen prosessiin.<\/p>\n<p>[\/vc_column_text][\/vc_column][vc_column width=&#8221;1\/2&#8243;][vc_column_text css=&#8221;&#8221;]<\/p>\n<p data-start=\"164\" data-end=\"347\"><strong data-start=\"164\" data-end=\"183\">Hy\u00f6dynn\u00e4 jokainen jyv\u00e4<\/strong><\/p>\n<p data-start=\"164\" data-end=\"347\">Atlas Transport hallitsee koko viljank\u00e4sittelyprosessin vastaanotosta varastointiin ja uloslastaamiseen asti, varmistaen sujuvan, automaattisen ja \u00e4lykk\u00e4\u00e4n materiaalivirran koko laitoksessa.<\/p>\n<p data-start=\"349\" data-end=\"739\">J\u00e4rjestelm\u00e4 on suunniteltu optimoimaan prosessin jokainen vaihe. Ajoituksen (Scheduling) ja Auto Pit -toiminnon avulla siirrot voidaan suunnitella ja toteuttaa automaattisesti, kun taas Multi Destination Queue Scheduling mahdollistaa useiden reittien hallinnan per\u00e4kk\u00e4in. Intelligent Routing -toiminnon avulla kuljettimet ja elevaattorit valitaan automaattisesti kullekin reitille, mik\u00e4 varmistaa tehokkaan kuljetuksen joka kerta.<\/p>\n<p data-start=\"741\" data-end=\"1025\">K\u00e4ytt\u00e4j\u00e4t saavat t\u00e4yden n\u00e4kyvyyden Route Map Visualization -toiminnon avulla, joka tarjoaa selke\u00e4n yleiskuvan jokaisesta viljan liikkeest\u00e4. Luotettavuuden varmistamiseksi Blockage Detection and Resolution auttaa ehk\u00e4isem\u00e4\u00e4n seisokkeja, kun taas Preventive Maintenance tarjoaa \u00e4lykk\u00e4it\u00e4 h\u00e4lytyksi\u00e4 ennen vikojen syntymist\u00e4.<\/p>\n<p data-start=\"1027\" data-end=\"1165\">Prosessin valmistumisilmoitukset pit\u00e4v\u00e4t k\u00e4ytt\u00e4j\u00e4t ajan tasalla, kun jokainen siirto on valmis, mahdollistaen paremman hallinnan ja koordinoinnin.<\/p>\n<p data-start=\"1167\" data-end=\"1292\">Yhdess\u00e4 n\u00e4m\u00e4 ominaisuudet muodostavat \u00e4lykk\u00e4\u00e4mm\u00e4n, turvallisemman ja tehokkaamman viljank\u00e4sittelyj\u00e4rjestelm\u00e4n, joka todella hy\u00f6dynt\u00e4\u00e4 jokaisen jyv\u00e4n.<\/p>\n<p>[\/vc_column_text][\/vc_column][\/vc_row]<\/p>\n<\/div>","protected":false},"excerpt":{"rendered":"<h2 data-start=\"75\" data-end=\"132\">Atlas Transport \u2013 \u00c4lykk\u00e4\u00e4mpi hallinta viljalaitoksille<\/h2>\n<p data-start=\"134\" data-end=\"638\">Atlas Transport on edistyksellinen j\u00e4rjestelm\u00e4, joka on suunniteltu optimoimaan viljan k\u00e4sittely vastaanotosta varastointiin ja uloslastaamiseen, varmistaen sujuvan, automaattisen ja \u00e4lykk\u00e4\u00e4n materiaalivirran koko laitoksessa sek\u00e4 parantaen tehokkuutta ja turvallisuutta. Osana Atlas-ekosysteemi\u00e4 Atlas Transport integroituu saumattomasti muihin moduuleihin, mukaan lukien kuivurien ohjausj\u00e4rjestelm\u00e4t ja \u00e4lykk\u00e4\u00e4t varastointiratkaisut, tarjoten yhten\u00e4isen alustan, jossa k\u00e4ytt\u00e4j\u00e4t voivat valvoa ja hallita koko laitosta yhden k\u00e4ytt\u00f6liittym\u00e4n kautta.<\/p>\n<p>&nbsp;<\/p>\n<p>&nbsp;<\/p>\n","protected":false},"featured_media":53481,"comment_status":"open","ping_status":"closed","template":"","meta":{"_acf_changed":false},"product_brand":[],"product_cat":[636,644,656,716],"product_tag":[659,684],"class_list":{"0":"post-53586","1":"product","2":"type-product","3":"status-publish","4":"has-post-thumbnail","6":"product_cat-all-products-fi","7":"product_cat-grain-fi","8":"product_cat-grain-management-fi","9":"product_cat-nmc-fi","10":"product_tag-monitoring-fi","11":"product_tag-storage-fi","12":"description-off","14":"first","15":"instock","16":"shipping-taxable","17":"product-type-simple"},"acf":[],"_links":{"self":[{"href":"https:\/\/www.tornum.com\/fi\/wp-json\/wp\/v2\/product\/53586","targetHints":{"allow":["GET"]}}],"collection":[{"href":"https:\/\/www.tornum.com\/fi\/wp-json\/wp\/v2\/product"}],"about":[{"href":"https:\/\/www.tornum.com\/fi\/wp-json\/wp\/v2\/types\/product"}],"replies":[{"embeddable":true,"href":"https:\/\/www.tornum.com\/fi\/wp-json\/wp\/v2\/comments?post=53586"}],"version-history":[{"count":21,"href":"https:\/\/www.tornum.com\/fi\/wp-json\/wp\/v2\/product\/53586\/revisions"}],"predecessor-version":[{"id":53730,"href":"https:\/\/www.tornum.com\/fi\/wp-json\/wp\/v2\/product\/53586\/revisions\/53730"}],"wp:featuredmedia":[{"embeddable":true,"href":"https:\/\/www.tornum.com\/fi\/wp-json\/wp\/v2\/media\/53481"}],"wp:attachment":[{"href":"https:\/\/www.tornum.com\/fi\/wp-json\/wp\/v2\/media?parent=53586"}],"wp:term":[{"taxonomy":"product_brand","embeddable":true,"href":"https:\/\/www.tornum.com\/fi\/wp-json\/wp\/v2\/product_brand?post=53586"},{"taxonomy":"product_cat","embeddable":true,"href":"https:\/\/www.tornum.com\/fi\/wp-json\/wp\/v2\/product_cat?post=53586"},{"taxonomy":"product_tag","embeddable":true,"href":"https:\/\/www.tornum.com\/fi\/wp-json\/wp\/v2\/product_tag?post=53586"}],"curies":[{"name":"wp","href":"https:\/\/api.w.org\/{rel}","templated":true}]}}