{"id":48458,"date":"2023-09-06T21:55:23","date_gmt":"2023-09-06T21:55:23","guid":{"rendered":"https:\/\/www.tornum.com\/cookies-policy\/"},"modified":"2025-05-22T08:33:13","modified_gmt":"2025-05-22T08:33:13","slug":"cookies-policy","status":"publish","type":"page","link":"https:\/\/www.tornum.com\/hu\/cookies-policy\/","title":{"rendered":"Cookies Policy"},"content":{"rendered":"\t\t<div data-elementor-type=\"wp-page\" data-elementor-id=\"48458\" class=\"elementor elementor-48458 elementor-16822\" data-elementor-settings=\"{&quot;ha_cmc_init_switcher&quot;:&quot;no&quot;}\" data-elementor-post-type=\"page\">\n\t\t\t\t\t\t<section class=\"elementor-section elementor-top-section elementor-element elementor-element-abaac7d elementor-section-boxed elementor-section-height-default elementor-section-height-default\" data-id=\"abaac7d\" data-element_type=\"section\" data-settings=\"{&quot;_ha_eqh_enable&quot;:false}\">\n\t\t\t\t\t\t<div class=\"elementor-container elementor-column-gap-default\">\n\t\t\t\t\t<div class=\"elementor-column elementor-col-100 elementor-top-column elementor-element elementor-element-3b05e14\" data-id=\"3b05e14\" data-element_type=\"column\">\n\t\t\t<div class=\"elementor-widget-wrap elementor-element-populated\">\n\t\t\t\t\t\t<div class=\"elementor-element elementor-element-63258a3 elementor-widget elementor-widget-spacer\" data-id=\"63258a3\" data-element_type=\"widget\" data-widget_type=\"spacer.default\">\n\t\t\t\t<div class=\"elementor-widget-container\">\n\t\t\t\t\t\t\t<div class=\"elementor-spacer\">\n\t\t\t<div class=\"elementor-spacer-inner\"><\/div>\n\t\t<\/div>\n\t\t\t\t\t\t<\/div>\n\t\t\t\t<\/div>\n\t\t\t\t\t<\/div>\n\t\t<\/div>\n\t\t\t\t\t<\/div>\n\t\t<\/section>\n\t\t\t\t<section class=\"elementor-section elementor-top-section elementor-element elementor-element-1f696030 elementor-section-boxed elementor-section-height-default elementor-section-height-default\" data-id=\"1f696030\" data-element_type=\"section\" data-settings=\"{&quot;_ha_eqh_enable&quot;:false}\">\n\t\t\t\t\t\t<div class=\"elementor-container elementor-column-gap-default\">\n\t\t\t\t\t<div class=\"elementor-column elementor-col-100 elementor-top-column elementor-element elementor-element-4a74929\" data-id=\"4a74929\" data-element_type=\"column\">\n\t\t\t<div class=\"elementor-widget-wrap elementor-element-populated\">\n\t\t\t\t\t\t<div class=\"elementor-element elementor-element-1f31462b elementor-widget elementor-widget-text-editor\" data-id=\"1f31462b\" data-element_type=\"widget\" data-widget_type=\"text-editor.default\">\n\t\t\t\t<div class=\"elementor-widget-container\">\n\t\t\t\t\t\t\t\t\t<h3><strong>Cookies Policy<\/strong><\/h3>\n<p>Ez a weboldal s\u00fctiket haszn\u00e1l \u2014 kis sz\u00f6veges f\u00e1jlokat, amelyeket a sz\u00e1m\u00edt\u00f3g\u00e9pedre helyez el annak \u00e9rdek\u00e9ben, hogy jav\u00edtsa a felhaszn\u00e1l\u00f3i \u00e9lm\u00e9nyt. \u00c1ltal\u00e1noss\u00e1gban a s\u00fctiket arra haszn\u00e1lj\u00e1k, hogy megjegyezz\u00e9k a felhaszn\u00e1l\u00f3i be\u00e1ll\u00edt\u00e1sokat, t\u00e1rolj\u00e1k p\u00e9ld\u00e1ul a bev\u00e1s\u00e1rl\u00f3kos\u00e1r adatait, valamint anonim nyomk\u00f6vet\u00e9si adatokat biztos\u00edtsanak harmadik f\u00e9l alkalmaz\u00e1sok, p\u00e9ld\u00e1ul a Google Analytics sz\u00e1m\u00e1ra. A s\u00fctik \u00e1ltal\u00e1ban jobb b\u00f6ng\u00e9sz\u00e9si \u00e9lm\u00e9nyt biztos\u00edtanak. Ugyanakkor, ha szeretn\u00e9d, letilthatod a s\u00fctik haszn\u00e1lat\u00e1t ezen \u00e9s m\u00e1s weboldalakon is. A leghat\u00e9konyabb m\u00f3dja ennek a b\u00f6ng\u00e9sz\u0151d be\u00e1ll\u00edt\u00e1saiban t\u00f6rt\u00e9n\u0151 letilt\u00e1s. Javasoljuk, hogy n\u00e9zd meg a b\u00f6ng\u00e9sz\u0151d s\u00fag\u00f3j\u00e1t, vagy l\u00e1togass el a <a href=\"http:\/\/www.aboutcookies.org\/\" target=\"_blank\" rel=\"noopener noreferrer\">About Cookies <\/a>weboldalra, amely \u00fatmutat\u00e1st k\u00edn\u00e1l minden modern b\u00f6ng\u00e9sz\u0151h\u00f6z.     <\/p>\n\t\t\t\t\t\t\t\t<\/div>\n\t\t\t\t<\/div>\n\t\t\t\t<div class=\"elementor-element elementor-element-5e8e5a9 elementor-widget elementor-widget-spacer\" data-id=\"5e8e5a9\" data-element_type=\"widget\" data-widget_type=\"spacer.default\">\n\t\t\t\t<div class=\"elementor-widget-container\">\n\t\t\t\t\t\t\t<div class=\"elementor-spacer\">\n\t\t\t<div class=\"elementor-spacer-inner\"><\/div>\n\t\t<\/div>\n\t\t\t\t\t\t<\/div>\n\t\t\t\t<\/div>\n\t\t\t\t\t<\/div>\n\t\t<\/div>\n\t\t\t\t\t<\/div>\n\t\t<\/section>\n\t\t\t\t<\/div>\n\t\t","protected":false},"excerpt":{"rendered":"<p>Cookies Policy Ez a weboldal s\u00fctiket haszn\u00e1l \u2014 kis sz\u00f6veges f\u00e1jlokat, amelyeket a sz\u00e1m\u00edt\u00f3g\u00e9pedre helyez el annak \u00e9rdek\u00e9ben, hogy jav\u00edtsa a felhaszn\u00e1l\u00f3i \u00e9lm\u00e9nyt. \u00c1ltal\u00e1noss\u00e1gban a s\u00fctiket arra haszn\u00e1lj\u00e1k, hogy megjegyezz\u00e9k a felhaszn\u00e1l\u00f3i be\u00e1ll\u00edt\u00e1sokat, t\u00e1rolj\u00e1k p\u00e9ld\u00e1ul a bev\u00e1s\u00e1rl\u00f3kos\u00e1r adatait, valamint anonim nyomk\u00f6vet\u00e9si adatokat biztos\u00edtsanak harmadik f\u00e9l alkalmaz\u00e1sok, p\u00e9ld\u00e1ul a Google Analytics sz\u00e1m\u00e1ra. A s\u00fctik \u00e1ltal\u00e1ban jobb&hellip;<\/p>\n","protected":false},"author":1,"featured_media":0,"parent":0,"menu_order":0,"comment_status":"closed","ping_status":"closed","template":"elementor_header_footer","meta":{"_acf_changed":false,"footnotes":""},"class_list":["post-48458","page","type-page","status-publish","hentry"],"acf":[],"_links":{"self":[{"href":"https:\/\/www.tornum.com\/hu\/wp-json\/wp\/v2\/pages\/48458","targetHints":{"allow":["GET"]}}],"collection":[{"href":"https:\/\/www.tornum.com\/hu\/wp-json\/wp\/v2\/pages"}],"about":[{"href":"https:\/\/www.tornum.com\/hu\/wp-json\/wp\/v2\/types\/page"}],"author":[{"embeddable":true,"href":"https:\/\/www.tornum.com\/hu\/wp-json\/wp\/v2\/users\/1"}],"replies":[{"embeddable":true,"href":"https:\/\/www.tornum.com\/hu\/wp-json\/wp\/v2\/comments?post=48458"}],"version-history":[{"count":1,"href":"https:\/\/www.tornum.com\/hu\/wp-json\/wp\/v2\/pages\/48458\/revisions"}],"predecessor-version":[{"id":48459,"href":"https:\/\/www.tornum.com\/hu\/wp-json\/wp\/v2\/pages\/48458\/revisions\/48459"}],"wp:attachment":[{"href":"https:\/\/www.tornum.com\/hu\/wp-json\/wp\/v2\/media?parent=48458"}],"curies":[{"name":"wp","href":"https:\/\/api.w.org\/{rel}","templated":true}]}}