{"id":22869,"date":"2023-05-14T20:46:38","date_gmt":"2023-05-14T20:46:38","guid":{"rendered":"https:\/\/www.tornum.com\/product\/aeration-cover\/"},"modified":"2025-07-30T06:45:18","modified_gmt":"2025-07-30T06:45:18","slug":"levegozteto-fedel","status":"publish","type":"product","link":"https:\/\/www.tornum.com\/hu\/termek\/levegozteto-fedel\/","title":{"rendered":"LEVEG\u0150ZTET\u0150 FED\u00c9L"},"content":{"rendered":"<p>A Tornum leveg\u0151ztet\u0151 burkolattal lehet\u0151s\u00e9ge van sil\u00f3ja leveg\u0151ztet\u00e9s\u00e9nek optimaliz\u00e1l\u00e1s\u00e1ra.<\/p>\n<p>A fedelek 0,5 \u00e9s 1 m hossz\u00fas\u00e1gban kaphat\u00f3k, ami lehet\u0151v\u00e9 teszi, hogy az elrendez\u00e9st a saj\u00e1t ig\u00e9nyeihez igaz\u00edtsa.<\/p>\n<p>Sima fel\u00fcletet biztos\u00edt a t\u00e1rol\u00f3 belsej\u00e9ben, \u00e9s k\u00f6nnyen tiszt\u00edthat\u00f3.<\/p>\n<p>&nbsp;<\/p>\n<p>Sil\u00f3khoz \u00e9s lapos t\u00e1rol\u00f3khoz egyar\u00e1nt kaphat\u00f3k.<\/p>\n<p>&nbsp;<\/p>\n<p>Fontos tudni, hogy az alap kialak\u00edt\u00e1s\u00e1t hozz\u00e1 kell igaz\u00edtani az ilyen t\u00edpus\u00fa leveg\u0151ztet\u00e9s haszn\u00e1lat\u00e1hoz.<\/p>\n","protected":false},"excerpt":{"rendered":"<p>A Tornum leveg\u0151ztet\u0151 fedelek a sil\u00f3 betonpadl\u00f3j\u00e1ba \u00e1gyazott perfor\u00e1lt f\u00e9mlemezb\u0151l k\u00e9sz\u00fclnek. A fedelek minden sil\u00f3\u00e1tm\u00e9r\u0151h\u00f6z rendelhet\u0151ek.<\/p>\n","protected":false},"featured_media":21995,"comment_status":"open","ping_status":"closed","template":"","meta":{"_acf_changed":false},"product_brand":[],"product_cat":[420,421,422],"product_tag":[423,424,425,426],"class_list":{"0":"post-22869","1":"product","2":"type-product","3":"status-publish","4":"has-post-thumbnail","6":"product_cat-minden-termek-hu","7":"product_cat-kondicionalas","8":"product_cat-levegozteto-fedel-hu","9":"product_tag-axial-hu","10":"product_tag-conditioning-laterals-hu","11":"product_tag-fan-hu","12":"product_tag-silo-hu","13":"description-off","15":"first","16":"instock","17":"shipping-taxable","18":"product-type-simple"},"acf":[],"_links":{"self":[{"href":"https:\/\/www.tornum.com\/hu\/wp-json\/wp\/v2\/product\/22869","targetHints":{"allow":["GET"]}}],"collection":[{"href":"https:\/\/www.tornum.com\/hu\/wp-json\/wp\/v2\/product"}],"about":[{"href":"https:\/\/www.tornum.com\/hu\/wp-json\/wp\/v2\/types\/product"}],"replies":[{"embeddable":true,"href":"https:\/\/www.tornum.com\/hu\/wp-json\/wp\/v2\/comments?post=22869"}],"version-history":[{"count":2,"href":"https:\/\/www.tornum.com\/hu\/wp-json\/wp\/v2\/product\/22869\/revisions"}],"predecessor-version":[{"id":22873,"href":"https:\/\/www.tornum.com\/hu\/wp-json\/wp\/v2\/product\/22869\/revisions\/22873"}],"wp:featuredmedia":[{"embeddable":true,"href":"https:\/\/www.tornum.com\/hu\/wp-json\/wp\/v2\/media\/21995"}],"wp:attachment":[{"href":"https:\/\/www.tornum.com\/hu\/wp-json\/wp\/v2\/media?parent=22869"}],"wp:term":[{"taxonomy":"product_brand","embeddable":true,"href":"https:\/\/www.tornum.com\/hu\/wp-json\/wp\/v2\/product_brand?post=22869"},{"taxonomy":"product_cat","embeddable":true,"href":"https:\/\/www.tornum.com\/hu\/wp-json\/wp\/v2\/product_cat?post=22869"},{"taxonomy":"product_tag","embeddable":true,"href":"https:\/\/www.tornum.com\/hu\/wp-json\/wp\/v2\/product_tag?post=22869"}],"curies":[{"name":"wp","href":"https:\/\/api.w.org\/{rel}","templated":true}]}}