{"id":22880,"date":"2023-05-17T13:04:39","date_gmt":"2023-05-17T13:04:39","guid":{"rendered":"https:\/\/www.tornum.com\/product\/alfaflame-bioheating-systems-2\/"},"modified":"2025-07-30T06:27:03","modified_gmt":"2025-07-30T06:27:03","slug":"alfaflame-biofutesi-rendszerek","status":"publish","type":"product","link":"https:\/\/www.tornum.com\/hu\/termek\/alfaflame-biofutesi-rendszerek\/","title":{"rendered":"ALFAFLAME &#8211; BIOF\u0170T\u00c9SI RENDSZEREK"},"content":{"rendered":"\t\t<div data-elementor-type=\"product-post\" data-elementor-id=\"22880\" class=\"elementor elementor-22880 elementor-11838\" data-elementor-settings=\"{&quot;ha_cmc_init_switcher&quot;:&quot;no&quot;}\" data-elementor-post-type=\"product\">\n\t\t\t\t\t\t<section class=\"elementor-section elementor-top-section elementor-element elementor-element-532b129 elementor-section-boxed elementor-section-height-default elementor-section-height-default\" data-id=\"532b129\" data-element_type=\"section\" data-settings=\"{&quot;_ha_eqh_enable&quot;:false}\">\n\t\t\t\t\t\t<div class=\"elementor-container elementor-column-gap-default\">\n\t\t\t\t\t<div class=\"elementor-column elementor-col-100 elementor-top-column elementor-element elementor-element-67db0c1b\" data-id=\"67db0c1b\" data-element_type=\"column\">\n\t\t\t<div class=\"elementor-widget-wrap elementor-element-populated\">\n\t\t\t\t\t\t<div class=\"elementor-element elementor-element-16129989 elementor-widget elementor-widget-text-editor\" data-id=\"16129989\" data-element_type=\"widget\" data-widget_type=\"text-editor.default\">\n\t\t\t\t<div class=\"elementor-widget-container\">\n\t\t\t\t\t\t\t\t\tAz AlfaFlame 800 kW-os biomassza kemence egyes 800 kW-os \u00e9s kett\u0151s (2\u00d7800 kW) konfigur\u00e1ci\u00f3ban is kaphat\u00f3, \u00fagy lett kialak\u00edtva, hogy sz\u00e1mos felhaszn\u00e1l\u00e1si ter\u00fcleten megfeleljen, t\u00f6bbek k\u00f6z\u00f6tt gabonasz\u00e1r\u00edt\u00f3khoz, ipari l\u00e9tes\u00edtm\u00e9nyekhez, \u00fcvegh\u00e1zakhoz \u00e9s minden olyan rendszerhez, ahol magas h\u0151m\u00e9rs\u00e9kletre \u00e9s sz\u00e1raz leveg\u0151re van sz\u00fcks\u00e9g. A kemenc\u00e9t \u00fagy tervezt\u00e9k, hogy t\u00falnyom\u00e1ssal is m\u0171k\u00f6dj\u00f6n. Ezenk\u00edv\u00fcl a k\u00e9t kaz\u00e1nb\u00f3l \u00e1ll\u00f3 rendszerkonfigur\u00e1ci\u00f3 lehet\u0151v\u00e9 teszi a kaz\u00e1nok tandemben vagy egym\u00e1st\u00f3l f\u00fcggetlen\u00fcl t\u00f6rt\u00e9n\u0151 haszn\u00e1lat\u00e1t.  \t\t\t\t\t\t\t\t<\/div>\n\t\t\t\t<\/div>\n\t\t\t\t\t<\/div>\n\t\t<\/div>\n\t\t\t\t\t<\/div>\n\t\t<\/section>\n\t\t\t\t<\/div>\n\t\t","protected":false},"excerpt":{"rendered":"<p>A 800 kW teljes\u00edtm\u00e9ny\u0171 AlfaFlame biomassza kemence sokoldal\u00fa: alkalmas p\u00e9ld\u00e1ul gabonasz\u00e1r\u00edt\u00e1sra, ipari felhaszn\u00e1l\u00e1sra \u00e9s \u00fcvegh\u00e1zak f\u0171t\u00e9s\u00e9re. T\u00falnyom\u00e1ssal m\u0171k\u00f6dik, \u00e9s k\u00e9tkaz\u00e1nos rendszer opci\u00f3t k\u00edn\u00e1l f\u00fcggetlen vagy tandem haszn\u00e1latra.<\/p>\n","protected":false},"featured_media":21419,"comment_status":"open","ping_status":"closed","template":"","meta":{"_acf_changed":false},"product_brand":[],"product_cat":[420,427,428,421,429],"product_tag":[430,431,432,433],"class_list":{"0":"post-22880","1":"product","2":"type-product","3":"status-publish","4":"has-post-thumbnail","6":"product_cat-minden-termek-hu","7":"product_cat-elelmiszer-hu","8":"product_cat-gabona-hu","9":"product_cat-kondicionalas","10":"product_cat-hoforrasok-hu","11":"product_tag-burner-hu","12":"product_tag-dryer-hu","13":"product_tag-dryer-tkr-hu","14":"product_tag-tecflam-hu","16":"first","17":"instock","18":"shipping-taxable","19":"product-type-simple"},"acf":[],"_links":{"self":[{"href":"https:\/\/www.tornum.com\/hu\/wp-json\/wp\/v2\/product\/22880","targetHints":{"allow":["GET"]}}],"collection":[{"href":"https:\/\/www.tornum.com\/hu\/wp-json\/wp\/v2\/product"}],"about":[{"href":"https:\/\/www.tornum.com\/hu\/wp-json\/wp\/v2\/types\/product"}],"replies":[{"embeddable":true,"href":"https:\/\/www.tornum.com\/hu\/wp-json\/wp\/v2\/comments?post=22880"}],"version-history":[{"count":6,"href":"https:\/\/www.tornum.com\/hu\/wp-json\/wp\/v2\/product\/22880\/revisions"}],"predecessor-version":[{"id":27566,"href":"https:\/\/www.tornum.com\/hu\/wp-json\/wp\/v2\/product\/22880\/revisions\/27566"}],"wp:featuredmedia":[{"embeddable":true,"href":"https:\/\/www.tornum.com\/hu\/wp-json\/wp\/v2\/media\/21419"}],"wp:attachment":[{"href":"https:\/\/www.tornum.com\/hu\/wp-json\/wp\/v2\/media?parent=22880"}],"wp:term":[{"taxonomy":"product_brand","embeddable":true,"href":"https:\/\/www.tornum.com\/hu\/wp-json\/wp\/v2\/product_brand?post=22880"},{"taxonomy":"product_cat","embeddable":true,"href":"https:\/\/www.tornum.com\/hu\/wp-json\/wp\/v2\/product_cat?post=22880"},{"taxonomy":"product_tag","embeddable":true,"href":"https:\/\/www.tornum.com\/hu\/wp-json\/wp\/v2\/product_tag?post=22880"}],"curies":[{"name":"wp","href":"https:\/\/api.w.org\/{rel}","templated":true}]}}