{"id":22887,"date":"2023-05-14T21:39:02","date_gmt":"2023-05-14T21:39:02","guid":{"rendered":"https:\/\/www.tornum.com\/product\/aspiration-filtersystem\/"},"modified":"2025-07-30T06:54:40","modified_gmt":"2025-07-30T06:54:40","slug":"elszivo-szurorendszer","status":"publish","type":"product","link":"https:\/\/www.tornum.com\/hu\/termek\/elszivo-szurorendszer\/","title":{"rendered":"ELSZ\u00cdV\u00d3-\/SZ\u0170R\u0150RENDSZER"},"content":{"rendered":"<div class=\"wpb-content-wrapper\"><p>[vc_row][vc_column width=&#8221;2\/3&#8243;][vc_column_text]A Tornum elsz\u00edv\u00f3rendszerei fogad\u00f3akn\u00e1khoz \u00e9s sz\u00e1ll\u00edt\u00f3berendez\u00e9sekhez k\u00e9sz\u00fcltek. A rendszerben l\u00e9trehozott v\u00e1kuum megg\u00e1tolja a poros leveg\u0151 ki\u00e1raml\u00e1s\u00e1t a k\u00f6rnyezetbe.<\/p>\n<p>A Tornum testreszabott megold\u00e1sokat biztos\u00edt \u00fcgyfelei egy\u00e9ni ig\u00e9nyeinek megfelel\u0151en. Berendez\u00e9seink minim\u00e1lis szintre cs\u00f6kkentik a por kijut\u00e1s\u00e1t, \u00e9s optimaliz\u00e1lj\u00e1k a munkak\u00f6rnyezetet.<\/p>\n<p>A sz\u0171r\u0151 kapacit\u00e1sa sz\u00e1mos param\u00e9tert\u0151l f\u00fcgg.[\/vc_column_text][\/vc_column][vc_column width=&#8221;1\/3&#8243;][vc_column_text]<strong>A legfontosabb t\u00e9nyez\u0151k:<\/strong><br \/>\n\u2022 A term\u00e9ny t\u00edpusa<br \/>\n\u2022 A term\u00e9nyterhel\u00e9s<br \/>\n\u2022 A felhaszn\u00e1l\u00e1si m\u00f3d<br \/>\n\u2022 A k\u00f6rnyezet (h\u0151m\u00e9rs\u00e9klet \u00e9s p\u00e1ratartalom)<br \/>\n\u2022 A sz\u0171r\u0151 anyaga<br \/>\n\u2022 A sz\u0171r\u0151 konstrukci\u00f3ja[\/vc_column_text][\/vc_column][\/vc_row]<\/p>\n<\/div>","protected":false},"excerpt":{"rendered":"<div class=\"flex flex-grow flex-col gap-3 max-w-full\">\n<div class=\"min-h-[20px] flex flex-col items-start gap-3 overflow-x-auto whitespace-pre-wrap break-words\">\n<div class=\"markdown prose w-full break-words dark:prose-invert light\">\n<p>A Tornum a fogad\u00f3akn\u00e1khoz \u00e9s sz\u00e1ll\u00edt\u00f3berendez\u00e9sekhez szabott aspir\u00e1ci\u00f3s rendszereket k\u00edn\u00e1l, amelyek biztos\u00edtj\u00e1k a por visszatart\u00e1s\u00e1t \u00e9s megakad\u00e1lyozz\u00e1k annak a k\u00f6rnyezetbe val\u00f3 kijut\u00e1s\u00e1t az\u00e1ltal, hogy v\u00e1kuumot hoznak l\u00e9tre a rendszeren bel\u00fcl.<br \/>\nEzeket a testre szabott megold\u00e1sokat \u00fagy tervezt\u00e9k, hogy megfeleljenek az \u00fcgyfelek egyedi ig\u00e9nyeinek, hat\u00e9konyan minimaliz\u00e1lj\u00e1k a porsz\u00f3r\u00e1s m\u00e9rt\u00e9k\u00e9t \u00e9s jav\u00edts\u00e1k az \u00e1ltal\u00e1nos munkak\u00f6rnyezetet.<\/p>\n<\/div>\n<\/div>\n<\/div>\n","protected":false},"featured_media":21247,"comment_status":"open","ping_status":"closed","template":"","meta":{"_acf_changed":false},"product_brand":[],"product_cat":[420,434,427,428,435,436],"product_tag":[437,438,425,439],"class_list":{"0":"post-22887","1":"product","2":"type-product","3":"status-publish","4":"has-post-thumbnail","6":"product_cat-minden-termek-hu","7":"product_cat-takarmanyok-hu","8":"product_cat-elelmiszer-hu","9":"product_cat-gabona-hu","10":"product_cat-anyagmozgatas","11":"product_cat-porlevalasztas-hu","12":"product_tag-conditioning-hu","13":"product_tag-dust-hu","14":"product_tag-fan-hu","15":"product_tag-separation-hu","16":"description-off","18":"first","19":"instock","20":"shipping-taxable","21":"product-type-simple"},"acf":[],"_links":{"self":[{"href":"https:\/\/www.tornum.com\/hu\/wp-json\/wp\/v2\/product\/22887","targetHints":{"allow":["GET"]}}],"collection":[{"href":"https:\/\/www.tornum.com\/hu\/wp-json\/wp\/v2\/product"}],"about":[{"href":"https:\/\/www.tornum.com\/hu\/wp-json\/wp\/v2\/types\/product"}],"replies":[{"embeddable":true,"href":"https:\/\/www.tornum.com\/hu\/wp-json\/wp\/v2\/comments?post=22887"}],"version-history":[{"count":2,"href":"https:\/\/www.tornum.com\/hu\/wp-json\/wp\/v2\/product\/22887\/revisions"}],"predecessor-version":[{"id":22891,"href":"https:\/\/www.tornum.com\/hu\/wp-json\/wp\/v2\/product\/22887\/revisions\/22891"}],"wp:featuredmedia":[{"embeddable":true,"href":"https:\/\/www.tornum.com\/hu\/wp-json\/wp\/v2\/media\/21247"}],"wp:attachment":[{"href":"https:\/\/www.tornum.com\/hu\/wp-json\/wp\/v2\/media?parent=22887"}],"wp:term":[{"taxonomy":"product_brand","embeddable":true,"href":"https:\/\/www.tornum.com\/hu\/wp-json\/wp\/v2\/product_brand?post=22887"},{"taxonomy":"product_cat","embeddable":true,"href":"https:\/\/www.tornum.com\/hu\/wp-json\/wp\/v2\/product_cat?post=22887"},{"taxonomy":"product_tag","embeddable":true,"href":"https:\/\/www.tornum.com\/hu\/wp-json\/wp\/v2\/product_tag?post=22887"}],"curies":[{"name":"wp","href":"https:\/\/api.w.org\/{rel}","templated":true}]}}