{"id":22893,"date":"2023-05-14T21:52:41","date_gmt":"2023-05-14T21:52:41","guid":{"rendered":"https:\/\/www.tornum.com\/product\/aspirator-2\/"},"modified":"2025-07-30T07:01:59","modified_gmt":"2025-07-30T07:01:59","slug":"legelszivo","status":"publish","type":"product","link":"https:\/\/www.tornum.com\/hu\/termek\/legelszivo\/","title":{"rendered":"L\u00c9GELSZ\u00cdV\u00d3"},"content":{"rendered":"<div class=\"wpb-content-wrapper\"><p>[vc_row][vc_column width=&#8221;2\/3&#8243;][vc_column_text]A Tornum l\u00e9gelsz\u00edv\u00f3 a por gabon\u00e1t\u00f3l \u00e9s egy\u00e9b szemcs\u00e9s anyagokt\u00f3l t\u00f6rt\u00e9n\u0151 elv\u00e1laszt\u00e1s\u00e1ra szolg\u00e1l, kis m\u00e9rete ellen\u00e9re nagy kapacit\u00e1st biztos\u00edt.[\/vc_column_text][\/vc_column][vc_column width=&#8221;1\/3&#8243;][vc_column_text]<strong>JELLEMZ\u0150K<\/strong><br \/>\n\u2022 Porfestett f\u00e9mlemezb\u0151l k\u00e9sz\u00fcl<br \/>\n\u2022 H\u00e1romf\u00e9le m\u00e9retben kaphat\u00f3<br \/>\n\u2022 Egyenes radi\u00e1lventil\u00e1torlap\u00e1tokkal szerelt<br \/>\n\u2022 A 25 t\/h teljes\u00edtm\u00e9ny\u0171 l\u00e9gelsz\u00edv\u00f3 az elsz\u00edvott hullad\u00e9kot nagyj\u00e1b\u00f3l 24 m\u00e9ter, a 60 t\/h teljes\u00edtm\u00e9ny\u0171 l\u00e9gelsz\u00edv\u00f3 21 m\u00e9ter t\u00e1vols\u00e1gra k\u00e9pes sz\u00e1ll\u00edtani<br \/>\n\u2022 \u00c1ll\u00edthat\u00f3 sz\u00edv\u00f3er\u0151 a maxim\u00e1lis tiszt\u00edt\u00e1si hat\u00e9konys\u00e1g\u00e9rt[\/vc_column_text][\/vc_column][\/vc_row]<\/p>\n<\/div>","protected":false},"excerpt":{"rendered":"<div class=\"flex flex-grow flex-col gap-3 max-w-full\">\n<div class=\"min-h-[20px] flex flex-col items-start gap-3 overflow-x-auto whitespace-pre-wrap break-words\">\n<div class=\"markdown prose w-full break-words dark:prose-invert light\">\n<p>A Tornum l\u00e9gelsz\u00edv\u00f3 kompakt m\u00e9rete ellen\u00e9re hat\u00e9kony \u00e9s kiv\u00e1l\u00f3 min\u0151s\u00e9g\u0171 porlev\u00e1laszt\u00e1st k\u00edn\u00e1l a szemcs\u00e9s anyagmozgat\u00e1shoz. Porfestett f\u00e9mlemez szerkezettel rendelkezik, h\u00e1rom m\u00e9retv\u00e1ltozatban kaphat\u00f3, \u00e9s egyenes radi\u00e1lventil\u00e1tor lap\u00e1tokkal van felszerelve.<\/p>\n<\/div>\n<\/div>\n<\/div>\n","protected":false},"featured_media":21285,"comment_status":"open","ping_status":"closed","template":"","meta":{"_acf_changed":false},"product_brand":[],"product_cat":[420,428,435,436],"product_tag":[423,437,424,439],"class_list":{"0":"post-22893","1":"product","2":"type-product","3":"status-publish","4":"has-post-thumbnail","6":"product_cat-minden-termek-hu","7":"product_cat-gabona-hu","8":"product_cat-anyagmozgatas","9":"product_cat-porlevalasztas-hu","10":"product_tag-axial-hu","11":"product_tag-conditioning-hu","12":"product_tag-conditioning-laterals-hu","13":"product_tag-separation-hu","14":"description-off","16":"first","17":"instock","18":"shipping-taxable","19":"product-type-simple"},"acf":[],"_links":{"self":[{"href":"https:\/\/www.tornum.com\/hu\/wp-json\/wp\/v2\/product\/22893","targetHints":{"allow":["GET"]}}],"collection":[{"href":"https:\/\/www.tornum.com\/hu\/wp-json\/wp\/v2\/product"}],"about":[{"href":"https:\/\/www.tornum.com\/hu\/wp-json\/wp\/v2\/types\/product"}],"replies":[{"embeddable":true,"href":"https:\/\/www.tornum.com\/hu\/wp-json\/wp\/v2\/comments?post=22893"}],"version-history":[{"count":2,"href":"https:\/\/www.tornum.com\/hu\/wp-json\/wp\/v2\/product\/22893\/revisions"}],"predecessor-version":[{"id":22897,"href":"https:\/\/www.tornum.com\/hu\/wp-json\/wp\/v2\/product\/22893\/revisions\/22897"}],"wp:featuredmedia":[{"embeddable":true,"href":"https:\/\/www.tornum.com\/hu\/wp-json\/wp\/v2\/media\/21285"}],"wp:attachment":[{"href":"https:\/\/www.tornum.com\/hu\/wp-json\/wp\/v2\/media?parent=22893"}],"wp:term":[{"taxonomy":"product_brand","embeddable":true,"href":"https:\/\/www.tornum.com\/hu\/wp-json\/wp\/v2\/product_brand?post=22893"},{"taxonomy":"product_cat","embeddable":true,"href":"https:\/\/www.tornum.com\/hu\/wp-json\/wp\/v2\/product_cat?post=22893"},{"taxonomy":"product_tag","embeddable":true,"href":"https:\/\/www.tornum.com\/hu\/wp-json\/wp\/v2\/product_tag?post=22893"}],"curies":[{"name":"wp","href":"https:\/\/api.w.org\/{rel}","templated":true}]}}