{"id":22912,"date":"2023-04-03T11:57:24","date_gmt":"2023-04-03T11:57:24","guid":{"rendered":"https:\/\/www.tornum.com\/product\/axial-fan\/"},"modified":"2025-07-14T09:11:25","modified_gmt":"2025-07-14T09:11:25","slug":"axialventilator","status":"publish","type":"product","link":"https:\/\/www.tornum.com\/hu\/termek\/axialventilator\/","title":{"rendered":"AXI\u00c1LVENTIL\u00c1TOR"},"content":{"rendered":"<div class=\"wpb-content-wrapper\"><p>[vc_row gap=&#8221;35&#8243;][vc_column width=&#8221;2\/3&#8243;][vc_column_text]A Tornum axi\u00e1lventil\u00e1torok els\u0151dlegesen folyamatos sz\u00e1r\u00edt\u00f3kba val\u00f3k sz\u00edv\u00f3ventil\u00e1tork\u00e9nt, de kondicion\u00e1l\u00f3 ventil\u00e1tork\u00e9nt is alkalmazhat\u00f3k az LT kondicion\u00e1l\u00f3 tart\u00e1lyokban. A v\u00e1z anyaga t\u0171zihorganyzott ac\u00e9llemez, h\u00e1romf\u00e9le \u2013 500, 630 \u00e9s 1130 mm-es \u2013 \u00e1tm\u00e9r\u0151ben gy\u00e1rtjuk, a teljes\u00edtm\u00e9nyv\u00e1laszt\u00e9k pedig 2,2 \u00e9s 22 kW k\u00f6z\u00e9 esik. Sz\u00e1r\u00edt\u00f3ra felszerelve hangtomp\u00edt\u00f3 egys\u00e9g alkalmaz\u00e1s\u00e1t is javasoljuk a k\u00fcls\u0151 zajterhel\u00e9s cs\u00f6kkent\u00e9se \u00e9rdek\u00e9ben.[\/vc_column_text][\/vc_column][vc_column width=&#8221;1\/3&#8243;][vc_column_text]<strong>JELLEMZ\u0150K<\/strong><br \/>\n\u2022 A ventil\u00e1tor v\u00e1za t\u0171zihorganyzott, ami kiv\u00e1l\u00f3 korr\u00f3zi\u00f3v\u00e9delmet biztos\u00edt<br \/>\n\u2022 Tartoz\u00e9kk\u00e9nt hangtomp\u00edt\u00f3t is k\u00edn\u00e1lunk. A kett\u0151s csappanty\u00fas kialak\u00edt\u00e1s a hagyom\u00e1nyosn\u00e1l jobb teljes\u00edtm\u00e9nyt biztos\u00edt.<br \/>\n\u2022 A j\u00e1r\u00f3kerekek statikusan \u00e9s dinamikusan egyar\u00e1nt ki vannak egyens\u00falyozva<br \/>\n\u2022 Az \u00d8500 mm-es \u00e9s \u00d8630 mm-es j\u00e1r\u00f3kerekek egy darabb\u00f3l k\u00e9sz\u00fclt alum\u00ednium\u00f6ntv\u00e9nyek, az \u00d81130 mm-es egys\u00e9gekn\u00e9l pedig m\u0171anyag lap\u00e1tok tal\u00e1lhat\u00f3k alum\u00ednium agyon.<br \/>\n[\/vc_column_text][\/vc_column][\/vc_row]<\/p>\n<\/div>","protected":false},"excerpt":{"rendered":"<p>A Tornum axi\u00e1lventil\u00e1torok sz\u00edv\u00f3ventil\u00e1tork\u00e9nt szolg\u00e1lnak a folyamatos sz\u00e1r\u00edt\u00f3kban, \u00e9s kondicion\u00e1l\u00f3 ventil\u00e1tork\u00e9nt is m\u0171k\u00f6dhetnek az LT kondicion\u00e1l\u00f3 tart\u00e1lyokban. H\u00e1romf\u00e9le \u00e1tm\u00e9r\u0151ben (500 mm, 630 mm \u00e9s 1130 mm) kaphat\u00f3k, 2,2 kW \u00e9s 22 kW k\u00f6z\u00f6tti teljes\u00edtm\u00e9nnyel.<\/p>\n","protected":false},"featured_media":20789,"comment_status":"open","ping_status":"closed","template":"","meta":{"_acf_changed":false},"product_brand":[],"product_cat":[420,428,421,446],"product_tag":[423,437,431,425],"class_list":{"0":"post-22912","1":"product","2":"type-product","3":"status-publish","4":"has-post-thumbnail","6":"product_cat-minden-termek-hu","7":"product_cat-gabona-hu","8":"product_cat-kondicionalas","9":"product_cat-axialventilator-hu","10":"product_tag-axial-hu","11":"product_tag-conditioning-hu","12":"product_tag-dryer-hu","13":"product_tag-fan-hu","14":"pa_products-type-grain-hu","15":"description-off","17":"first","18":"instock","19":"shipping-taxable","20":"product-type-simple"},"acf":[],"_links":{"self":[{"href":"https:\/\/www.tornum.com\/hu\/wp-json\/wp\/v2\/product\/22912","targetHints":{"allow":["GET"]}}],"collection":[{"href":"https:\/\/www.tornum.com\/hu\/wp-json\/wp\/v2\/product"}],"about":[{"href":"https:\/\/www.tornum.com\/hu\/wp-json\/wp\/v2\/types\/product"}],"replies":[{"embeddable":true,"href":"https:\/\/www.tornum.com\/hu\/wp-json\/wp\/v2\/comments?post=22912"}],"version-history":[{"count":2,"href":"https:\/\/www.tornum.com\/hu\/wp-json\/wp\/v2\/product\/22912\/revisions"}],"predecessor-version":[{"id":22916,"href":"https:\/\/www.tornum.com\/hu\/wp-json\/wp\/v2\/product\/22912\/revisions\/22916"}],"wp:featuredmedia":[{"embeddable":true,"href":"https:\/\/www.tornum.com\/hu\/wp-json\/wp\/v2\/media\/20789"}],"wp:attachment":[{"href":"https:\/\/www.tornum.com\/hu\/wp-json\/wp\/v2\/media?parent=22912"}],"wp:term":[{"taxonomy":"product_brand","embeddable":true,"href":"https:\/\/www.tornum.com\/hu\/wp-json\/wp\/v2\/product_brand?post=22912"},{"taxonomy":"product_cat","embeddable":true,"href":"https:\/\/www.tornum.com\/hu\/wp-json\/wp\/v2\/product_cat?post=22912"},{"taxonomy":"product_tag","embeddable":true,"href":"https:\/\/www.tornum.com\/hu\/wp-json\/wp\/v2\/product_tag?post=22912"}],"curies":[{"name":"wp","href":"https:\/\/api.w.org\/{rel}","templated":true}]}}