{"id":22919,"date":"2023-05-04T09:40:05","date_gmt":"2023-05-04T09:40:05","guid":{"rendered":"https:\/\/www.tornum.com\/product\/batch-dryer-ts\/"},"modified":"2025-07-11T09:14:34","modified_gmt":"2025-07-11T09:14:34","slug":"ts-szakaszos-uzemu-szarito","status":"publish","type":"product","link":"https:\/\/www.tornum.com\/hu\/termek\/ts-szakaszos-uzemu-szarito\/","title":{"rendered":"TS SZAKASZOS \u00dcZEM\u0170 SZ\u00c1R\u00cdT\u00d3"},"content":{"rendered":"<div class=\"wpb-content-wrapper\"><p>[vc_row][vc_column width=&#8221;2\/3&#8243;][vc_column_text]A Tornum TS szakaszos \u00fczem\u0171 sz\u00e1r\u00edt\u00f3ja a k\u00fcl\u00f6nb\u00f6z\u0151 kapacit\u00e1sk\u00f6vetelm\u00e9nyekhez igaz\u00edthat\u00f3, \u00e9s \u00e1ll\u00edthat\u00f3 tol\u00f3z\u00e1rakkal van felszerelve a kisebb t\u00e9telek sz\u00e1r\u00edt\u00e1s\u00e1hoz.<\/p>\n<p>A sz\u00e1r\u00edt\u00f3szakaszok \u00e9s az \u00fcr\u00edt\u0151garat k\u00f6z\u00f6tt egy \u00fcr\u00edt\u0151 r\u00e9sz tal\u00e1lhat\u00f3, amely lehet\u0151v\u00e9 teszi a term\u00e9nyt\u00e9tel visszakeringet\u00e9s\u00e9t an\u00e9lk\u00fcl, hogy ehhez a teljes egys\u00e9get ki kellene \u00fcr\u00edteni. \u00cdgy biztos\u00edthat\u00f3 az egyenletes sz\u00e1r\u00edt\u00e1s, a v\u00e9gterm\u00e9k megfelel\u0151 min\u0151s\u00e9ge \u00e9s a kiv\u00e1l\u00f3 h\u0151hasznos\u00edt\u00e1s.<\/p>\n<p>Az \u00f6sszes gabonasz\u00e1r\u00edt\u00f3nk t\u0171zihorganyzott ac\u00e9llemezb\u0151l k\u00e9sz\u00fclt.[\/vc_column_text][\/vc_column][vc_column width=&#8221;1\/3&#8243;][vc_column_text]<strong>TARTOZ\u00c9KOK<\/strong><br \/>\n\u2022 Szintjelz\u0151<br \/>\n\u2022 Nedvesleveg\u0151s csatorna<br \/>\n\u2022 Ki\u00fcr\u00edt\u0151 r\u00e9sz<br \/>\n\u2022 Pufferz\u00f3na<\/p>\n<p><strong>KIEG\u00c9SZ\u00cdT\u0150K<\/strong><br \/>\n\u2022 T\u0171z\u00e9rz\u00e9kel\u0151 rendszer<br \/>\n\u2022 L\u00e9tr\u00e1k \u00e9s erk\u00e9lyek<br \/>\n\u2022 Megn\u00f6velt pufferz\u00f3na<br \/>\n\u2022 Vez\u00e9rl\u00e9s \u2013 nedvess\u00e9gtartalom vagy h\u0151m\u00e9rs\u00e9klet<br \/>\n\u2022 Ki\u00fcr\u00edt\u00e9s \u2013 intervallum<br \/>\n[\/vc_column_text][\/vc_column][\/vc_row]<\/p>\n<\/div>","protected":false},"excerpt":{"rendered":"<p>A Tornum TS szakaszos \u00fczem\u0171 sz\u00e1r\u00edt\u00f3ja testre szabhat\u00f3 a k\u00fcl\u00f6nb\u00f6z\u0151 kapacit\u00e1sig\u00e9nyekhez, \u00e9s \u00e1ll\u00edthat\u00f3 tol\u00f3z\u00e1rakkal van felszerelve a kisebb t\u00e9telek sz\u00e1r\u00edt\u00e1s\u00e1hoz.<\/p>\n","protected":false},"featured_media":21555,"comment_status":"open","ping_status":"closed","template":"","meta":{"_acf_changed":false},"product_brand":[],"product_cat":[420,428,448],"product_tag":[431,449,432,450],"class_list":{"0":"post-22919","1":"product","2":"type-product","3":"status-publish","4":"has-post-thumbnail","6":"product_cat-minden-termek-hu","7":"product_cat-gabona-hu","8":"product_cat-gabonaszaritok-hu","9":"product_tag-dryer-hu","10":"product_tag-dryer-tk-hu","11":"product_tag-dryer-tkr-hu","12":"product_tag-hr-hu","13":"description-off","15":"first","16":"instock","17":"shipping-taxable","18":"product-type-simple"},"acf":[],"_links":{"self":[{"href":"https:\/\/www.tornum.com\/hu\/wp-json\/wp\/v2\/product\/22919","targetHints":{"allow":["GET"]}}],"collection":[{"href":"https:\/\/www.tornum.com\/hu\/wp-json\/wp\/v2\/product"}],"about":[{"href":"https:\/\/www.tornum.com\/hu\/wp-json\/wp\/v2\/types\/product"}],"replies":[{"embeddable":true,"href":"https:\/\/www.tornum.com\/hu\/wp-json\/wp\/v2\/comments?post=22919"}],"version-history":[{"count":2,"href":"https:\/\/www.tornum.com\/hu\/wp-json\/wp\/v2\/product\/22919\/revisions"}],"predecessor-version":[{"id":22923,"href":"https:\/\/www.tornum.com\/hu\/wp-json\/wp\/v2\/product\/22919\/revisions\/22923"}],"wp:featuredmedia":[{"embeddable":true,"href":"https:\/\/www.tornum.com\/hu\/wp-json\/wp\/v2\/media\/21555"}],"wp:attachment":[{"href":"https:\/\/www.tornum.com\/hu\/wp-json\/wp\/v2\/media?parent=22919"}],"wp:term":[{"taxonomy":"product_brand","embeddable":true,"href":"https:\/\/www.tornum.com\/hu\/wp-json\/wp\/v2\/product_brand?post=22919"},{"taxonomy":"product_cat","embeddable":true,"href":"https:\/\/www.tornum.com\/hu\/wp-json\/wp\/v2\/product_cat?post=22919"},{"taxonomy":"product_tag","embeddable":true,"href":"https:\/\/www.tornum.com\/hu\/wp-json\/wp\/v2\/product_tag?post=22919"}],"curies":[{"name":"wp","href":"https:\/\/api.w.org\/{rel}","templated":true}]}}