{"id":22926,"date":"2023-05-14T20:21:14","date_gmt":"2023-05-14T20:21:14","guid":{"rendered":"https:\/\/www.tornum.com\/product\/belt-conveyor-bti\/"},"modified":"2025-07-14T08:53:08","modified_gmt":"2025-07-14T08:53:08","slug":"bti-szallitoszalag","status":"publish","type":"product","link":"https:\/\/www.tornum.com\/hu\/termek\/bti-szallitoszalag\/","title":{"rendered":"BTI SZ\u00c1LL\u00cdT\u00d3SZALAG"},"content":{"rendered":"<p><strong>JOBBAN SZ\u00c1LL\u00cdT<\/strong><br \/>\nA heveder, a g\u00f6rg\u0151k \u00e9s a dobok sz\u00e9less\u00e9ge is ISO-szabv\u00e1ny\u00fa, \u00e9s a kapacit\u00e1s szempontj\u00e1b\u00f3l legjobb gyakorlat szerint lettek elhelyezve. B\u0151ven van hely a gabon\u00e1nak, a heveder pedig j\u00f3 d\u0151l\u00e9ssz\u00f6ggel rendelkezik. Term\u00e9szetesen a szalagsebess\u00e9g a felhaszn\u00e1l\u00f3i ig\u00e9nyeknek megfelel\u0151en \u00e1ll\u00edthat\u00f3, emellett a 20 m\u00e9teres vagy hosszabb sz\u00e1ll\u00edt\u00f3szalagok visszat\u00e9r\u0151 \u00e1ga vezet\u0151g\u00f6rg\u0151kkel is rendelkezik, amelyek jobb megvezet\u00e9st biztos\u00edtanak a hevedernek. A k\u00f6z\u00e9pre helyezett rakod\u00f3 mindemellett PUR t\u00f6m\u00edt\u0151szalaggal is szigetelve lett. Mindez a gabona vesztes\u00e9gmentes \u00e9s m\u00e9g stabilabb tov\u00e1bb\u00edt\u00e1s\u00e1t jelenti.<\/p>\n<p><strong>EGYSZER\u0170BB BE\u00c1LL\u00cdT\u00c1S<\/strong><br \/>\nA kimeneti v\u00e9gen kell\u0151en nagy az \u00e1ll\u00edt\u00e1si lehet\u0151s\u00e9g, \u00edgy ritk\u00e1bban kell a hevedert a ny\u00fal\u00e1sa miatt \u00fajravulkaniz\u00e1lni. Ezenk\u00edv\u00fcl a g\u00f6rg\u0151sz\u00e9less\u00e9g miatt a sz\u00e1ll\u00edt\u00f3szalag kev\u00e9sb\u00e9 \u00e9rz\u00e9keny a vulkaniz\u00e1l\u00e1s precizit\u00e1s\u00e1ra. A vezet\u0151g\u00f6rg\u0151 a hevedert kiegyenl\u00edt\u00e9ssel tartja k\u00f6z\u00e9pen, a k\u00e9t vezet\u0151g\u00f6rg\u0151 helyzete pedig a pontosabb megvezet\u00e9s, valamint a ford\u00edtott ir\u00e1ny\u00fa \u00fczemhez t\u00f6rt\u00e9n\u0151 kiegyenl\u00edt\u00e9s \u00e9rdek\u00e9ben k\u00fcl\u00f6n-k\u00fcl\u00f6n \u00e1ll\u00edthat\u00f3.<\/p>\n<p><strong>EGYSZER\u0170 \u00d6SSZESZEREL\u00c9S<\/strong><br \/>\nMint eddig mindig, most is biztos\u00edtottuk a z\u00f6kken\u0151mentes \u00e9s egyszer\u0171 \u00f6sszeszerel\u00e9st. A Skandia \u00f6sszes term\u00e9k\u00e9hez hasonl\u00f3an a BTI is modul\u00e1ris rendszer\u0171. Ez a szab\u00e1lyozott elj\u00e1r\u00e1soknak \u00e9s megfelel\u0151 illeszked\u00e9snek k\u00f6sz\u00f6nhet\u0151en megk\u00f6nny\u00edti az \u00f6sszeszerel\u00e9st \u00e9s az illeszt\u00e9st. Az egyszer\u0171 \u00f6sszeszerel\u00e9si \u00e9s gy\u00e1rt\u00e1stechnik\u00e1nk j\u00f3volt\u00e1b\u00f3l m\u00e1r a kezdetekt\u0151l egyszer\u0171bb \u00e9s stabilabb g\u00e9p hozhat\u00f3 l\u00e9tre, \u00e9s ez az, amire a piacon jelent\u0151s ig\u00e9ny mutatkozik.<\/p>\n<p><strong>RUGALMAS<\/strong><br \/>\nA BTI minden elk\u00e9pzelhet\u0151 k\u00f6rnyezetbe \u00e9s rendszerbe beilleszthet\u0151, mind szabadban, mind belt\u00e9ren. Az \u00f6ntart\u00f3 hossz ak\u00e1r 6 m\u00e9ter is lehet. A BTI h\u00e1rom k\u00fcl\u00f6nb\u00f6z\u0151 kivitelben kaphat\u00f3, mindegyik kivitel k\u00e9t k\u00fcl\u00f6nb\u00f6z\u0151 kapacit\u00e1ssal. Teh\u00e1t m\u00e9rett\u0151l f\u00fcggetlen\u00fcl minden rendszerhez v\u00e1laszthat\u00f3 olyan sz\u00e1ll\u00edt\u00f3szalag, amely t\u00f6k\u00e9letesen illeszkedik \u00e9s nem fogyaszt a sz\u00fcks\u00e9gesn\u00e9l t\u00f6bb energi\u00e1t.<\/p>\n<p><strong>P\u00c1RATLAN MIN\u0150S\u00c9G<\/strong><br \/>\nA Skandia a min\u0151s\u00e9g ter\u00e9n sosem ismer kompromisszumot. Kiz\u00e1r\u00f3lag a legjobb anyagok \u00e9s alkatr\u00e9szek felhaszn\u00e1l\u00e1s\u00e1ra ker\u00fcl sor. Ez megb\u00edzhat\u00f3bb m\u0171k\u00f6d\u00e9st, hosszabb \u00e9lettartamot \u00e9s alacsonyabb jav\u00edt\u00e1si k\u00f6lts\u00e9geket jelent.<\/p>\n","protected":false},"excerpt":{"rendered":"<p>A Skandia BTI sz\u00e1ll\u00edt\u00f3szalagot a gabona hat\u00e9kony \u00e9s megb\u00edzhat\u00f3 sz\u00e1ll\u00edt\u00e1s\u00e1ra tervezt\u00e9k, hangs\u00falyt fektetve a kifoly\u00e1s megakad\u00e1lyoz\u00e1s\u00e1ra. Egyszer\u0171s\u00edtett be\u00e1ll\u00edt\u00e1st \u00e9s \u00f6sszeszerel\u00e9st tesz lehet\u0151v\u00e9, cs\u00f6kkentve a szalagok \u00fajb\u00f3li vulkaniz\u00e1l\u00e1s\u00e1nak sz\u00fcks\u00e9gess\u00e9g\u00e9t, valamint egyenesebb \u00e9s stabilabb g\u00e9pet biztos\u00edt, rugalmass\u00e1ga pedig lehet\u0151v\u00e9 teszi a a k\u00fcl\u00f6nb\u00f6z\u0151 k\u00f6rnyezetben \u00e9s be\u00e1ll\u00edt\u00e1sokkal val\u00f3 haszn\u00e1lat\u00e1t.<\/p>\n","protected":false},"featured_media":21169,"comment_status":"open","ping_status":"closed","template":"","meta":{"_acf_changed":false},"product_brand":[],"product_cat":[420,434,427,428,435,451],"product_tag":[452,453,431,454],"class_list":{"0":"post-22926","1":"product","2":"type-product","3":"status-publish","4":"has-post-thumbnail","6":"product_cat-minden-termek-hu","7":"product_cat-takarmanyok-hu","8":"product_cat-elelmiszer-hu","9":"product_cat-gabona-hu","10":"product_cat-anyagmozgatas","11":"product_cat-szallitoszalagok-hu","12":"product_tag-bin-hu","13":"product_tag-conveyor-hu","14":"product_tag-dryer-hu","15":"product_tag-transport-hu","16":"description-off","18":"first","19":"instock","20":"shipping-taxable","21":"product-type-simple"},"acf":[],"_links":{"self":[{"href":"https:\/\/www.tornum.com\/hu\/wp-json\/wp\/v2\/product\/22926","targetHints":{"allow":["GET"]}}],"collection":[{"href":"https:\/\/www.tornum.com\/hu\/wp-json\/wp\/v2\/product"}],"about":[{"href":"https:\/\/www.tornum.com\/hu\/wp-json\/wp\/v2\/types\/product"}],"replies":[{"embeddable":true,"href":"https:\/\/www.tornum.com\/hu\/wp-json\/wp\/v2\/comments?post=22926"}],"version-history":[{"count":3,"href":"https:\/\/www.tornum.com\/hu\/wp-json\/wp\/v2\/product\/22926\/revisions"}],"predecessor-version":[{"id":30479,"href":"https:\/\/www.tornum.com\/hu\/wp-json\/wp\/v2\/product\/22926\/revisions\/30479"}],"wp:featuredmedia":[{"embeddable":true,"href":"https:\/\/www.tornum.com\/hu\/wp-json\/wp\/v2\/media\/21169"}],"wp:attachment":[{"href":"https:\/\/www.tornum.com\/hu\/wp-json\/wp\/v2\/media?parent=22926"}],"wp:term":[{"taxonomy":"product_brand","embeddable":true,"href":"https:\/\/www.tornum.com\/hu\/wp-json\/wp\/v2\/product_brand?post=22926"},{"taxonomy":"product_cat","embeddable":true,"href":"https:\/\/www.tornum.com\/hu\/wp-json\/wp\/v2\/product_cat?post=22926"},{"taxonomy":"product_tag","embeddable":true,"href":"https:\/\/www.tornum.com\/hu\/wp-json\/wp\/v2\/product_tag?post=22926"}],"curies":[{"name":"wp","href":"https:\/\/api.w.org\/{rel}","templated":true}]}}