{"id":22932,"date":"2023-05-14T20:23:45","date_gmt":"2023-05-14T20:23:45","guid":{"rendered":"https:\/\/www.tornum.com\/product\/belt-conveyor-jema\/"},"modified":"2025-07-30T07:20:21","modified_gmt":"2025-07-30T07:20:21","slug":"jema-szallitoszalagok","status":"publish","type":"product","link":"https:\/\/www.tornum.com\/hu\/termek\/jema-szallitoszalagok\/","title":{"rendered":"JEMA SZ\u00c1LL\u00cdT\u00d3SZALAGOK"},"content":{"rendered":"<div class=\"wpb-content-wrapper\"><p>[vc_row][vc_column width=&#8221;2\/3&#8243;][vc_column_text]A Tornum sz\u00e1ll\u00edt\u00f3szalagokat els\u0151dlegesen gabon\u00e1hoz \u00e9s olajos n\u00f6v\u00e9nyekhez k\u00edn\u00e1lj\u00e1k.<br \/>\nA sz\u00e1ll\u00edt\u00f3szalagok modul\u00e1ris form\u00e1ban kaphat\u00f3k \u00e9s t\u0171zihorganyzott ac\u00e9llemezb\u0151l k\u00e9sz\u00fclnek. A sz\u00e1ll\u00edt\u00f3szalag ferd\u00e9n \u00e1ll\u00f3 g\u00f6rg\u0151i biztons\u00e1gos \u00e9s energiahat\u00e9kony sz\u00e1ll\u00edt\u00e1st biztos\u00edtanak.<\/p>\n<p>A Tornum sz\u00e1ll\u00edt\u00f3szalagok 100 m\u00e9teres hosszig kaphat\u00f3k 60\u2013300 tonna\/\u00f3ra kapacit\u00e1ssal. El\u00e9rhet\u0151k megford\u00edthat\u00f3 \u00e9s\/vagy ferde m\u0171k\u00f6d\u00e9shez is. Az olaj\u00e1ll\u00f3 hevederek az alapfelszerelts\u00e9g r\u00e9sz\u00e9t k\u00e9pezik.[\/vc_column_text][\/vc_column][vc_column width=&#8221;1\/3&#8243;][vc_column_text]<strong>KIEG\u00c9SZ\u00cdT\u0150K<\/strong><br \/>\n\u2022 K\u00e9zi vagy motoros billen\u0151kocsi be\u00e9p\u00edtett eloszt\u00f3val<br \/>\n\u2022 Es\u0151v\u00e9d\u0151 burkolat k\u00fclt\u00e9ri elhelyez\u00e9shez<br \/>\n\u2022 Bemeneti \u00e9s kimeneti t\u00f6lcs\u00e9rek sz\u00e1mos v\u00e1ltozatban<br \/>\n[\/vc_column_text][\/vc_column][\/vc_row]<\/p>\n<\/div>","protected":false},"excerpt":{"rendered":"<div class=\"flex flex-grow flex-col gap-3 max-w-full\">\n<div class=\"min-h-[20px] flex flex-col items-start gap-3 overflow-x-auto whitespace-pre-wrap break-words\">\n<div class=\"markdown prose w-full break-words dark:prose-invert light\">\n<p>A Tornum t\u0171zihorganyzott ac\u00e9lb\u00f3l k\u00e9sz\u00fclt modul\u00e1ris sz\u00e1ll\u00edt\u00f3szalagokkal rendelkezik, amelyeket els\u0151sorban gabona- \u00e9s olajipari \u00fczemekben val\u00f3 haszn\u00e1latra terveztek. A sz\u00e1ll\u00edt\u00f3szalagok biztons\u00e1gos \u00e9s energiatakar\u00e9kos sz\u00e1ll\u00edt\u00e1st k\u00edn\u00e1lnak rugalmass\u00e1guknak, valamint a ferde g\u00f6rg\u0151z\u00e9snek k\u00f6sz\u00f6nhet\u0151en, ak\u00e1r 100 m\u00e9ter hossz\u00fas\u00e1gban \u00e9s 60-300 tonna\/h kapacit\u00e1s eset\u00e9n is.<\/p>\n<\/div>\n<\/div>\n<\/div>\n","protected":false},"featured_media":21173,"comment_status":"open","ping_status":"closed","template":"","meta":{"_acf_changed":false},"product_brand":[],"product_cat":[420,434,427,428,435,451],"product_tag":[452,453,431,454],"class_list":{"0":"post-22932","1":"product","2":"type-product","3":"status-publish","4":"has-post-thumbnail","6":"product_cat-minden-termek-hu","7":"product_cat-takarmanyok-hu","8":"product_cat-elelmiszer-hu","9":"product_cat-gabona-hu","10":"product_cat-anyagmozgatas","11":"product_cat-szallitoszalagok-hu","12":"product_tag-bin-hu","13":"product_tag-conveyor-hu","14":"product_tag-dryer-hu","15":"product_tag-transport-hu","16":"description-off","18":"first","19":"instock","20":"shipping-taxable","21":"product-type-simple"},"acf":[],"_links":{"self":[{"href":"https:\/\/www.tornum.com\/hu\/wp-json\/wp\/v2\/product\/22932","targetHints":{"allow":["GET"]}}],"collection":[{"href":"https:\/\/www.tornum.com\/hu\/wp-json\/wp\/v2\/product"}],"about":[{"href":"https:\/\/www.tornum.com\/hu\/wp-json\/wp\/v2\/types\/product"}],"replies":[{"embeddable":true,"href":"https:\/\/www.tornum.com\/hu\/wp-json\/wp\/v2\/comments?post=22932"}],"version-history":[{"count":2,"href":"https:\/\/www.tornum.com\/hu\/wp-json\/wp\/v2\/product\/22932\/revisions"}],"predecessor-version":[{"id":22936,"href":"https:\/\/www.tornum.com\/hu\/wp-json\/wp\/v2\/product\/22932\/revisions\/22936"}],"wp:featuredmedia":[{"embeddable":true,"href":"https:\/\/www.tornum.com\/hu\/wp-json\/wp\/v2\/media\/21173"}],"wp:attachment":[{"href":"https:\/\/www.tornum.com\/hu\/wp-json\/wp\/v2\/media?parent=22932"}],"wp:term":[{"taxonomy":"product_brand","embeddable":true,"href":"https:\/\/www.tornum.com\/hu\/wp-json\/wp\/v2\/product_brand?post=22932"},{"taxonomy":"product_cat","embeddable":true,"href":"https:\/\/www.tornum.com\/hu\/wp-json\/wp\/v2\/product_cat?post=22932"},{"taxonomy":"product_tag","embeddable":true,"href":"https:\/\/www.tornum.com\/hu\/wp-json\/wp\/v2\/product_tag?post=22932"}],"curies":[{"name":"wp","href":"https:\/\/api.w.org\/{rel}","templated":true}]}}