{"id":22938,"date":"2023-04-03T12:49:18","date_gmt":"2023-04-03T12:49:18","guid":{"rendered":"https:\/\/www.tornum.com\/product\/bucket-and-chain-elevator-pits\/"},"modified":"2025-07-30T07:27:27","modified_gmt":"2025-07-30T07:27:27","slug":"serleges-es-lancos-felvonoaknak","status":"publish","type":"product","link":"https:\/\/www.tornum.com\/hu\/termek\/serleges-es-lancos-felvonoaknak\/","title":{"rendered":"SERLEGES \u00c9S L\u00c1NCOS FELVON\u00d3AKN\u00c1K"},"content":{"rendered":"<div class=\"wpb-content-wrapper\"><p>[vc_row gap=&#8221;35&#8243;][vc_column width=&#8221;1\/2&#8243;][vc_column_text]A Tornum felvon\u00f3akn\u00e1i \u00f6n\u00fcr\u00edt\u0151ek. A m\u0171k\u00f6d\u00e9s elve a fogad\u00f3r\u00e9sz gravit\u00e1ci\u00f3s m\u00f3don t\u00f6rt\u00e9n\u0151 \u00fcr\u00edt\u00e9se a felvon\u00f3ra. Mindkett\u0151 alkalmas betonalapba t\u00f6rt\u00e9n\u0151 be\u00e1gyaz\u00e1sra. A felvon\u00f3akna nagy m\u00e9lys\u00e9ge gyakran el\u0151nyt jelent, mivel a tart\u00e1lyok vagy a sz\u00e1r\u00edt\u00f3 \u00e9s a felvon\u00f3 k\u00f6z\u00f6tti term\u00e9szetes es\u00e9s is felhaszn\u00e1lhat\u00f3. A felvon\u00f3akna fogad\u00f3r\u00e9sze tol\u00f3z\u00e1rral z\u00e1rhat\u00f3 \u00fagy, hogy a sz\u00e1r\u00edt\u00f3 ki\u00fcr\u00edt\u00e9s\u00e9hez a serleges felvon\u00f3 is felhaszn\u00e1lhat\u00f3.[\/vc_column_text][\/vc_column][vc_column width=&#8221;1\/2&#8243;][vc_column_text]<strong>JELLEMZ\u0150K<\/strong><br \/>\n\u2022 Alapoz\u00f3 \u00e9s fed\u0151 fest\u00e9kr\u00e9teg a korr\u00f3zi\u00f3 elleni megfelel\u0151 v\u00e9delem\u00e9rt<br \/>\n\u2022 A fut\u00f3s\u00ednek massz\u00edv tart\u00f3gerend\u00e1kkal vannak ell\u00e1tva<br \/>\n\u2022 Az akna belseje a j\u00f3 higi\u00e9nia \u00e9s a minim\u00e1lis tiszt\u00edt\u00e1si ig\u00e9ny \u00e9rdek\u00e9ben teljesen sima<br \/>\n\u2022 A felvon\u00f3tag befedhet\u0151<\/p>\n<p><strong>KIEG\u00c9SZ\u00cdT\u0150K<\/strong><br \/>\n\u2022 Teherhord\u00f3 r\u00e1csok<br \/>\n\u2022 Oldals\u00f3 v\u00e9d\u0151elem a fogad\u00f3akn\u00e1hoz<br \/>\n\u2022 Szintjelz\u0151<br \/>\n[\/vc_column_text][\/vc_column][\/vc_row]<\/p>\n<\/div>","protected":false},"excerpt":{"rendered":"<p>A Tornum \u00f6nki\u00fcr\u00edt\u0151 serleges \u00e9s l\u00e1ncos felvon\u00f3akn\u00e1k a gravit\u00e1ci\u00f3t haszn\u00e1lj\u00e1k a befogad\u00f3 ki\u00fcr\u00edt\u00e9s\u00e9re, \u00edgy ide\u00e1lisak betonalapba t\u00f6rt\u00e9n\u0151 \u00e1lland\u00f3 telep\u00edt\u00e9sre.<\/p>\n","protected":false},"featured_media":20801,"comment_status":"open","ping_status":"closed","template":"","meta":{"_acf_changed":false},"product_brand":[],"product_cat":[420,434,427,428,435,455,456],"product_tag":[457,458,431,459],"class_list":{"0":"post-22938","1":"product","2":"type-product","3":"status-publish","4":"has-post-thumbnail","6":"product_cat-minden-termek-hu","7":"product_cat-takarmanyok-hu","8":"product_cat-elelmiszer-hu","9":"product_cat-gabona-hu","10":"product_cat-anyagmozgatas","11":"product_cat-beadagolo-aknak-hu","12":"product_cat-beadagolo-aknak-storage-hu","13":"product_tag-bucket-hu","14":"product_tag-chain-hu","15":"product_tag-dryer-hu","16":"product_tag-elevator-hu","17":"pa_products-type-feed-hu","18":"description-off","20":"first","21":"instock","22":"shipping-taxable","23":"product-type-simple"},"acf":[],"_links":{"self":[{"href":"https:\/\/www.tornum.com\/hu\/wp-json\/wp\/v2\/product\/22938","targetHints":{"allow":["GET"]}}],"collection":[{"href":"https:\/\/www.tornum.com\/hu\/wp-json\/wp\/v2\/product"}],"about":[{"href":"https:\/\/www.tornum.com\/hu\/wp-json\/wp\/v2\/types\/product"}],"replies":[{"embeddable":true,"href":"https:\/\/www.tornum.com\/hu\/wp-json\/wp\/v2\/comments?post=22938"}],"version-history":[{"count":2,"href":"https:\/\/www.tornum.com\/hu\/wp-json\/wp\/v2\/product\/22938\/revisions"}],"predecessor-version":[{"id":22943,"href":"https:\/\/www.tornum.com\/hu\/wp-json\/wp\/v2\/product\/22938\/revisions\/22943"}],"wp:featuredmedia":[{"embeddable":true,"href":"https:\/\/www.tornum.com\/hu\/wp-json\/wp\/v2\/media\/20801"}],"wp:attachment":[{"href":"https:\/\/www.tornum.com\/hu\/wp-json\/wp\/v2\/media?parent=22938"}],"wp:term":[{"taxonomy":"product_brand","embeddable":true,"href":"https:\/\/www.tornum.com\/hu\/wp-json\/wp\/v2\/product_brand?post=22938"},{"taxonomy":"product_cat","embeddable":true,"href":"https:\/\/www.tornum.com\/hu\/wp-json\/wp\/v2\/product_cat?post=22938"},{"taxonomy":"product_tag","embeddable":true,"href":"https:\/\/www.tornum.com\/hu\/wp-json\/wp\/v2\/product_tag?post=22938"}],"curies":[{"name":"wp","href":"https:\/\/api.w.org\/{rel}","templated":true}]}}