{"id":22945,"date":"2023-01-29T20:07:08","date_gmt":"2023-01-29T20:07:08","guid":{"rendered":"https:\/\/www.tornum.com\/product\/buhler-grainplus-laga\/"},"modified":"2025-07-30T08:03:01","modified_gmt":"2025-07-30T08:03:01","slug":"buhler-grainplus-laga","status":"publish","type":"product","link":"https:\/\/www.tornum.com\/hu\/termek\/buhler-grainplus-laga\/","title":{"rendered":"B\u00dcHLER GRAINPLUS\u2122 \u2013 LAGA"},"content":{"rendered":"<div class=\"wpb-content-wrapper\"><p>[vc_row][vc_column width=&#8221;2\/3&#8243;][vc_column_text]A GrainPLUS\u2122 gabona tiszt\u00edt\u00e1s\u00e1ra tervezett, m\u00e9rs\u00e9kelt \u00e1rfekv\u00e9s\u0171 univerz\u00e1lis magtiszt\u00edt\u00f3, amely az \u00e1rpa finom tiszt\u00edt\u00e1s\u00e1ra \u00e9s oszt\u00e1lyoz\u00e1s\u00e1ra is haszn\u00e1lhat\u00f3. A GrainPLUS\u2122 olyan ipar\u00e1gak sz\u00e1m\u00e1ra k\u00e9sz\u00fclt, ahol a kapacit\u00e1s ir\u00e1nti k\u00f6vetelm\u00e9nyek alacsonyabbak, de fontos szempont a hossz\u00fa m\u0171k\u00f6d\u00e9si id\u0151 \u00e9s a probl\u00e9mamentes m\u0171k\u00f6d\u00e9s. A robusztus fel\u00e9p\u00edt\u00e9s garant\u00e1lja a hossz\u00fa \u00e9lettartamot. A GrainPLUS\u2122 3 k\u00fcl\u00f6nb\u00f6z\u0151 modellv\u00e1ltozatban \u00e9rhet\u0151 el, amelyek kapacit\u00e1sa 12-t\u0151l 50 t\/h \u00e9rt\u00e9kig terjed.[\/vc_column_text][\/vc_column][vc_column width=&#8221;1\/3&#8243;][vc_column_text]<strong>JELLEMZ\u0150K<\/strong><br \/>\n\u2022 Oszcill\u00e1l\u00f3 rostaszekr\u00e9ny egyenletes, r\u00e1zk\u00f3d\u00e1smentes m\u0171k\u00f6d\u00e9ssel<br \/>\n\u2022 A konstrukci\u00f3 csak minim\u00e1lis alapoz\u00e1st ig\u00e9nyel<br \/>\n\u2022 Ac\u00e9l rostakazett\u00e1k goly\u00f3s tiszt\u00edt\u00e1ssal<br \/>\n\u2022 A teljesen z\u00e1rt rostaszekr\u00e9ny pormentes k\u00f6rnyezetet biztos\u00edt<br \/>\n\u2022 Kimeneti szakasz emelked\u0151 l\u00e9gcsatorn\u00e1val<\/p>\n<p><strong>KIEG\u00c9SZ\u00cdT\u0150K<\/strong><br \/>\n\u2022 Bet\u00f6lt\u0151 szakasz l\u00e9gelsz\u00edv\u00f3val \u00e9s adagol\u00f3g\u00f6rg\u0151vel<br \/>\n\u2022 Kimeneti t\u00f6lcs\u00e9r m\u00e1gnessel<br \/>\n\u2022 Ciklon<br \/>\n\u2022 Ventil\u00e1tor<br \/>\n\u2022 Sz\u0171r\u0151[\/vc_column_text][\/vc_column][\/vc_row]<\/p>\n<\/div>","protected":false},"excerpt":{"rendered":"<p>A GrainPLUS\u2122 egy k\u00f6lts\u00e9ghat\u00e9kony univerz\u00e1lis tiszt\u00edt\u00f3g\u00e9p, amelyet els\u0151sorban gabona tiszt\u00edt\u00e1s\u00e1ra terveztek, de az \u00e1rpa finom tiszt\u00edt\u00e1s\u00e1ra \u00e9s oszt\u00e1lyoz\u00e1s\u00e1ra is alkalmas.<\/p>\n","protected":false},"featured_media":22076,"comment_status":"open","ping_status":"closed","template":"","meta":{"_acf_changed":false},"product_brand":[],"product_cat":[420,434,427,428,435,461],"product_tag":[462,463,438,439],"class_list":{"0":"post-22945","1":"product","2":"type-product","3":"status-publish","4":"has-post-thumbnail","6":"product_cat-minden-termek-hu","7":"product_cat-takarmanyok-hu","8":"product_cat-elelmiszer-hu","9":"product_cat-gabona-hu","10":"product_cat-anyagmozgatas","11":"product_cat-tisztitogepek-hu","12":"product_tag-cleaning-hu","13":"product_tag-dc-remover-hu","14":"product_tag-dust-hu","15":"product_tag-separation-hu","16":"pa_products-type-all-products-hu","17":"pa_products-type-feed-hu","18":"description-off","20":"first","21":"instock","22":"shipping-taxable","23":"product-type-simple"},"acf":[],"_links":{"self":[{"href":"https:\/\/www.tornum.com\/hu\/wp-json\/wp\/v2\/product\/22945","targetHints":{"allow":["GET"]}}],"collection":[{"href":"https:\/\/www.tornum.com\/hu\/wp-json\/wp\/v2\/product"}],"about":[{"href":"https:\/\/www.tornum.com\/hu\/wp-json\/wp\/v2\/types\/product"}],"replies":[{"embeddable":true,"href":"https:\/\/www.tornum.com\/hu\/wp-json\/wp\/v2\/comments?post=22945"}],"version-history":[{"count":3,"href":"https:\/\/www.tornum.com\/hu\/wp-json\/wp\/v2\/product\/22945\/revisions"}],"predecessor-version":[{"id":22951,"href":"https:\/\/www.tornum.com\/hu\/wp-json\/wp\/v2\/product\/22945\/revisions\/22951"}],"wp:featuredmedia":[{"embeddable":true,"href":"https:\/\/www.tornum.com\/hu\/wp-json\/wp\/v2\/media\/22076"}],"wp:attachment":[{"href":"https:\/\/www.tornum.com\/hu\/wp-json\/wp\/v2\/media?parent=22945"}],"wp:term":[{"taxonomy":"product_brand","embeddable":true,"href":"https:\/\/www.tornum.com\/hu\/wp-json\/wp\/v2\/product_brand?post=22945"},{"taxonomy":"product_cat","embeddable":true,"href":"https:\/\/www.tornum.com\/hu\/wp-json\/wp\/v2\/product_cat?post=22945"},{"taxonomy":"product_tag","embeddable":true,"href":"https:\/\/www.tornum.com\/hu\/wp-json\/wp\/v2\/product_tag?post=22945"}],"curies":[{"name":"wp","href":"https:\/\/api.w.org\/{rel}","templated":true}]}}