{"id":22953,"date":"2023-03-05T22:37:28","date_gmt":"2023-03-05T22:37:28","guid":{"rendered":"https:\/\/www.tornum.com\/product\/buhler-sma-laca\/"},"modified":"2025-07-30T08:22:07","modified_gmt":"2025-07-30T08:22:07","slug":"buhler-sma-lacb","status":"publish","type":"product","link":"https:\/\/www.tornum.com\/hu\/termek\/buhler-sma-lacb\/","title":{"rendered":"B\u00dcHLER SMA \u2013 LACB"},"content":{"rendered":"<div class=\"wpb-content-wrapper\"><p>[vc_row gap=&#8221;35&#8243;][vc_column width=&#8221;2\/3&#8243;][vc_column_text]<\/p>\n<h3><strong>UNIVERZ\u00c1LIS TISZT\u00cdT\u00d3G\u00c9P B\u00dcHLER LACB SMA 203-3 \/ 206-6<\/strong><\/h3>\n<p>Az SMA egy megfizethet\u0151 \u00e1r\u00fa univerz\u00e1lis tiszt\u00edt\u00f3g\u00e9p, amelyet a gabona tiszt\u00edt\u00e1s\u00e1ra terveztek, de alkalmas az \u00e1rpa finom tiszt\u00edt\u00e1s\u00e1ra \u00e9s oszt\u00e1lyoz\u00e1s\u00e1ra is. A robusztus kialak\u00edt\u00e1s hossz\u00fa \u00e9lettartamot \u00e9s probl\u00e9mamentes m\u0171k\u00f6d\u00e9st garant\u00e1l. Az SMA \u00f6t f\u00e9le kivitelben kaphat\u00f3 12 \u00e9s 220 tonna\/h k\u00f6z\u00f6tti teljes\u00edtm\u00e9nnyel.[\/vc_column_text][\/vc_column][vc_column width=&#8221;1\/3&#8243;][vc_column_text]<strong>JELLEMZ\u0150K<\/strong><br \/>\n\u2022 Oszcill\u00e1l\u00f3 rostaszekr\u00e9ny egyenletes, r\u00e1zk\u00f3d\u00e1smentes m\u0171k\u00f6d\u00e9ssel<br \/>\n\u2022 A konstrukci\u00f3 csak minim\u00e1lis alapoz\u00e1st ig\u00e9nyel<br \/>\n\u2022 Ac\u00e9l rostakazett\u00e1k goly\u00f3s tiszt\u00edt\u00e1ssal<br \/>\n\u2022 A teljesen z\u00e1rt rostaszekr\u00e9ny pormentes k\u00f6rnyezetet biztos\u00edt<br \/>\n\u2022 Kimeneti szakasz emelked\u0151 l\u00e9gcsatorn\u00e1val<br \/>\n\u2022 Bet\u00f6lt\u0151 szakasz l\u00e9gelsz\u00edv\u00f3val \u00e9s adagol\u00f3g\u00f6rg\u0151vel (203-as \u00e9s 206-os modellek)<\/p>\n<p><strong>KIEG\u00c9SZ\u00cdT\u0150K<\/strong><br \/>\n\u2022 Kimeneti t\u00f6lcs\u00e9r m\u00e1gnessel<br \/>\n\u2022 Ventil\u00e1tor<br \/>\n\u2022 Ciklon<br \/>\n\u2022 Sz\u0171r\u0151<br \/>\n[\/vc_column_text][\/vc_column][\/vc_row]<\/p>\n<\/div>","protected":false},"excerpt":{"rendered":"<div class=\"flex flex-grow flex-col gap-3 max-w-full\">\n<div class=\"min-h-[20px] flex flex-col items-start gap-3 overflow-x-auto whitespace-pre-wrap break-words\">\n<div class=\"markdown prose w-full break-words dark:prose-invert light\">\n<p>Az SMA egy robusztus \u00e9s megfizethet\u0151 \u00e1r\u00fa univerz\u00e1lis tiszt\u00edt\u00f3g\u00e9p, amelyet gabona tiszt\u00edt\u00e1s\u00e1ra, finom tiszt\u00edt\u00e1s\u00e1ra \u00e9s \u00e1rpa oszt\u00e1lyoz\u00e1s\u00e1ra terveztek. \u00d6t kivitelben kaphat\u00f3 12 \u00e9s 220 tonna\/h k\u00f6z\u00f6tti teljes\u00edtm\u00e9nnyel, hossz\u00fa t\u00e1v\u00fa, probl\u00e9mamentes m\u0171k\u00f6d\u00e9st biztos\u00edtva.<\/p>\n<\/div>\n<\/div>\n<\/div>\n","protected":false},"featured_media":48259,"comment_status":"open","ping_status":"closed","template":"","meta":{"_acf_changed":false},"product_brand":[],"product_cat":[420,427,428,435,461],"product_tag":[462,463,438,439],"class_list":{"0":"post-22953","1":"product","2":"type-product","3":"status-publish","4":"has-post-thumbnail","6":"product_cat-minden-termek-hu","7":"product_cat-elelmiszer-hu","8":"product_cat-gabona-hu","9":"product_cat-anyagmozgatas","10":"product_cat-tisztitogepek-hu","11":"product_tag-cleaning-hu","12":"product_tag-dc-remover-hu","13":"product_tag-dust-hu","14":"product_tag-separation-hu","15":"pa_products-type-all-products-hu","16":"pa_products-type-grain-hu","17":"description-off","19":"first","20":"instock","21":"shipping-taxable","22":"product-type-simple"},"acf":[],"_links":{"self":[{"href":"https:\/\/www.tornum.com\/hu\/wp-json\/wp\/v2\/product\/22953","targetHints":{"allow":["GET"]}}],"collection":[{"href":"https:\/\/www.tornum.com\/hu\/wp-json\/wp\/v2\/product"}],"about":[{"href":"https:\/\/www.tornum.com\/hu\/wp-json\/wp\/v2\/types\/product"}],"replies":[{"embeddable":true,"href":"https:\/\/www.tornum.com\/hu\/wp-json\/wp\/v2\/comments?post=22953"}],"version-history":[{"count":2,"href":"https:\/\/www.tornum.com\/hu\/wp-json\/wp\/v2\/product\/22953\/revisions"}],"predecessor-version":[{"id":22957,"href":"https:\/\/www.tornum.com\/hu\/wp-json\/wp\/v2\/product\/22953\/revisions\/22957"}],"wp:featuredmedia":[{"embeddable":true,"href":"https:\/\/www.tornum.com\/hu\/wp-json\/wp\/v2\/media\/48259"}],"wp:attachment":[{"href":"https:\/\/www.tornum.com\/hu\/wp-json\/wp\/v2\/media?parent=22953"}],"wp:term":[{"taxonomy":"product_brand","embeddable":true,"href":"https:\/\/www.tornum.com\/hu\/wp-json\/wp\/v2\/product_brand?post=22953"},{"taxonomy":"product_cat","embeddable":true,"href":"https:\/\/www.tornum.com\/hu\/wp-json\/wp\/v2\/product_cat?post=22953"},{"taxonomy":"product_tag","embeddable":true,"href":"https:\/\/www.tornum.com\/hu\/wp-json\/wp\/v2\/product_tag?post=22953"}],"curies":[{"name":"wp","href":"https:\/\/api.w.org\/{rel}","templated":true}]}}